{"id":96813,"date":"2026-02-11T19:36:50","date_gmt":"2026-02-11T16:36:50","guid":{"rendered":"https:\/\/paybuy.com.tr\/?product=boyundan-baglamali-fitted-vucuda-oturan-likrali-penye-bluz-ozenle-secilmis"},"modified":"2026-02-18T07:57:29","modified_gmt":"2026-02-18T04:57:29","slug":"boyundan-baglamali-fitted-vucuda-oturan-likrali-penye-bluz-ozenle-secilmis","status":"publish","type":"product","link":"https:\/\/paybuy.com.tr\/?product=boyundan-baglamali-fitted-vucuda-oturan-likrali-penye-bluz-ozenle-secilmis","title":{"rendered":"Boyundan Ba\u011flamal\u0131 Fitted V\u00fccuda Oturan Likral\u0131 Penye Bluz \u00d6zenle Se\u00e7ilmi\u015f"},"content":{"rendered":"<p>Yaz aylar\u0131n\u0131n vazge\u00e7ilmez par\u00e7as\u0131 olacak bu beyaz bluz, \u015f\u0131kl\u0131\u011f\u0131 ve rahatl\u0131\u011f\u0131 bir araya getiriyor.; Boyundan ba\u011flamal\u0131 tasar\u0131m\u0131yla dikkat \u00e7eken bluz, v\u00fccuda m\u00fckemmel oturan kal\u0131b\u0131yla her k\u0131yafetinizle harika bir uyum sa\u011flar.; Nefes alan likral\u0131 penye kuma\u015ftan \u00fcretilen bluz, g\u00fcn boyu konfor sunar.; Cepsiz tasar\u0131m\u0131yla minimal bir \u015f\u0131kl\u0131k sunarken, astars\u0131z yap\u0131s\u0131yla yaz s\u0131ca\u011f\u0131nda serin kalman\u0131za yard\u0131mc\u0131 olur.; G\u00fcnl\u00fck hayatta veya \u00f6zel davetlerde rahatl\u0131kla kullanabilece\u011finiz bu bluz, jean pantolonlar\u0131n\u0131zla, \u015fortlar\u0131n\u0131zla veya eteklerinizle m\u00fckemmel bir kombin olu\u015fturacakt\u0131r.; Likral\u0131 penye s\u00fcprem kuma\u015f\u0131n yumu\u015fak dokusu ve nefes alabilir yap\u0131s\u0131yla g\u00fcn boyu rahatl\u0131k hissedeceksiniz.; Fitted kal\u0131b\u0131 v\u00fccut hatlar\u0131n\u0131z\u0131 zarif\u00e7e ortaya koyarken, standart kol tasar\u0131m\u0131 size hareket \u00f6zg\u00fcrl\u00fc\u011f\u00fc sunar.; Boyundan ba\u011flamal\u0131 yaka detay\u0131 bluza modern ve \u015f\u0131k bir hava katar.; Makinede kolayca y\u0131kayabilece\u011finiz bu bluz, uzun s\u00fcreli kullan\u0131m i\u00e7in dayan\u0131kl\u0131 ve kalitelidir.; Beyaz rengi ile her kombininize uyum sa\u011flayacak olan bu bluz, beden aral\u0131\u011f\u0131nda mevcuttur.; Boyu crop kesim olup, y\u00fcksek belli pantolonlar veya eteklerle harika g\u00f6r\u00fcnecektir.; Bluzumuzu plaj kombinlerinizde, g\u00fcnl\u00fck \u015f\u0131kl\u0131k aray\u0131\u015flar\u0131n\u0131zda veya ak\u015fam yeme\u011fi davetlerinde kullanarak farkl\u0131 stillere uyum sa\u011flayabilirsiniz.; Birbirinden farkl\u0131 aksesuarlarla stilinizi tamamlayarak, tarz\u0131n\u0131z\u0131 ortaya koyabilirsiniz.; |Yaka Tipi: Boyundan Ba\u011flamal\u0131|Kol Tipi: Standart Kol|Kuma\u015f Tipi: \u00d6rme|Cep: Cepsiz|Astar Durumu: Astars\u0131z|Koleksiyon: Casual \/ G\u00fcnl\u00fck|Ortam: G\u00fcnd\u00fcz \/ Gece|Dokuma Tipi: Likral\u0131 Penye S\u00fcprem|Kemer\/Ku\u015fak Durumu: Kemersiz|Materyal Bile\u015feni: 100% Pamuk|Sezon: Yaz<\/p>\n","protected":false},"excerpt":{"rendered":"<p>Yaz aylar\u0131n\u0131n vazge\u00e7ilmez par\u00e7as\u0131 olacak bu beyaz bluz, \u015f\u0131kl\u0131\u011f\u0131 ve rahatl\u0131\u011f\u0131 bir araya getiriyor.; Boyundan ba\u011flamal\u0131 tasar\u0131m\u0131yla dikkat \u00e7eken bluz, v\u00fccuda m\u00fckemmel oturan kal\u0131b\u0131yla her k\u0131yafetinizle harika bir uyum sa\u011flar.; Nefes alan likral\u0131 penye kuma\u015ftan \u00fcretilen bluz, g\u00fcn boyu konfor sunar.; Cepsiz tasar\u0131m\u0131yla minimal bir \u015f\u0131kl\u0131k sunarken, astars\u0131z yap\u0131s\u0131yla yaz s\u0131ca\u011f\u0131nda serin kalman\u0131za yard\u0131mc\u0131 olur.; [&#8230;]\n","protected":false},"featured_media":96829,"comment_status":"open","ping_status":"closed","template":"","meta":[],"product_brand":[322],"product_cat":[1057],"product_tag":[],"class_list":{"0":"post-96813","1":"product","2":"type-product","3":"status-publish","4":"has-post-thumbnail","6":"product_brand-paybuy","7":"product_cat-bluz","9":"first","10":"instock","11":"sale","12":"taxable","13":"shipping-taxable","14":"purchasable","15":"product-type-variable"},"_links":{"self":[{"href":"https:\/\/paybuy.com.tr\/index.php?rest_route=\/wp\/v2\/product\/96813","targetHints":{"allow":["GET"]}}],"collection":[{"href":"https:\/\/paybuy.com.tr\/index.php?rest_route=\/wp\/v2\/product"}],"about":[{"href":"https:\/\/paybuy.com.tr\/index.php?rest_route=\/wp\/v2\/types\/product"}],"replies":[{"embeddable":true,"href":"https:\/\/paybuy.com.tr\/index.php?rest_route=%2Fwp%2Fv2%2Fcomments&post=96813"}],"wp:featuredmedia":[{"embeddable":true,"href":"https:\/\/paybuy.com.tr\/index.php?rest_route=\/wp\/v2\/media\/96829"}],"wp:attachment":[{"href":"https:\/\/paybuy.com.tr\/index.php?rest_route=%2Fwp%2Fv2%2Fmedia&parent=96813"}],"wp:term":[{"taxonomy":"product_brand","embeddable":true,"href":"https:\/\/paybuy.com.tr\/index.php?rest_route=%2Fwp%2Fv2%2Fproduct_brand&post=96813"},{"taxonomy":"product_cat","embeddable":true,"href":"https:\/\/paybuy.com.tr\/index.php?rest_route=%2Fwp%2Fv2%2Fproduct_cat&post=96813"},{"taxonomy":"product_tag","embeddable":true,"href":"https:\/\/paybuy.com.tr\/index.php?rest_route=%2Fwp%2Fv2%2Fproduct_tag&post=96813"}],"curies":[{"name":"wp","href":"https:\/\/api.w.org\/{rel}","templated":true}]}}