{"id":82646,"date":"2026-02-11T07:32:28","date_gmt":"2026-02-11T04:32:28","guid":{"rendered":"https:\/\/paybuy.com.tr\/?product=tek-kullanimlik-onluk-2031-pratik-30-gr-beyaz-onluk"},"modified":"2026-02-17T23:12:44","modified_gmt":"2026-02-17T20:12:44","slug":"tek-kullanimlik-onluk-2031-pratik-30-gr-beyaz-onluk","status":"publish","type":"product","link":"https:\/\/paybuy.com.tr\/?product=tek-kullanimlik-onluk-2031-pratik-30-gr-beyaz-onluk","title":{"rendered":"Tek Kullan\u0131ml\u0131k \u00d6nl\u00fck 2031 Pratik 30 Gr Beyaz \u00d6nl\u00fck"},"content":{"rendered":"<p>Tek Kullan\u0131ml\u0131k \u00d6nl\u00fck 2031 Pratik 30 Gr Beyaz \u00d6nl\u00fck<\/p>\n","protected":false},"excerpt":{"rendered":"<p>Tek Kullan\u0131ml\u0131k \u00d6nl\u00fck 2031 Pratik 30 Gr Beyaz \u00d6nl\u00fck<\/p>\n","protected":false},"featured_media":82649,"comment_status":"open","ping_status":"closed","template":"","meta":[],"product_brand":[322],"product_cat":[1050],"product_tag":[],"class_list":{"0":"post-82646","1":"product","2":"type-product","3":"status-publish","4":"has-post-thumbnail","6":"product_brand-paybuy","7":"product_cat-is-onlukleri","9":"first","10":"instock","11":"sale","12":"taxable","13":"shipping-taxable","14":"purchasable","15":"product-type-variable"},"_links":{"self":[{"href":"https:\/\/paybuy.com.tr\/index.php?rest_route=\/wp\/v2\/product\/82646","targetHints":{"allow":["GET"]}}],"collection":[{"href":"https:\/\/paybuy.com.tr\/index.php?rest_route=\/wp\/v2\/product"}],"about":[{"href":"https:\/\/paybuy.com.tr\/index.php?rest_route=\/wp\/v2\/types\/product"}],"replies":[{"embeddable":true,"href":"https:\/\/paybuy.com.tr\/index.php?rest_route=%2Fwp%2Fv2%2Fcomments&post=82646"}],"wp:featuredmedia":[{"embeddable":true,"href":"https:\/\/paybuy.com.tr\/index.php?rest_route=\/wp\/v2\/media\/82649"}],"wp:attachment":[{"href":"https:\/\/paybuy.com.tr\/index.php?rest_route=%2Fwp%2Fv2%2Fmedia&parent=82646"}],"wp:term":[{"taxonomy":"product_brand","embeddable":true,"href":"https:\/\/paybuy.com.tr\/index.php?rest_route=%2Fwp%2Fv2%2Fproduct_brand&post=82646"},{"taxonomy":"product_cat","embeddable":true,"href":"https:\/\/paybuy.com.tr\/index.php?rest_route=%2Fwp%2Fv2%2Fproduct_cat&post=82646"},{"taxonomy":"product_tag","embeddable":true,"href":"https:\/\/paybuy.com.tr\/index.php?rest_route=%2Fwp%2Fv2%2Fproduct_tag&post=82646"}],"curies":[{"name":"wp","href":"https:\/\/api.w.org\/{rel}","templated":true}]}}