{"id":82625,"date":"2026-02-11T07:31:57","date_gmt":"2026-02-11T04:31:57","guid":{"rendered":"https:\/\/paybuy.com.tr\/?product=kadin-erkek-rahat-yazlik-terlik-9001-magiacomfort-eva-hafif-sik"},"modified":"2026-02-25T14:18:34","modified_gmt":"2026-02-25T11:18:34","slug":"kadin-erkek-rahat-yazlik-terlik-9001-magiacomfort-eva-hafif-sik","status":"publish","type":"product","link":"https:\/\/paybuy.com.tr\/?product=kadin-erkek-rahat-yazlik-terlik-9001-magiacomfort-eva-hafif-sik","title":{"rendered":"Kad\u0131n Erkek Rahat Yazl\u0131k Terlik 9001 Magiacomfort eva Hafif \u015e\u0131k"},"content":{"rendered":"<div id=\"rich-content-wrapper\">\n<p>Yaz aylar\u0131n\u0131n vazge\u00e7ilmezi, \u015f\u0131k ve rahat siyah beyaz terlikler aya\u011f\u0131n\u0131za kavu\u015fuyor! Hem kad\u0131nlar hem de erkekler i\u00e7in ideal olan bu terlikler, g\u00fcnl\u00fck kullan\u0131m i\u00e7in m\u00fckemmel bir se\u00e7imdir. Hafif yap\u0131s\u0131yla g\u00fcn boyu konfor sunarken, \u015f\u0131k tasar\u0131m\u0131yla da tarz\u0131n\u0131z\u0131 tamamlayacakt\u0131r.<\/p>\n<p>\u00dcst\u00fcn kaliteli malzemeden \u00fcretilen terlikler, uzun s\u00fcreli kullan\u0131m i\u00e7in dayan\u0131kl\u0131d\u0131r. Kolay temizlenebilir yap\u0131s\u0131yla pratiklik sunar ve her ortama uyum sa\u011flar. \u0130ster plajda ister havuz ba\u015f\u0131nda, ister evde veya d\u0131\u015far\u0131da, bu terlikler her yerde sizinle.<\/p>\n<p>Modern ve minimalist tasar\u0131m\u0131yla dikkat \u00e7eken terlikler, siyah ve beyaz renklerin uyumuyla her k\u0131yafetinize uyum sa\u011flar. Ayakkab\u0131lar\u0131n yap\u0131s\u0131, aya\u011f\u0131n\u0131z\u0131 s\u0131kmadan rahat bir kullan\u0131m sa\u011flar. Topuk k\u0131sm\u0131ndaki destek aya\u011f\u0131n\u0131z\u0131n rahatl\u0131\u011f\u0131n\u0131 art\u0131r\u0131rken, taban k\u0131sm\u0131ndaki desen ise kaymay\u0131 \u00f6nler.<\/p>\n<p>Terlikler, hafif ve esnek yap\u0131s\u0131yla ayak sa\u011fl\u0131\u011f\u0131n\u0131z\u0131 destekler. G\u00fcnl\u00fck aktivitelerinizde veya seyahatlerinizde rahatl\u0131k ve \u015f\u0131kl\u0131\u011f\u0131 bir arada ya\u015faman\u0131z\u0131 sa\u011flar. Temizli\u011fi olduk\u00e7a kolayd\u0131r; nemli bir bez ile rahat\u00e7a temizleyebilirsiniz. Yaz s\u0131caklar\u0131nda serin ve konforlu hissetmek i\u00e7in idealdir. Ayr\u0131ca, suya dayan\u0131kl\u0131 yap\u0131s\u0131 sayesinde ya\u011fmurlu havalarda da rahatl\u0131kla kullan\u0131labilir.<\/p>\n<p>Bu terliklerle, hem \u015f\u0131k hem de rahat bir yaz ge\u00e7ireceksiniz. \u015eimdi sipari\u015f verin ve bu konforlu deneyimi ya\u015fay\u0131n!<\/p>\n<\/div>\n","protected":false},"excerpt":{"rendered":"<p>Yaz aylar\u0131n\u0131n vazge\u00e7ilmezi, \u015f\u0131k ve rahat siyah beyaz terlikler aya\u011f\u0131n\u0131za kavu\u015fuyor! Hem kad\u0131nlar hem de erkekler i\u00e7in ideal olan bu terlikler, g\u00fcnl\u00fck kullan\u0131m i\u00e7in m\u00fckemmel bir se\u00e7imdir. Hafif yap\u0131s\u0131yla g\u00fcn boyu konfor sunarken, \u015f\u0131k tasar\u0131m\u0131yla da tarz\u0131n\u0131z\u0131 tamamlayacakt\u0131r. \u00dcst\u00fcn kaliteli malzemeden \u00fcretilen terlikler, uzun s\u00fcreli kullan\u0131m i\u00e7in dayan\u0131kl\u0131d\u0131r. Kolay temizlenebilir yap\u0131s\u0131yla pratiklik sunar ve her [&#8230;]\n","protected":false},"featured_media":82636,"comment_status":"open","ping_status":"closed","template":"","meta":[],"product_brand":[322],"product_cat":[1033],"product_tag":[],"class_list":{"0":"post-82625","1":"product","2":"type-product","3":"status-publish","4":"has-post-thumbnail","6":"product_brand-paybuy","7":"product_cat-is-terlikleri","9":"first","10":"instock","11":"taxable","12":"shipping-taxable","13":"purchasable","14":"product-type-variable"},"_links":{"self":[{"href":"https:\/\/paybuy.com.tr\/index.php?rest_route=\/wp\/v2\/product\/82625","targetHints":{"allow":["GET"]}}],"collection":[{"href":"https:\/\/paybuy.com.tr\/index.php?rest_route=\/wp\/v2\/product"}],"about":[{"href":"https:\/\/paybuy.com.tr\/index.php?rest_route=\/wp\/v2\/types\/product"}],"replies":[{"embeddable":true,"href":"https:\/\/paybuy.com.tr\/index.php?rest_route=%2Fwp%2Fv2%2Fcomments&post=82625"}],"wp:featuredmedia":[{"embeddable":true,"href":"https:\/\/paybuy.com.tr\/index.php?rest_route=\/wp\/v2\/media\/82636"}],"wp:attachment":[{"href":"https:\/\/paybuy.com.tr\/index.php?rest_route=%2Fwp%2Fv2%2Fmedia&parent=82625"}],"wp:term":[{"taxonomy":"product_brand","embeddable":true,"href":"https:\/\/paybuy.com.tr\/index.php?rest_route=%2Fwp%2Fv2%2Fproduct_brand&post=82625"},{"taxonomy":"product_cat","embeddable":true,"href":"https:\/\/paybuy.com.tr\/index.php?rest_route=%2Fwp%2Fv2%2Fproduct_cat&post=82625"},{"taxonomy":"product_tag","embeddable":true,"href":"https:\/\/paybuy.com.tr\/index.php?rest_route=%2Fwp%2Fv2%2Fproduct_tag&post=82625"}],"curies":[{"name":"wp","href":"https:\/\/api.w.org\/{rel}","templated":true}]}}