{"id":82400,"date":"2026-02-11T07:27:51","date_gmt":"2026-02-11T04:27:51","guid":{"rendered":"https:\/\/paybuy.com.tr\/?product=mekap-bot-bold-61-siyah-is-ayakkabisi"},"modified":"2026-02-17T23:11:02","modified_gmt":"2026-02-17T20:11:02","slug":"mekap-bot-bold-61-siyah-is-ayakkabisi","status":"publish","type":"product","link":"https:\/\/paybuy.com.tr\/?product=mekap-bot-bold-61-siyah-is-ayakkabisi","title":{"rendered":"Mekap Bot Bold 61 Siyah \u0130\u015f Ayakkab\u0131s\u0131"},"content":{"rendered":"<p>Mekap Bot Bold 61 Siyah \u0130\u015f Ayakkab\u0131s\u0131<\/p>\n","protected":false},"excerpt":{"rendered":"<p>Mekap Bot Bold 61 Siyah \u0130\u015f Ayakkab\u0131s\u0131<\/p>\n","protected":false},"featured_media":82413,"comment_status":"open","ping_status":"closed","template":"","meta":[],"product_brand":[322],"product_cat":[1048],"product_tag":[],"class_list":{"0":"post-82400","1":"product","2":"type-product","3":"status-publish","4":"has-post-thumbnail","6":"product_brand-paybuy","7":"product_cat-klasik-is-ayakkabilari-klasik-is-botlari","9":"first","10":"instock","11":"sale","12":"taxable","13":"shipping-taxable","14":"purchasable","15":"product-type-variable"},"_links":{"self":[{"href":"https:\/\/paybuy.com.tr\/index.php?rest_route=\/wp\/v2\/product\/82400","targetHints":{"allow":["GET"]}}],"collection":[{"href":"https:\/\/paybuy.com.tr\/index.php?rest_route=\/wp\/v2\/product"}],"about":[{"href":"https:\/\/paybuy.com.tr\/index.php?rest_route=\/wp\/v2\/types\/product"}],"replies":[{"embeddable":true,"href":"https:\/\/paybuy.com.tr\/index.php?rest_route=%2Fwp%2Fv2%2Fcomments&post=82400"}],"wp:featuredmedia":[{"embeddable":true,"href":"https:\/\/paybuy.com.tr\/index.php?rest_route=\/wp\/v2\/media\/82413"}],"wp:attachment":[{"href":"https:\/\/paybuy.com.tr\/index.php?rest_route=%2Fwp%2Fv2%2Fmedia&parent=82400"}],"wp:term":[{"taxonomy":"product_brand","embeddable":true,"href":"https:\/\/paybuy.com.tr\/index.php?rest_route=%2Fwp%2Fv2%2Fproduct_brand&post=82400"},{"taxonomy":"product_cat","embeddable":true,"href":"https:\/\/paybuy.com.tr\/index.php?rest_route=%2Fwp%2Fv2%2Fproduct_cat&post=82400"},{"taxonomy":"product_tag","embeddable":true,"href":"https:\/\/paybuy.com.tr\/index.php?rest_route=%2Fwp%2Fv2%2Fproduct_tag&post=82400"}],"curies":[{"name":"wp","href":"https:\/\/api.w.org\/{rel}","templated":true}]}}