{"id":82383,"date":"2026-02-11T07:27:33","date_gmt":"2026-02-11T04:27:33","guid":{"rendered":"https:\/\/paybuy.com.tr\/?product=bold-07-siyah-is-ayakkabisi"},"modified":"2026-02-17T23:10:52","modified_gmt":"2026-02-17T20:10:52","slug":"bold-07-siyah-is-ayakkabisi","status":"publish","type":"product","link":"https:\/\/paybuy.com.tr\/?product=bold-07-siyah-is-ayakkabisi","title":{"rendered":"Bold 07 Siyah \u0130\u015f Ayakkab\u0131s\u0131"},"content":{"rendered":"<p>Bold 07 Siyah \u0130\u015f Ayakkab\u0131s\u0131<\/p>\n","protected":false},"excerpt":{"rendered":"<p>Bold 07 Siyah \u0130\u015f Ayakkab\u0131s\u0131<\/p>\n","protected":false},"featured_media":82396,"comment_status":"open","ping_status":"closed","template":"","meta":[],"product_brand":[322],"product_cat":[1040],"product_tag":[],"class_list":{"0":"post-82383","1":"product","2":"type-product","3":"status-publish","4":"has-post-thumbnail","6":"product_brand-paybuy","7":"product_cat-celiksiz-is-ayakkabilari-ve-botlari","9":"first","10":"instock","11":"sale","12":"taxable","13":"shipping-taxable","14":"purchasable","15":"product-type-variable"},"_links":{"self":[{"href":"https:\/\/paybuy.com.tr\/index.php?rest_route=\/wp\/v2\/product\/82383","targetHints":{"allow":["GET"]}}],"collection":[{"href":"https:\/\/paybuy.com.tr\/index.php?rest_route=\/wp\/v2\/product"}],"about":[{"href":"https:\/\/paybuy.com.tr\/index.php?rest_route=\/wp\/v2\/types\/product"}],"replies":[{"embeddable":true,"href":"https:\/\/paybuy.com.tr\/index.php?rest_route=%2Fwp%2Fv2%2Fcomments&post=82383"}],"wp:featuredmedia":[{"embeddable":true,"href":"https:\/\/paybuy.com.tr\/index.php?rest_route=\/wp\/v2\/media\/82396"}],"wp:attachment":[{"href":"https:\/\/paybuy.com.tr\/index.php?rest_route=%2Fwp%2Fv2%2Fmedia&parent=82383"}],"wp:term":[{"taxonomy":"product_brand","embeddable":true,"href":"https:\/\/paybuy.com.tr\/index.php?rest_route=%2Fwp%2Fv2%2Fproduct_brand&post=82383"},{"taxonomy":"product_cat","embeddable":true,"href":"https:\/\/paybuy.com.tr\/index.php?rest_route=%2Fwp%2Fv2%2Fproduct_cat&post=82383"},{"taxonomy":"product_tag","embeddable":true,"href":"https:\/\/paybuy.com.tr\/index.php?rest_route=%2Fwp%2Fv2%2Fproduct_tag&post=82383"}],"curies":[{"name":"wp","href":"https:\/\/api.w.org\/{rel}","templated":true}]}}