{"id":81605,"date":"2026-02-11T07:14:56","date_gmt":"2026-02-11T04:14:56","guid":{"rendered":"https:\/\/paybuy.com.tr\/?product=232-jeriko-cilt-deri-s1-siyah-is-ayakkabisi"},"modified":"2026-02-25T14:18:36","modified_gmt":"2026-02-25T11:18:36","slug":"232-jeriko-cilt-deri-s1-siyah-is-ayakkabisi","status":"publish","type":"product","link":"https:\/\/paybuy.com.tr\/?product=232-jeriko-cilt-deri-s1-siyah-is-ayakkabisi","title":{"rendered":"232 Jeriko Cilt Deri S1 Siyah \u0130\u015f Ayakkab\u0131s\u0131"},"content":{"rendered":"<p>232 Jeriko Cilt Deri S1 Siyah \u0130\u015f Ayakkab\u0131s\u0131<\/p>\n","protected":false},"excerpt":{"rendered":"<p>232 Jeriko Cilt Deri S1 Siyah \u0130\u015f Ayakkab\u0131s\u0131<\/p>\n","protected":false},"featured_media":81619,"comment_status":"open","ping_status":"closed","template":"","meta":[],"product_brand":[322],"product_cat":[1046],"product_tag":[],"class_list":{"0":"post-81605","1":"product","2":"type-product","3":"status-publish","4":"has-post-thumbnail","6":"product_brand-paybuy","7":"product_cat-celik-burunlu-is-ayakkabilari-botlari","9":"first","10":"instock","11":"sale","12":"taxable","13":"shipping-taxable","14":"purchasable","15":"product-type-variable"},"_links":{"self":[{"href":"https:\/\/paybuy.com.tr\/index.php?rest_route=\/wp\/v2\/product\/81605","targetHints":{"allow":["GET"]}}],"collection":[{"href":"https:\/\/paybuy.com.tr\/index.php?rest_route=\/wp\/v2\/product"}],"about":[{"href":"https:\/\/paybuy.com.tr\/index.php?rest_route=\/wp\/v2\/types\/product"}],"replies":[{"embeddable":true,"href":"https:\/\/paybuy.com.tr\/index.php?rest_route=%2Fwp%2Fv2%2Fcomments&post=81605"}],"wp:featuredmedia":[{"embeddable":true,"href":"https:\/\/paybuy.com.tr\/index.php?rest_route=\/wp\/v2\/media\/81619"}],"wp:attachment":[{"href":"https:\/\/paybuy.com.tr\/index.php?rest_route=%2Fwp%2Fv2%2Fmedia&parent=81605"}],"wp:term":[{"taxonomy":"product_brand","embeddable":true,"href":"https:\/\/paybuy.com.tr\/index.php?rest_route=%2Fwp%2Fv2%2Fproduct_brand&post=81605"},{"taxonomy":"product_cat","embeddable":true,"href":"https:\/\/paybuy.com.tr\/index.php?rest_route=%2Fwp%2Fv2%2Fproduct_cat&post=81605"},{"taxonomy":"product_tag","embeddable":true,"href":"https:\/\/paybuy.com.tr\/index.php?rest_route=%2Fwp%2Fv2%2Fproduct_tag&post=81605"}],"curies":[{"name":"wp","href":"https:\/\/api.w.org\/{rel}","templated":true}]}}