{"id":81284,"date":"2026-02-10T23:06:30","date_gmt":"2026-02-10T20:06:30","guid":{"rendered":"https:\/\/paybuy.com.tr\/?product=delta-plus-is-guvenligi-ayakkabisi-s1p-miami-src"},"modified":"2026-02-17T23:02:11","modified_gmt":"2026-02-17T20:02:11","slug":"delta-plus-is-guvenligi-ayakkabisi-s1p-miami-src","status":"publish","type":"product","link":"https:\/\/paybuy.com.tr\/?product=delta-plus-is-guvenligi-ayakkabisi-s1p-miami-src","title":{"rendered":"Delta Plus \u0130\u015f G\u00fcvenli\u011fi Ayakkab\u0131s\u0131 S1p M\u0131am\u0131 Src"},"content":{"rendered":"<div id=\"rich-content-wrapper\">\n<p>Delta Plus marka, mavi ve gri renk kombinasyonuna sahip, \u015f\u0131k ve i\u015flevsel bir i\u015f g\u00fcvenli\u011fi ayakkab\u0131s\u0131d\u0131r.<\/p>\n<p>Hafif ve rahat yap\u0131s\u0131yla uzun s\u00fcreli kullan\u0131mda bile konfor sunar. Nefes alabilen kuma\u015f \u00fcst y\u00fczeyi, ayaklar\u0131n\u0131z\u0131n g\u00fcn boyu kuru ve serin kalmas\u0131na yard\u0131mc\u0131 olur.<\/p>\n<p>S1P SRC sertifikal\u0131d\u0131r; bu sayede i\u015f kazalar\u0131na kar\u015f\u0131 y\u00fcksek koruma sa\u011flar. \u00c7elik burun ve anti-delici taban, ayaklar\u0131n\u0131z\u0131 darbelere ve batmalara kar\u015f\u0131 korur.<\/p>\n<p>Kaymaz taban \u00f6zelli\u011fi ile g\u00fcvenli bir tutu\u015f sa\u011flar. D\u00fcz taban yap\u0131s\u0131 sayesinde yorulmadan hareket etmenizi m\u00fcmk\u00fcn k\u0131lar.<\/p>\n<p>G\u00fcnl\u00fck i\u015f hayat\u0131n\u0131zda, hafif imalat, depolama ve servis sekt\u00f6rlerinde rahatl\u0131kla kullanabilirsiniz.<\/p>\n<p>Slip-on tasar\u0131m\u0131 sayesinde kolayca giyip \u00e7\u0131karabilirsiniz. \u00c7ekme ask\u0131s\u0131 sayesinde giyilmesi kolayd\u0131r.<\/p>\n<p>G\u00fcnl\u00fck i\u015f hayat\u0131n\u0131zda, hafif imalat, depolama ve servis sekt\u00f6rlerinde rahatl\u0131kla kullanabilece\u011finiz Delta Plus \u0130\u015f G\u00fcvenli\u011fi Ayakkab\u0131s\u0131 ile konfor ve g\u00fcvenli\u011fi bir arada ya\u015fay\u0131n.<\/p>\n<p><b>Teknik \u00d6zellikler:<\/b><\/p>\n<p>Marka: Delta Plus<\/p>\n<p>Renk: Mavi ve Gri<\/p>\n<p>Materyal: Kuma\u015f ve S\u00fcet<\/p>\n<p>Sertifikalar: S1P SRC<\/p>\n<p>Koruma \u00d6zellikleri: \u00c7elik burun, anti-delici taban, kaymaz taban<\/p>\n<p>Kapan\u0131\u015f Tipi: Slip-on<\/p>\n<\/div>\n","protected":false},"excerpt":{"rendered":"<p>Delta Plus marka, mavi ve gri renk kombinasyonuna sahip, \u015f\u0131k ve i\u015flevsel bir i\u015f g\u00fcvenli\u011fi ayakkab\u0131s\u0131d\u0131r. Hafif ve rahat yap\u0131s\u0131yla uzun s\u00fcreli kullan\u0131mda bile konfor sunar. Nefes alabilen kuma\u015f \u00fcst y\u00fczeyi, ayaklar\u0131n\u0131z\u0131n g\u00fcn boyu kuru ve serin kalmas\u0131na yard\u0131mc\u0131 olur. S1P SRC sertifikal\u0131d\u0131r; bu sayede i\u015f kazalar\u0131na kar\u015f\u0131 y\u00fcksek koruma sa\u011flar. \u00c7elik burun ve anti-delici [&#8230;]\n","protected":false},"featured_media":81309,"comment_status":"open","ping_status":"closed","template":"","meta":[],"product_brand":[322],"product_cat":[1046],"product_tag":[],"class_list":{"0":"post-81284","1":"product","2":"type-product","3":"status-publish","4":"has-post-thumbnail","6":"product_brand-paybuy","7":"product_cat-celik-burunlu-is-ayakkabilari-botlari","9":"first","10":"instock","11":"sale","12":"taxable","13":"shipping-taxable","14":"purchasable","15":"product-type-variable"},"_links":{"self":[{"href":"https:\/\/paybuy.com.tr\/index.php?rest_route=\/wp\/v2\/product\/81284","targetHints":{"allow":["GET"]}}],"collection":[{"href":"https:\/\/paybuy.com.tr\/index.php?rest_route=\/wp\/v2\/product"}],"about":[{"href":"https:\/\/paybuy.com.tr\/index.php?rest_route=\/wp\/v2\/types\/product"}],"replies":[{"embeddable":true,"href":"https:\/\/paybuy.com.tr\/index.php?rest_route=%2Fwp%2Fv2%2Fcomments&post=81284"}],"wp:featuredmedia":[{"embeddable":true,"href":"https:\/\/paybuy.com.tr\/index.php?rest_route=\/wp\/v2\/media\/81309"}],"wp:attachment":[{"href":"https:\/\/paybuy.com.tr\/index.php?rest_route=%2Fwp%2Fv2%2Fmedia&parent=81284"}],"wp:term":[{"taxonomy":"product_brand","embeddable":true,"href":"https:\/\/paybuy.com.tr\/index.php?rest_route=%2Fwp%2Fv2%2Fproduct_brand&post=81284"},{"taxonomy":"product_cat","embeddable":true,"href":"https:\/\/paybuy.com.tr\/index.php?rest_route=%2Fwp%2Fv2%2Fproduct_cat&post=81284"},{"taxonomy":"product_tag","embeddable":true,"href":"https:\/\/paybuy.com.tr\/index.php?rest_route=%2Fwp%2Fv2%2Fproduct_tag&post=81284"}],"curies":[{"name":"wp","href":"https:\/\/api.w.org\/{rel}","templated":true}]}}