{"id":203980,"date":"2026-02-18T21:13:57","date_gmt":"2026-02-18T18:13:57","guid":{"rendered":"https:\/\/paybuy.com.tr\/?product=termal-pos-rulo-8-adet-rulo-80mmx80m-uyumlu"},"modified":"2026-02-25T16:56:22","modified_gmt":"2026-02-25T13:56:22","slug":"termal-pos-rulo-8-adet-rulo-80mmx80m-uyumlu","status":"publish","type":"product","link":"https:\/\/paybuy.com.tr\/?product=termal-pos-rulo-8-adet-rulo-80mmx80m-uyumlu","title":{"rendered":"Termal POS Rulo 8 Adet Rulo 80mmx80m uyumlu"},"content":{"rendered":"<p>8 adet rulo termal rulolar, yazar kasa ve pos cihazlar\u0131 i\u00e7in \u00f6zel olarak \u00fcretilmi\u015f olup, y\u00fcksek kaliteli 48gr\/m2 ka\u011f\u0131ttan yap\u0131lm\u0131\u015ft\u0131r.; &#8211; Is\u0131ya duyarl\u0131 yap\u0131s\u0131 sayesinde, yaz\u0131c\u0131larda net ve okunakl\u0131 bask\u0131lar elde edilmesini sa\u011flar.; &#8211; Sa\u011flam rulo tasar\u0131m\u0131 ve dayan\u0131kl\u0131 yap\u0131s\u0131, uzun s\u00fcreli kullan\u0131mlarda bile performans\u0131n\u0131 korur.; &#8211; Farkl\u0131 marka ve model cihazlarla uyumlu olarak kullan\u0131labilen bu rulolar, i\u015f yerlerinizde kesintisiz ve verimli bir \u00e7al\u0131\u015fma ortam\u0131 sunar.; &#8211; Y\u00fcksek bask\u0131 kalitesi, dayan\u0131kl\u0131 yap\u0131s\u0131 ve uygun boyutlar\u0131 ile ticari alanlarda g\u00fcvenle tercih edebilece\u011finiz bu termal rulolar, i\u015f s\u00fcre\u00e7lerinizi kolayla\u015ft\u0131r\u0131r.; &#8211; y\u00fcksek kalite: Bu termal ka\u011f\u0131t rulolar, y\u00fcksek \u00e7\u00f6z\u00fcn\u00fcrl\u00fckl\u00fc ve net bask\u0131 alabilmeniz i\u00e7in \u00f6zel olarak tasarlanm\u0131\u015ft\u0131r.; &#8211; uyumlu boyutlar ve tam metraj: Standart boyutlara sahip bu rulolar, \u00e7o\u011fu kasa ve pos sistemleriyle uyumlu \u00e7al\u0131\u015f\u0131r.; &#8211; Metraj tam d\u0131r.; &#8211; Metrajlar\u0131m\u0131z firmam\u0131zca garanti alt\u0131ndad\u0131r.; &#8211; kolay kullan\u0131m: H\u0131zl\u0131 ve sorunsuz bir \u015fekilde de\u011fi\u015ftirilebilen bu rulolar, i\u015finizi kolayla\u015ft\u0131r\u0131r.; &#8211; uzun \u00f6m\u00fcrl\u00fc: Dayan\u0131kl\u0131 malzemeden \u00fcretilen bu termal rulolar, uzun s\u00fcre kullan\u0131m sa\u011flar.; &#8211; ekonomik se\u00e7enek: Bu termal rulolar, uygun fiyatlar\u0131yla i\u015fletmeniz i\u00e7in ekonomik bir se\u00e7enektir.<\/p>\n","protected":false},"excerpt":{"rendered":"<p>8 adet rulo termal rulolar, yazar kasa ve pos cihazlar\u0131 i\u00e7in \u00f6zel olarak \u00fcretilmi\u015f olup, y\u00fcksek kaliteli 48gr\/m2 ka\u011f\u0131ttan yap\u0131lm\u0131\u015ft\u0131r.; &#8211; Is\u0131ya duyarl\u0131 yap\u0131s\u0131 sayesinde, yaz\u0131c\u0131larda net ve okunakl\u0131 bask\u0131lar elde edilmesini sa\u011flar.; &#8211; Sa\u011flam rulo tasar\u0131m\u0131 ve dayan\u0131kl\u0131 yap\u0131s\u0131, uzun s\u00fcreli kullan\u0131mlarda bile performans\u0131n\u0131 korur.; &#8211; Farkl\u0131 marka ve model cihazlarla uyumlu olarak kullan\u0131labilen [&#8230;]\n","protected":false},"featured_media":203983,"comment_status":"open","ping_status":"closed","template":"","meta":[],"product_brand":[320],"product_cat":[1005],"product_tag":[],"class_list":{"0":"post-203980","1":"product","2":"type-product","3":"status-publish","4":"has-post-thumbnail","6":"product_brand-frm","7":"product_cat-termal-rulo","9":"first","10":"instock","11":"sale","12":"taxable","13":"shipping-taxable","14":"purchasable","15":"product-type-variable"},"_links":{"self":[{"href":"https:\/\/paybuy.com.tr\/index.php?rest_route=\/wp\/v2\/product\/203980","targetHints":{"allow":["GET"]}}],"collection":[{"href":"https:\/\/paybuy.com.tr\/index.php?rest_route=\/wp\/v2\/product"}],"about":[{"href":"https:\/\/paybuy.com.tr\/index.php?rest_route=\/wp\/v2\/types\/product"}],"replies":[{"embeddable":true,"href":"https:\/\/paybuy.com.tr\/index.php?rest_route=%2Fwp%2Fv2%2Fcomments&post=203980"}],"wp:featuredmedia":[{"embeddable":true,"href":"https:\/\/paybuy.com.tr\/index.php?rest_route=\/wp\/v2\/media\/203983"}],"wp:attachment":[{"href":"https:\/\/paybuy.com.tr\/index.php?rest_route=%2Fwp%2Fv2%2Fmedia&parent=203980"}],"wp:term":[{"taxonomy":"product_brand","embeddable":true,"href":"https:\/\/paybuy.com.tr\/index.php?rest_route=%2Fwp%2Fv2%2Fproduct_brand&post=203980"},{"taxonomy":"product_cat","embeddable":true,"href":"https:\/\/paybuy.com.tr\/index.php?rest_route=%2Fwp%2Fv2%2Fproduct_cat&post=203980"},{"taxonomy":"product_tag","embeddable":true,"href":"https:\/\/paybuy.com.tr\/index.php?rest_route=%2Fwp%2Fv2%2Fproduct_tag&post=203980"}],"curies":[{"name":"wp","href":"https:\/\/api.w.org\/{rel}","templated":true}]}}