{"id":201701,"date":"2026-02-16T07:29:24","date_gmt":"2026-02-16T04:29:24","guid":{"rendered":"https:\/\/paybuy.com.tr\/?product=ffp2-n95-meltblown-maske-guvenli-5-katli-koruma-20-adet"},"modified":"2026-02-17T22:51:57","modified_gmt":"2026-02-17T19:51:57","slug":"ffp2-n95-meltblown-maske-guvenli-5-katli-koruma-20-adet","status":"publish","type":"product","link":"https:\/\/paybuy.com.tr\/?product=ffp2-n95-meltblown-maske-guvenli-5-katli-koruma-20-adet","title":{"rendered":"Ffp2 N95 Meltblown Maske G\u00fcvenli 5 Katl\u0131 Koruma 20 Adet"},"content":{"rendered":"<p>DR.Max Antivir maskeler AB standartlar\u0131nda Hijyenik ortamda \u00fcretilmektedir. ; \u00dcr\u00fcnler \u00fczerine Hijyen etiketi koyulmaktad\u0131r. ; FFP2 &#8211; N95 Maske, vir\u00fcse kar\u015f\u0131 en etkili koruyucu ekipmanlar aras\u0131ndad\u0131r. ; Ultralux \u00dcr\u00fcn 5 katl\u0131d\u0131r, bunun 2 kat\u0131 vir\u00fcs s\u00fczgeci g\u00f6revi g\u00f6ren kaliteli Meltblown katman\u0131ndan olu\u015fmaktad\u0131r. ; Cildi tahri\u015f etmeyen kuma\u015f kullan\u0131lm\u0131\u015ft\u0131r. ; Kulak lastikleri esnekli\u011fi y\u00fcksek \u00f6zel se\u00e7ilmi\u015f \u00fcr\u00fcnden imal edilmi\u015ftir. ; Sa\u011fl\u0131\u011f\u0131n\u0131z i\u00e7in DR.Max Antivir FFP2-N95 Maske Se\u00e7in. ; 1 kutu i\u00e7inde 10 adet hijyenik ortamda el de\u011fmeden \u00fcretilmi\u015f ve ambalajlanm\u0131\u015f N95 &#8211; FFP2 maske vard\u0131r. ; 20&#8217;li 2 Kutu Fiyat\u0131d\u0131r. ; \u00dcr\u00fcnler hijyenik olarak taraf\u0131n\u0131za ula\u015ft\u0131r\u0131l\u0131r. ; Saat 11:00&#8217;a kadar verilen sipari\u015flerde .;<\/p>\n","protected":false},"excerpt":{"rendered":"<p>DR.Max Antivir maskeler AB standartlar\u0131nda Hijyenik ortamda \u00fcretilmektedir. ; \u00dcr\u00fcnler \u00fczerine Hijyen etiketi koyulmaktad\u0131r. ; FFP2 &#8211; N95 Maske, vir\u00fcse kar\u015f\u0131 en etkili koruyucu ekipmanlar aras\u0131ndad\u0131r. ; Ultralux \u00dcr\u00fcn 5 katl\u0131d\u0131r, bunun 2 kat\u0131 vir\u00fcs s\u00fczgeci g\u00f6revi g\u00f6ren kaliteli Meltblown katman\u0131ndan olu\u015fmaktad\u0131r. ; Cildi tahri\u015f etmeyen kuma\u015f kullan\u0131lm\u0131\u015ft\u0131r. ; Kulak lastikleri esnekli\u011fi y\u00fcksek \u00f6zel se\u00e7ilmi\u015f [&#8230;]\n","protected":false},"featured_media":201703,"comment_status":"open","ping_status":"closed","template":"","meta":[],"product_brand":[960],"product_cat":[1019],"product_tag":[],"class_list":{"0":"post-201701","1":"product","2":"type-product","3":"status-publish","4":"has-post-thumbnail","6":"product_brand-drmax","7":"product_cat-solunum-koruyucular","9":"first","10":"instock","11":"taxable","12":"shipping-taxable","13":"purchasable","14":"product-type-variable"},"_links":{"self":[{"href":"https:\/\/paybuy.com.tr\/index.php?rest_route=\/wp\/v2\/product\/201701","targetHints":{"allow":["GET"]}}],"collection":[{"href":"https:\/\/paybuy.com.tr\/index.php?rest_route=\/wp\/v2\/product"}],"about":[{"href":"https:\/\/paybuy.com.tr\/index.php?rest_route=\/wp\/v2\/types\/product"}],"replies":[{"embeddable":true,"href":"https:\/\/paybuy.com.tr\/index.php?rest_route=%2Fwp%2Fv2%2Fcomments&post=201701"}],"wp:featuredmedia":[{"embeddable":true,"href":"https:\/\/paybuy.com.tr\/index.php?rest_route=\/wp\/v2\/media\/201703"}],"wp:attachment":[{"href":"https:\/\/paybuy.com.tr\/index.php?rest_route=%2Fwp%2Fv2%2Fmedia&parent=201701"}],"wp:term":[{"taxonomy":"product_brand","embeddable":true,"href":"https:\/\/paybuy.com.tr\/index.php?rest_route=%2Fwp%2Fv2%2Fproduct_brand&post=201701"},{"taxonomy":"product_cat","embeddable":true,"href":"https:\/\/paybuy.com.tr\/index.php?rest_route=%2Fwp%2Fv2%2Fproduct_cat&post=201701"},{"taxonomy":"product_tag","embeddable":true,"href":"https:\/\/paybuy.com.tr\/index.php?rest_route=%2Fwp%2Fv2%2Fproduct_tag&post=201701"}],"curies":[{"name":"wp","href":"https:\/\/api.w.org\/{rel}","templated":true}]}}