{"id":201392,"date":"2026-02-15T15:59:33","date_gmt":"2026-02-15T12:59:33","guid":{"rendered":"https:\/\/paybuy.com.tr\/?product=premium-bambu-yarim-konc-gri-lacivert-siyah"},"modified":"2026-02-19T03:20:35","modified_gmt":"2026-02-19T00:20:35","slug":"premium-bambu-yarim-konc-gri-lacivert-siyah","status":"publish","type":"product","link":"https:\/\/paybuy.com.tr\/?product=premium-bambu-yarim-konc-gri-lacivert-siyah","title":{"rendered":"Premium Bambu -yar\u0131m Kon\u00e7 Gri-lacivert-siyah"},"content":{"rendered":"<p>Premium Bambu -yar\u0131m Kon\u00e7 Gri-lacivert-siyah<\/p>\n","protected":false},"excerpt":{"rendered":"<p>Premium Bambu -yar\u0131m Kon\u00e7 Gri-lacivert-siyah<\/p>\n","protected":false},"featured_media":201395,"comment_status":"open","ping_status":"closed","template":"","meta":[],"product_brand":[322],"product_cat":[1038],"product_tag":[],"class_list":{"0":"post-201392","1":"product","2":"type-product","3":"status-publish","4":"has-post-thumbnail","6":"product_brand-paybuy","7":"product_cat-ayak-koruyucular","9":"first","10":"instock","11":"taxable","12":"shipping-taxable","13":"purchasable","14":"product-type-variable"},"_links":{"self":[{"href":"https:\/\/paybuy.com.tr\/index.php?rest_route=\/wp\/v2\/product\/201392","targetHints":{"allow":["GET"]}}],"collection":[{"href":"https:\/\/paybuy.com.tr\/index.php?rest_route=\/wp\/v2\/product"}],"about":[{"href":"https:\/\/paybuy.com.tr\/index.php?rest_route=\/wp\/v2\/types\/product"}],"replies":[{"embeddable":true,"href":"https:\/\/paybuy.com.tr\/index.php?rest_route=%2Fwp%2Fv2%2Fcomments&post=201392"}],"wp:featuredmedia":[{"embeddable":true,"href":"https:\/\/paybuy.com.tr\/index.php?rest_route=\/wp\/v2\/media\/201395"}],"wp:attachment":[{"href":"https:\/\/paybuy.com.tr\/index.php?rest_route=%2Fwp%2Fv2%2Fmedia&parent=201392"}],"wp:term":[{"taxonomy":"product_brand","embeddable":true,"href":"https:\/\/paybuy.com.tr\/index.php?rest_route=%2Fwp%2Fv2%2Fproduct_brand&post=201392"},{"taxonomy":"product_cat","embeddable":true,"href":"https:\/\/paybuy.com.tr\/index.php?rest_route=%2Fwp%2Fv2%2Fproduct_cat&post=201392"},{"taxonomy":"product_tag","embeddable":true,"href":"https:\/\/paybuy.com.tr\/index.php?rest_route=%2Fwp%2Fv2%2Fproduct_tag&post=201392"}],"curies":[{"name":"wp","href":"https:\/\/api.w.org\/{rel}","templated":true}]}}