{"id":201319,"date":"2026-02-15T15:57:10","date_gmt":"2026-02-15T12:57:10","guid":{"rendered":"https:\/\/paybuy.com.tr\/?product=premium-bambu-corap-kisa-patik-gri-lacivert-siyah"},"modified":"2026-02-19T03:19:23","modified_gmt":"2026-02-19T00:19:23","slug":"premium-bambu-corap-kisa-patik-gri-lacivert-siyah","status":"publish","type":"product","link":"https:\/\/paybuy.com.tr\/?product=premium-bambu-corap-kisa-patik-gri-lacivert-siyah","title":{"rendered":"Premium Bambu \u00c7orap K\u0131sa-patik Gri-lacivert-siyah"},"content":{"rendered":"<p>Premium Bambu \u00c7orap K\u0131sa-patik Gri-lacivert-siyah<\/p>\n","protected":false},"excerpt":{"rendered":"<p>Premium Bambu \u00c7orap K\u0131sa-patik Gri-lacivert-siyah<\/p>\n","protected":false},"featured_media":201322,"comment_status":"open","ping_status":"closed","template":"","meta":[],"product_brand":[322],"product_cat":[1038],"product_tag":[],"class_list":{"0":"post-201319","1":"product","2":"type-product","3":"status-publish","4":"has-post-thumbnail","6":"product_brand-paybuy","7":"product_cat-ayak-koruyucular","9":"first","10":"instock","11":"taxable","12":"shipping-taxable","13":"purchasable","14":"product-type-variable"},"_links":{"self":[{"href":"https:\/\/paybuy.com.tr\/index.php?rest_route=\/wp\/v2\/product\/201319","targetHints":{"allow":["GET"]}}],"collection":[{"href":"https:\/\/paybuy.com.tr\/index.php?rest_route=\/wp\/v2\/product"}],"about":[{"href":"https:\/\/paybuy.com.tr\/index.php?rest_route=\/wp\/v2\/types\/product"}],"replies":[{"embeddable":true,"href":"https:\/\/paybuy.com.tr\/index.php?rest_route=%2Fwp%2Fv2%2Fcomments&post=201319"}],"wp:featuredmedia":[{"embeddable":true,"href":"https:\/\/paybuy.com.tr\/index.php?rest_route=\/wp\/v2\/media\/201322"}],"wp:attachment":[{"href":"https:\/\/paybuy.com.tr\/index.php?rest_route=%2Fwp%2Fv2%2Fmedia&parent=201319"}],"wp:term":[{"taxonomy":"product_brand","embeddable":true,"href":"https:\/\/paybuy.com.tr\/index.php?rest_route=%2Fwp%2Fv2%2Fproduct_brand&post=201319"},{"taxonomy":"product_cat","embeddable":true,"href":"https:\/\/paybuy.com.tr\/index.php?rest_route=%2Fwp%2Fv2%2Fproduct_cat&post=201319"},{"taxonomy":"product_tag","embeddable":true,"href":"https:\/\/paybuy.com.tr\/index.php?rest_route=%2Fwp%2Fv2%2Fproduct_tag&post=201319"}],"curies":[{"name":"wp","href":"https:\/\/api.w.org\/{rel}","templated":true}]}}