{"id":201066,"date":"2026-02-15T15:44:59","date_gmt":"2026-02-15T12:44:59","guid":{"rendered":"https:\/\/paybuy.com.tr\/?product=galeras-polikarbonat-standart-is-koruma-gozlugu"},"modified":"2026-02-19T03:13:53","modified_gmt":"2026-02-19T00:13:53","slug":"galeras-polikarbonat-standart-is-koruma-gozlugu","status":"publish","type":"product","link":"https:\/\/paybuy.com.tr\/?product=galeras-polikarbonat-standart-is-koruma-gozlugu","title":{"rendered":"Galeras Polikarbonat Standart \u0130\u015f Koruma G\u00f6zl\u00fc\u011f\u00fc"},"content":{"rendered":"<p>Galeras Polikarbonat  Standart \u0130\u015f Koruma G\u00f6zl\u00fc\u011f\u00fc<\/p>\n","protected":false},"excerpt":{"rendered":"<p>Galeras Polikarbonat Standart \u0130\u015f Koruma G\u00f6zl\u00fc\u011f\u00fc<\/p>\n","protected":false},"featured_media":201068,"comment_status":"open","ping_status":"closed","template":"","meta":[],"product_brand":[322],"product_cat":[1045],"product_tag":[],"class_list":{"0":"post-201066","1":"product","2":"type-product","3":"status-publish","4":"has-post-thumbnail","6":"product_brand-paybuy","7":"product_cat-goz-koruyucular","9":"first","10":"instock","11":"taxable","12":"shipping-taxable","13":"purchasable","14":"product-type-variable"},"_links":{"self":[{"href":"https:\/\/paybuy.com.tr\/index.php?rest_route=\/wp\/v2\/product\/201066","targetHints":{"allow":["GET"]}}],"collection":[{"href":"https:\/\/paybuy.com.tr\/index.php?rest_route=\/wp\/v2\/product"}],"about":[{"href":"https:\/\/paybuy.com.tr\/index.php?rest_route=\/wp\/v2\/types\/product"}],"replies":[{"embeddable":true,"href":"https:\/\/paybuy.com.tr\/index.php?rest_route=%2Fwp%2Fv2%2Fcomments&post=201066"}],"wp:featuredmedia":[{"embeddable":true,"href":"https:\/\/paybuy.com.tr\/index.php?rest_route=\/wp\/v2\/media\/201068"}],"wp:attachment":[{"href":"https:\/\/paybuy.com.tr\/index.php?rest_route=%2Fwp%2Fv2%2Fmedia&parent=201066"}],"wp:term":[{"taxonomy":"product_brand","embeddable":true,"href":"https:\/\/paybuy.com.tr\/index.php?rest_route=%2Fwp%2Fv2%2Fproduct_brand&post=201066"},{"taxonomy":"product_cat","embeddable":true,"href":"https:\/\/paybuy.com.tr\/index.php?rest_route=%2Fwp%2Fv2%2Fproduct_cat&post=201066"},{"taxonomy":"product_tag","embeddable":true,"href":"https:\/\/paybuy.com.tr\/index.php?rest_route=%2Fwp%2Fv2%2Fproduct_tag&post=201066"}],"curies":[{"name":"wp","href":"https:\/\/api.w.org\/{rel}","templated":true}]}}