{"id":200987,"date":"2026-02-15T15:42:41","date_gmt":"2026-02-15T12:42:41","guid":{"rendered":"https:\/\/paybuy.com.tr\/?product=e-380-tam-kaplamali-petrolcu-is-eldiveni"},"modified":"2026-02-25T16:24:02","modified_gmt":"2026-02-25T13:24:02","slug":"e-380-tam-kaplamali-petrolcu-is-eldiveni","status":"publish","type":"product","link":"https:\/\/paybuy.com.tr\/?product=e-380-tam-kaplamali-petrolcu-is-eldiveni","title":{"rendered":"E-380 Tam Kaplamal\u0131 Petrolc\u00fc \u0130\u015f Eldiveni"},"content":{"rendered":"<p>E-380 Tam Kaplamal\u0131 Petrolc\u00fc \u0130\u015f Eldiveni<\/p>\n","protected":false},"excerpt":{"rendered":"<p>E-380 Tam Kaplamal\u0131 Petrolc\u00fc \u0130\u015f Eldiveni<\/p>\n","protected":false},"featured_media":200990,"comment_status":"open","ping_status":"closed","template":"","meta":[],"product_brand":[322],"product_cat":[1044],"product_tag":[],"class_list":{"0":"post-200987","1":"product","2":"type-product","3":"status-publish","4":"has-post-thumbnail","6":"product_brand-paybuy","7":"product_cat-is-eldivenleri","9":"first","10":"instock","11":"taxable","12":"shipping-taxable","13":"purchasable","14":"product-type-variable"},"_links":{"self":[{"href":"https:\/\/paybuy.com.tr\/index.php?rest_route=\/wp\/v2\/product\/200987","targetHints":{"allow":["GET"]}}],"collection":[{"href":"https:\/\/paybuy.com.tr\/index.php?rest_route=\/wp\/v2\/product"}],"about":[{"href":"https:\/\/paybuy.com.tr\/index.php?rest_route=\/wp\/v2\/types\/product"}],"replies":[{"embeddable":true,"href":"https:\/\/paybuy.com.tr\/index.php?rest_route=%2Fwp%2Fv2%2Fcomments&post=200987"}],"wp:featuredmedia":[{"embeddable":true,"href":"https:\/\/paybuy.com.tr\/index.php?rest_route=\/wp\/v2\/media\/200990"}],"wp:attachment":[{"href":"https:\/\/paybuy.com.tr\/index.php?rest_route=%2Fwp%2Fv2%2Fmedia&parent=200987"}],"wp:term":[{"taxonomy":"product_brand","embeddable":true,"href":"https:\/\/paybuy.com.tr\/index.php?rest_route=%2Fwp%2Fv2%2Fproduct_brand&post=200987"},{"taxonomy":"product_cat","embeddable":true,"href":"https:\/\/paybuy.com.tr\/index.php?rest_route=%2Fwp%2Fv2%2Fproduct_cat&post=200987"},{"taxonomy":"product_tag","embeddable":true,"href":"https:\/\/paybuy.com.tr\/index.php?rest_route=%2Fwp%2Fv2%2Fproduct_tag&post=200987"}],"curies":[{"name":"wp","href":"https:\/\/api.w.org\/{rel}","templated":true}]}}