{"id":200923,"date":"2026-02-15T15:41:03","date_gmt":"2026-02-15T12:41:03","guid":{"rendered":"https:\/\/paybuy.com.tr\/?product=gozlukdelta-plus-hekla2-hekl2in-std"},"modified":"2026-02-19T03:11:32","modified_gmt":"2026-02-19T00:11:32","slug":"gozlukdelta-plus-hekla2-hekl2in-std","status":"publish","type":"product","link":"https:\/\/paybuy.com.tr\/?product=gozlukdelta-plus-hekla2-hekl2in-std","title":{"rendered":"G\u00f6zl\u00fck:delta Plus Hekla2 Hekl2\u0131n Std"},"content":{"rendered":"<p>G\u00f6zl\u00fck:delta Plus Hekla2 Hekl2\u0131n    Std<\/p>\n","protected":false},"excerpt":{"rendered":"<p>G\u00f6zl\u00fck:delta Plus Hekla2 Hekl2\u0131n Std<\/p>\n","protected":false},"featured_media":200925,"comment_status":"open","ping_status":"closed","template":"","meta":[],"product_brand":[322],"product_cat":[1045],"product_tag":[],"class_list":{"0":"post-200923","1":"product","2":"type-product","3":"status-publish","4":"has-post-thumbnail","6":"product_brand-paybuy","7":"product_cat-goz-koruyucular","9":"first","10":"instock","11":"taxable","12":"shipping-taxable","13":"purchasable","14":"product-type-variable"},"_links":{"self":[{"href":"https:\/\/paybuy.com.tr\/index.php?rest_route=\/wp\/v2\/product\/200923","targetHints":{"allow":["GET"]}}],"collection":[{"href":"https:\/\/paybuy.com.tr\/index.php?rest_route=\/wp\/v2\/product"}],"about":[{"href":"https:\/\/paybuy.com.tr\/index.php?rest_route=\/wp\/v2\/types\/product"}],"replies":[{"embeddable":true,"href":"https:\/\/paybuy.com.tr\/index.php?rest_route=%2Fwp%2Fv2%2Fcomments&post=200923"}],"wp:featuredmedia":[{"embeddable":true,"href":"https:\/\/paybuy.com.tr\/index.php?rest_route=\/wp\/v2\/media\/200925"}],"wp:attachment":[{"href":"https:\/\/paybuy.com.tr\/index.php?rest_route=%2Fwp%2Fv2%2Fmedia&parent=200923"}],"wp:term":[{"taxonomy":"product_brand","embeddable":true,"href":"https:\/\/paybuy.com.tr\/index.php?rest_route=%2Fwp%2Fv2%2Fproduct_brand&post=200923"},{"taxonomy":"product_cat","embeddable":true,"href":"https:\/\/paybuy.com.tr\/index.php?rest_route=%2Fwp%2Fv2%2Fproduct_cat&post=200923"},{"taxonomy":"product_tag","embeddable":true,"href":"https:\/\/paybuy.com.tr\/index.php?rest_route=%2Fwp%2Fv2%2Fproduct_tag&post=200923"}],"curies":[{"name":"wp","href":"https:\/\/api.w.org\/{rel}","templated":true}]}}