{"id":200324,"date":"2026-02-15T15:23:53","date_gmt":"2026-02-15T12:23:53","guid":{"rendered":"https:\/\/paybuy.com.tr\/?product=acq425-goz-solusyonu"},"modified":"2026-02-19T03:02:21","modified_gmt":"2026-02-19T00:02:21","slug":"acq425-goz-solusyonu","status":"publish","type":"product","link":"https:\/\/paybuy.com.tr\/?product=acq425-goz-solusyonu","title":{"rendered":"AcQ425 G\u00f6z Sol\u00fcsyonu"},"content":{"rendered":"<p data-end=\"417\" data-start=\"51\"> ACQ425 G&ouml;z Sol&uuml;syonu, g&ouml;zle temas eden yabanc\u0131 maddelere kar\u015f\u0131 acil m&uuml;dahale i&ccedil;in tasarlanm\u0131\u015f, kullan\u0131ma haz\u0131r bir ilk yard\u0131m &uuml;r&uuml;n&uuml;d&uuml;r. 500 ml hacme sahip bu steril sol&uuml;syon, g&ouml;z y&uuml;zeyindeki zararl\u0131 kimyasallar\u0131, partik&uuml;lleri ve tozlar\u0131 etkili \u015fekilde temizlemeye yard\u0131mc\u0131 olur. Ergonomik ba\u015fl\u0131\u011f\u0131 sayesinde kullan\u0131c\u0131ya kolay uygulama sa\u011flar.<\/p>\n<p data-end=\"706\" data-start=\"419\">\u0130\u015f g&uuml;venli\u011fini &ouml;n planda tutan t&uuml;m profesyonel alanlarda ideal kullan\u0131m sunar. \u015eeffaf \u015fi\u015fesi ve &uuml;zerinde yer alan y&ouml;nlendirmeler sayesinde h\u0131zl\u0131 m&uuml;dahale imk&acirc;n\u0131 tan\u0131r. &Ouml;zellikle &uuml;retim tesisleri, laboratuvarlar, \u015fantiye sahalar\u0131 ve at&ouml;lyeler gibi riskli ortamlarda g&uuml;venli\u011finizi art\u0131r\u0131r.<\/p>\n<p data-end=\"723\" data-start=\"708\"><strong data-end=\"723\" data-start=\"708\">&Ouml;zellikler:<\/strong><\/p>\n<ul data-end=\"1028\" data-start=\"724\">\n<li data-end=\"773\" data-start=\"724\">\n<p data-end=\"773\" data-start=\"726\"><strong data-end=\"736\" data-start=\"726\">Hacim:<\/strong> 500 ml steril g&ouml;z y\u0131kama sol&uuml;syonu<\/p>\n<\/li>\n<li data-end=\"819\" data-start=\"774\">\n<p data-end=\"819\" data-start=\"776\"><strong data-end=\"796\" data-start=\"776\">Kullan\u0131ma Haz\u0131r:<\/strong> A&ccedil; ve uygula sistemi<\/p>\n<\/li>\n<li data-end=\"874\" data-start=\"820\">\n<p data-end=\"874\" data-start=\"822\"><strong data-end=\"838\" data-start=\"822\">Ba\u015fl\u0131k Tipi:<\/strong> Ergonomik ve y&ouml;nlendirici tasar\u0131m<\/p>\n<\/li>\n<li data-end=\"946\" data-start=\"875\">\n<p data-end=\"946\" data-start=\"877\"><strong data-end=\"899\" data-start=\"877\">Uygulama Alanlar\u0131:<\/strong> Sanayi, kimya, in\u015faat, sa\u011fl\u0131k ve laboratuvar<\/p>\n<\/li>\n<li data-end=\"1028\" data-start=\"947\">\n<p data-end=\"1028\" data-start=\"949\"><strong data-end=\"968\" data-start=\"949\">Kullan\u0131m Amac\u0131:<\/strong> G&ouml;zdeki kimyasal s\u0131&ccedil;ramalar, toz, yabanc\u0131 madde temizli\u011fi<\/p>\n<\/li>\n<\/ul>\n<p data-end=\"1046\" data-start=\"1030\"><strong data-end=\"1046\" data-start=\"1030\">Avantajlar\u0131:<\/strong><\/p>\n<ul data-end=\"1174\" data-start=\"1047\">\n<li data-end=\"1080\" data-start=\"1047\">\n<p data-end=\"1080\" data-start=\"1049\">Hijyenik tek kullan\u0131ml\u0131k yap\u0131<\/p>\n<\/li>\n<li data-end=\"1115\" data-start=\"1081\">\n<p data-end=\"1115\" data-start=\"1083\">Ta\u015f\u0131nabilir ve kompakt tasar\u0131m<\/p>\n<\/li>\n<li data-end=\"1174\" data-start=\"1116\">\n<p data-end=\"1174\" data-start=\"1118\">Kolay anla\u015f\u0131l\u0131r kullan\u0131m talimatlar\u0131 &uuml;zerinde yer al\u0131r<\/p>\n<\/li>\n<\/ul>\n<p data-end=\"1291\" data-start=\"1176\">\u0130\u015f yerinizde g&uuml;venli\u011finizi bir ad\u0131m &ouml;teye ta\u015f\u0131mak i&ccedil;in  ACQ425 g&ouml;z sol&uuml;syonu ile her zaman haz\u0131rl\u0131kl\u0131 olun.<\/p>\n","protected":false},"excerpt":{"rendered":"<p>ACQ425 G&ouml;z Sol&uuml;syonu, g&ouml;zle temas eden yabanc\u0131 maddelere kar\u015f\u0131 acil m&uuml;dahale i&ccedil;in tasarlanm\u0131\u015f, kullan\u0131ma haz\u0131r bir ilk yard\u0131m &uuml;r&uuml;n&uuml;d&uuml;r. 500 ml hacme sahip bu steril sol&uuml;syon, g&ouml;z y&uuml;zeyindeki zararl\u0131 kimyasallar\u0131, partik&uuml;lleri ve tozlar\u0131 etkili \u015fekilde temizlemeye yard\u0131mc\u0131 olur. Ergonomik ba\u015fl\u0131\u011f\u0131 sayesinde kullan\u0131c\u0131ya kolay uygulama sa\u011flar. \u0130\u015f g&uuml;venli\u011fini &ouml;n planda tutan t&uuml;m profesyonel alanlarda ideal kullan\u0131m [&#8230;]\n","protected":false},"featured_media":200326,"comment_status":"open","ping_status":"closed","template":"","meta":[],"product_brand":[322],"product_cat":[1045],"product_tag":[],"class_list":{"0":"post-200324","1":"product","2":"type-product","3":"status-publish","4":"has-post-thumbnail","6":"product_brand-paybuy","7":"product_cat-goz-koruyucular","9":"first","10":"instock","11":"taxable","12":"shipping-taxable","13":"purchasable","14":"product-type-variable"},"_links":{"self":[{"href":"https:\/\/paybuy.com.tr\/index.php?rest_route=\/wp\/v2\/product\/200324","targetHints":{"allow":["GET"]}}],"collection":[{"href":"https:\/\/paybuy.com.tr\/index.php?rest_route=\/wp\/v2\/product"}],"about":[{"href":"https:\/\/paybuy.com.tr\/index.php?rest_route=\/wp\/v2\/types\/product"}],"replies":[{"embeddable":true,"href":"https:\/\/paybuy.com.tr\/index.php?rest_route=%2Fwp%2Fv2%2Fcomments&post=200324"}],"wp:featuredmedia":[{"embeddable":true,"href":"https:\/\/paybuy.com.tr\/index.php?rest_route=\/wp\/v2\/media\/200326"}],"wp:attachment":[{"href":"https:\/\/paybuy.com.tr\/index.php?rest_route=%2Fwp%2Fv2%2Fmedia&parent=200324"}],"wp:term":[{"taxonomy":"product_brand","embeddable":true,"href":"https:\/\/paybuy.com.tr\/index.php?rest_route=%2Fwp%2Fv2%2Fproduct_brand&post=200324"},{"taxonomy":"product_cat","embeddable":true,"href":"https:\/\/paybuy.com.tr\/index.php?rest_route=%2Fwp%2Fv2%2Fproduct_cat&post=200324"},{"taxonomy":"product_tag","embeddable":true,"href":"https:\/\/paybuy.com.tr\/index.php?rest_route=%2Fwp%2Fv2%2Fproduct_tag&post=200324"}],"curies":[{"name":"wp","href":"https:\/\/api.w.org\/{rel}","templated":true}]}}