{"id":191629,"date":"2026-02-15T07:14:37","date_gmt":"2026-02-15T04:14:37","guid":{"rendered":"https:\/\/paybuy.com.tr\/?product=desenli-v-yaka-mayokini-yuksek-konfor-ergonomik-kesim-klora-dayanikli"},"modified":"2026-02-19T00:52:34","modified_gmt":"2026-02-18T21:52:34","slug":"desenli-v-yaka-mayokini-yuksek-konfor-ergonomik-kesim-klora-dayanikli","status":"publish","type":"product","link":"https:\/\/paybuy.com.tr\/?product=desenli-v-yaka-mayokini-yuksek-konfor-ergonomik-kesim-klora-dayanikli","title":{"rendered":"Desenli V Yaka Mayokini Y\u00fcksek Konfor Ergonomik Kesim Klora Dayan\u0131kl\u0131"},"content":{"rendered":"<p>Desenli V Yaka Mayokini UV Korumal\u0131 Y&uuml;ksek Konfor Ergonomik Kesim Klora Dayan\u0131kl\u0131&#8211;Bu &ouml;zel tasar\u0131m Mayokini, \u015f\u0131kl\u0131\u011f\u0131 ve konforu bir araya getiriyor. &Ouml;zel markas\u0131n\u0131n g&uuml;vencesiyle sunulan bu Mayokini, 88% Polyester ve 12% Elastan kullan\u0131larak &uuml;retilmi\u015ftir. Ba\u015fl\u0131ca &ouml;zellikleri aras\u0131nda Desenli ve v yaka kesimi ile zarif ve &ccedil;ekici tasar\u0131m yer al\u0131r. Modelin &Ouml;l&ccedil;&uuml;leri: Boy: 177cm G&ouml;\u011f&uuml;s: 83cm Bel: 63cm Kal&ccedil;a: 92cm. &#8212; Mankenin &uuml;zerindeki &uuml;r&uuml;n S-36 bedendir.. &#8212; Materyal Bile\u015feni: 88% Polyester,12% Elastan. &#8212; Kuma\u015f Tipi: &Ouml;rme. &#8212; &Uuml;r&uuml;n&uuml;n&uuml;z&uuml; daha uzun s&uuml;reli kullanabilmeniz ve &uuml;r&uuml;n&uuml;n&uuml;ze uygun bak\u0131m yapabilmeniz i&ccedil;in l&uuml;tfen a\u015fa\u011f\u0131da belirtilen y\u0131kama talimat\u0131na uyunuz.. &#8212; Her kullan\u0131mdan sonra sabunlu \u0131l\u0131k suda elde y\u0131kay\u0131n\u0131z. A\u011fart\u0131c\u0131 ve deterjan kullanmay\u0131n\u0131z.Mayoyu \u0131slak, kapal\u0131, naylon torbada bekletmeyiniz.Tersinden sererek g&ouml;lgede kurutunuz.Florasan renkler g&uuml;ne\u015fte solar, klorlu su ve g&uuml;ne\u015f ya\u011f\u0131 mayonuzu bozar.. &#8212; &Uuml;r&uuml;n atma kapl\u0131d\u0131r, &ccedil;\u0131kar\u0131labilir.. &#8212; St&uuml;dyo &ccedil;ekimlerinde renkler \u0131\u015f\u0131k farkl\u0131l\u0131\u011f\u0131ndan dolay\u0131 de\u011fi\u015fiklik g&ouml;sterebilir.. &#8212;-Desen:Tropikal &#8212; Materyal:Polyester &#8212; Kap:Atma Kap &#8212; Renk:&Ccedil;ok Renkli &#8212; Materyal Bile\u015feni:88% Polyester, 12% Elastan &#8212; Y\u0131kama Talimat\u0131:T34 &#8212; Kuma\u015f Tipi:&Ouml;rme &#8212; Ortam:Beachwear &#8212; Kol Boyu:Kolsuz &#8212; &Uuml;st Siluet:Derin V &#8212; Ek &Ouml;zellik:Yan cut out &#8212; Paket \u0130&ccedil;eri\u011fi:Tekli &#8212; &Uuml;r&uuml;n Detay\u0131:Cut Out\/Pencere &#8212; Persona:Fashion Forward &#8212; Men\u015fei:TR &#8212; Siluet:Brazilian &#8212; Sezon:Yaz &#8211;.<\/p>\n","protected":false},"excerpt":{"rendered":"<p>Desenli V Yaka Mayokini UV Korumal\u0131 Y&uuml;ksek Konfor Ergonomik Kesim Klora Dayan\u0131kl\u0131&#8211;Bu &ouml;zel tasar\u0131m Mayokini, \u015f\u0131kl\u0131\u011f\u0131 ve konforu bir araya getiriyor. &Ouml;zel markas\u0131n\u0131n g&uuml;vencesiyle sunulan bu Mayokini, 88% Polyester ve 12% Elastan kullan\u0131larak &uuml;retilmi\u015ftir. Ba\u015fl\u0131ca &ouml;zellikleri aras\u0131nda Desenli ve v yaka kesimi ile zarif ve &ccedil;ekici tasar\u0131m yer al\u0131r. Modelin &Ouml;l&ccedil;&uuml;leri: Boy: 177cm G&ouml;\u011f&uuml;s: 83cm [&#8230;]\n","protected":false},"featured_media":191635,"comment_status":"open","ping_status":"closed","template":"","meta":[],"product_brand":[322],"product_cat":[1116],"product_tag":[],"class_list":{"0":"post-191629","1":"product","2":"type-product","3":"status-publish","4":"has-post-thumbnail","6":"product_brand-paybuy","7":"product_cat-mayokini","9":"first","10":"instock","11":"taxable","12":"shipping-taxable","13":"purchasable","14":"product-type-variable"},"_links":{"self":[{"href":"https:\/\/paybuy.com.tr\/index.php?rest_route=\/wp\/v2\/product\/191629","targetHints":{"allow":["GET"]}}],"collection":[{"href":"https:\/\/paybuy.com.tr\/index.php?rest_route=\/wp\/v2\/product"}],"about":[{"href":"https:\/\/paybuy.com.tr\/index.php?rest_route=\/wp\/v2\/types\/product"}],"replies":[{"embeddable":true,"href":"https:\/\/paybuy.com.tr\/index.php?rest_route=%2Fwp%2Fv2%2Fcomments&post=191629"}],"wp:featuredmedia":[{"embeddable":true,"href":"https:\/\/paybuy.com.tr\/index.php?rest_route=\/wp\/v2\/media\/191635"}],"wp:attachment":[{"href":"https:\/\/paybuy.com.tr\/index.php?rest_route=%2Fwp%2Fv2%2Fmedia&parent=191629"}],"wp:term":[{"taxonomy":"product_brand","embeddable":true,"href":"https:\/\/paybuy.com.tr\/index.php?rest_route=%2Fwp%2Fv2%2Fproduct_brand&post=191629"},{"taxonomy":"product_cat","embeddable":true,"href":"https:\/\/paybuy.com.tr\/index.php?rest_route=%2Fwp%2Fv2%2Fproduct_cat&post=191629"},{"taxonomy":"product_tag","embeddable":true,"href":"https:\/\/paybuy.com.tr\/index.php?rest_route=%2Fwp%2Fv2%2Fproduct_tag&post=191629"}],"curies":[{"name":"wp","href":"https:\/\/api.w.org\/{rel}","templated":true}]}}