{"id":191537,"date":"2026-02-15T07:12:34","date_gmt":"2026-02-15T04:12:34","guid":{"rendered":"https:\/\/paybuy.com.tr\/?product=desenli-firfirli-bikini-takimi-esnek-kumas-premium-kalite-yaz-koleksiyonu"},"modified":"2026-02-19T00:51:22","modified_gmt":"2026-02-18T21:51:22","slug":"desenli-firfirli-bikini-takimi-esnek-kumas-premium-kalite-yaz-koleksiyonu","status":"publish","type":"product","link":"https:\/\/paybuy.com.tr\/?product=desenli-firfirli-bikini-takimi-esnek-kumas-premium-kalite-yaz-koleksiyonu","title":{"rendered":"Desenli F\u0131rf\u0131rl\u0131 Bikini Tak\u0131m\u0131 Esnek Kuma\u015f Premium Kalite Yaz Koleksiyonu"},"content":{"rendered":"<p>Desenli F\u0131rf\u0131rl\u0131 Bikini Tak\u0131m\u0131 Esnek Kuma\u015f Premium Kalite UV Korumal\u0131 Yaz Koleksiyonu&#8211;Desenli ve f\u0131rf\u0131r detaylar\u0131 ile hareketli ve dinamik tasar\u0131m ile dikkat \u00e7eken bu Bikini Tak\u0131m\u0131, fonksiyonelli\u011fi ve esteti\u011fi bulu\u015fturuyor. \u00d6zel markas\u0131n\u0131n g\u00fcvencesiyle sunulan bu Bikini Tak\u0131m\u0131, 90% Polyester ve 10% Elastan kullan\u0131larak \u00fcretilmi\u015ftir. Ba\u015fl\u0131ca \u00f6zellikleri aras\u0131nda Desenli ve f\u0131rf\u0131r detaylar\u0131 ile hareketli ve dinamik tasar\u0131m yer al\u0131r. Modelin \u00d6l\u00e7\u00fcleri: Boy: 174cm G\u00f6\u011f\u00fcs: 88cm Bel: 59cm Kal\u00e7a: 88cm. &#8212; Mankenin \u00fczerindeki \u00fcr\u00fcn S-36 bedendir.. &#8212; Materyal Bile\u015feni: 90% Polyester,10% Elastan. &#8212; Kuma\u015f Tipi: \u00d6rme. &#8212; \u00dcr\u00fcn\u00fcn\u00fcz\u00fc daha uzun s\u00fcreli kullanabilmeniz ve \u00fcr\u00fcn\u00fcn\u00fcze uygun bak\u0131m yapabilmeniz i\u00e7in l\u00fctfen a\u015fa\u011f\u0131da belirtilen y\u0131kama talimat\u0131na uyunuz.. &#8212; Her kullan\u0131mdan sonra sabunlu \u0131l\u0131k suda elde y\u0131kay\u0131n\u0131z. A\u011fart\u0131c\u0131 ve deterjan kullanmay\u0131n\u0131z.Mayoyu \u0131slak, kapal\u0131, naylon torbada bekletmeyiniz.Tersinden sererek g\u00f6lgede kurutunuz.Florasan renkler g\u00fcne\u015fte solar, klorlu su ve g\u00fcne\u015f ya\u011f\u0131 mayonuzu bozar.. &#8212; \u00dcr\u00fcn atma kapl\u0131d\u0131r, \u00e7\u0131kar\u0131labilir.. &#8212; Arkas\u0131 kapal\u0131 kesimlidir.. &#8212; St\u00fcdyo \u00e7ekimlerinde renkler \u0131\u015f\u0131k farkl\u0131l\u0131\u011f\u0131ndan dolay\u0131 de\u011fi\u015fiklik g\u00f6sterebilir.. &#8212;-Desen:\u00c7i\u00e7ekli &#8212; Kap:Atma Kap &#8212; Renk:\u00c7ok Renkli &#8212; \u00dcr\u00fcn Detay\u0131:F\u0131rf\u0131rl\u0131 &#8212; Kuma\u015f Tipi:\u00d6rme &#8212; \u00dcst Siluet:Balconette &#8212; Dokuma Tipi:Dalg\u0131\u00e7\/Scuba &#8212; Kol Boyu:Kolsuz &#8212; Persona:Feminine &#8212; Bel:Y\u00fcksek Bel &#8212; Alt Siluet:Brief &#8212; Materyal Bile\u015feni:90% Polyester, 10% Elastan &#8212; Y\u0131kama Talimat\u0131:T34 &#8212; Ortam:Beachwear &#8212; Arka A\u00e7\u0131kl\u0131k:Kapal\u0131 &#8212; Men\u015fei:TR &#8212; Sezon:Yaz &#8211;.<\/p>\n","protected":false},"excerpt":{"rendered":"<p>Desenli F\u0131rf\u0131rl\u0131 Bikini Tak\u0131m\u0131 Esnek Kuma\u015f Premium Kalite UV Korumal\u0131 Yaz Koleksiyonu&#8211;Desenli ve f\u0131rf\u0131r detaylar\u0131 ile hareketli ve dinamik tasar\u0131m ile dikkat \u00e7eken bu Bikini Tak\u0131m\u0131, fonksiyonelli\u011fi ve esteti\u011fi bulu\u015fturuyor. \u00d6zel markas\u0131n\u0131n g\u00fcvencesiyle sunulan bu Bikini Tak\u0131m\u0131, 90% Polyester ve 10% Elastan kullan\u0131larak \u00fcretilmi\u015ftir. Ba\u015fl\u0131ca \u00f6zellikleri aras\u0131nda Desenli ve f\u0131rf\u0131r detaylar\u0131 ile hareketli ve dinamik [&#8230;]\n","protected":false},"featured_media":191548,"comment_status":"open","ping_status":"closed","template":"","meta":[],"product_brand":[322],"product_cat":[1114],"product_tag":[],"class_list":{"0":"post-191537","1":"product","2":"type-product","3":"status-publish","4":"has-post-thumbnail","6":"product_brand-paybuy","7":"product_cat-bikini-takimi","9":"first","10":"instock","11":"taxable","12":"shipping-taxable","13":"purchasable","14":"product-type-variable"},"_links":{"self":[{"href":"https:\/\/paybuy.com.tr\/index.php?rest_route=\/wp\/v2\/product\/191537","targetHints":{"allow":["GET"]}}],"collection":[{"href":"https:\/\/paybuy.com.tr\/index.php?rest_route=\/wp\/v2\/product"}],"about":[{"href":"https:\/\/paybuy.com.tr\/index.php?rest_route=\/wp\/v2\/types\/product"}],"replies":[{"embeddable":true,"href":"https:\/\/paybuy.com.tr\/index.php?rest_route=%2Fwp%2Fv2%2Fcomments&post=191537"}],"wp:featuredmedia":[{"embeddable":true,"href":"https:\/\/paybuy.com.tr\/index.php?rest_route=\/wp\/v2\/media\/191548"}],"wp:attachment":[{"href":"https:\/\/paybuy.com.tr\/index.php?rest_route=%2Fwp%2Fv2%2Fmedia&parent=191537"}],"wp:term":[{"taxonomy":"product_brand","embeddable":true,"href":"https:\/\/paybuy.com.tr\/index.php?rest_route=%2Fwp%2Fv2%2Fproduct_brand&post=191537"},{"taxonomy":"product_cat","embeddable":true,"href":"https:\/\/paybuy.com.tr\/index.php?rest_route=%2Fwp%2Fv2%2Fproduct_cat&post=191537"},{"taxonomy":"product_tag","embeddable":true,"href":"https:\/\/paybuy.com.tr\/index.php?rest_route=%2Fwp%2Fv2%2Fproduct_tag&post=191537"}],"curies":[{"name":"wp","href":"https:\/\/api.w.org\/{rel}","templated":true}]}}