{"id":187710,"date":"2026-02-15T05:49:27","date_gmt":"2026-02-15T02:49:27","guid":{"rendered":"https:\/\/paybuy.com.tr\/?product=volanli-pareo-ozel-tasarim-plaj-ve-havuz-klora-dayanikli"},"modified":"2026-02-18T23:10:47","modified_gmt":"2026-02-18T20:10:47","slug":"volanli-pareo-ozel-tasarim-plaj-ve-havuz-klora-dayanikli","status":"publish","type":"product","link":"https:\/\/paybuy.com.tr\/?product=volanli-pareo-ozel-tasarim-plaj-ve-havuz-klora-dayanikli","title":{"rendered":"Volanl\u0131 Pareo \u00d6zel Tasar\u0131m Plaj Ve Havuz Klora Dayan\u0131kl\u0131"},"content":{"rendered":"<p>Volanl\u0131 Pareo &Ouml;zel Tasar\u0131m Plaj Ve Havuz Klora Dayan\u0131kl\u0131&#8211;Bu &ouml;zel tasar\u0131m Pareo, \u015f\u0131kl\u0131\u011f\u0131 ve konforu bir araya getiriyor. &Ouml;zel markas\u0131n\u0131n g&uuml;vencesiyle sunulan bu Pareo, 95% Polyester ve 5% Elastan kullan\u0131larak &uuml;retilmi\u015ftir. Ba\u015fl\u0131ca &ouml;zellikleri aras\u0131nda volan detaylar\u0131 ile romantik ve feminen stil yer al\u0131r. Modelin &Ouml;l&ccedil;&uuml;leri: Boy: 180cm G&ouml;\u011f&uuml;s 83cm Bel: 59cm Kal&ccedil;a: 89cm. &#8212; Mankenin &uuml;zerindeki &uuml;r&uuml;n S-36 bedendir.. &#8212; Materyal Bile\u015feni: 95% Polyester,5% Elastan. &#8212; Kuma\u015f Tipi: Dokuma. &#8212; Kemer dahil yan boy &ouml;l&ccedil;&uuml;s&uuml;: 100,0 cm. &#8212; &Uuml;r&uuml;n&uuml;n&uuml;z&uuml; daha uzun s&uuml;reli kullanabilmeniz ve &uuml;r&uuml;n&uuml;n&uuml;ze uygun bak\u0131m yapabilmeniz i&ccedil;in l&uuml;tfen a\u015fa\u011f\u0131da belirtilen y\u0131kama talimat\u0131na uyunuz.. &#8212; St&uuml;dyo &ccedil;ekimlerinde renkler \u0131\u015f\u0131k farkl\u0131l\u0131\u011f\u0131ndan dolay\u0131 de\u011fi\u015fiklik g&ouml;sterebilir.. &#8212;-Desen:D&uuml;z &#8212; Renk:Siyah &#8212; &Uuml;r&uuml;n Detay\u0131:F\u0131rf\u0131rl\u0131 &#8212; Materyal Bile\u015feni:95% Polyester,5% Elastan &#8212; Y\u0131kama Talimat\u0131:T35 &#8212; Kuma\u015f Tipi:Dokuma &#8212; Boy:Maxi &#8212; Siluet:Kalem &#8212; Persona:Feminine &#8212; Dokuma Tipi:Dokulu &#8212; Men\u015fei:TR &#8212; Sezon:Yaz &#8211;. &Uuml;r&uuml;n&uuml;n &ouml;zel tasar\u0131m\u0131 sayesinde v&uuml;cudunuza m&uuml;kemmel uyum sa\u011flar ve kendinizi &ouml;zel hissetmenizi sa\u011flar.<\/p>\n","protected":false},"excerpt":{"rendered":"<p>Volanl\u0131 Pareo &Ouml;zel Tasar\u0131m Plaj Ve Havuz Klora Dayan\u0131kl\u0131&#8211;Bu &ouml;zel tasar\u0131m Pareo, \u015f\u0131kl\u0131\u011f\u0131 ve konforu bir araya getiriyor. &Ouml;zel markas\u0131n\u0131n g&uuml;vencesiyle sunulan bu Pareo, 95% Polyester ve 5% Elastan kullan\u0131larak &uuml;retilmi\u015ftir. Ba\u015fl\u0131ca &ouml;zellikleri aras\u0131nda volan detaylar\u0131 ile romantik ve feminen stil yer al\u0131r. Modelin &Ouml;l&ccedil;&uuml;leri: Boy: 180cm G&ouml;\u011f&uuml;s 83cm Bel: 59cm Kal&ccedil;a: 89cm. &#8212; Mankenin [&#8230;]\n","protected":false},"featured_media":187715,"comment_status":"open","ping_status":"closed","template":"","meta":[],"product_brand":[322],"product_cat":[1119],"product_tag":[],"class_list":{"0":"post-187710","1":"product","2":"type-product","3":"status-publish","4":"has-post-thumbnail","6":"product_brand-paybuy","7":"product_cat-pareo","9":"first","10":"instock","11":"taxable","12":"shipping-taxable","13":"purchasable","14":"product-type-variable"},"_links":{"self":[{"href":"https:\/\/paybuy.com.tr\/index.php?rest_route=\/wp\/v2\/product\/187710","targetHints":{"allow":["GET"]}}],"collection":[{"href":"https:\/\/paybuy.com.tr\/index.php?rest_route=\/wp\/v2\/product"}],"about":[{"href":"https:\/\/paybuy.com.tr\/index.php?rest_route=\/wp\/v2\/types\/product"}],"replies":[{"embeddable":true,"href":"https:\/\/paybuy.com.tr\/index.php?rest_route=%2Fwp%2Fv2%2Fcomments&post=187710"}],"wp:featuredmedia":[{"embeddable":true,"href":"https:\/\/paybuy.com.tr\/index.php?rest_route=\/wp\/v2\/media\/187715"}],"wp:attachment":[{"href":"https:\/\/paybuy.com.tr\/index.php?rest_route=%2Fwp%2Fv2%2Fmedia&parent=187710"}],"wp:term":[{"taxonomy":"product_brand","embeddable":true,"href":"https:\/\/paybuy.com.tr\/index.php?rest_route=%2Fwp%2Fv2%2Fproduct_brand&post=187710"},{"taxonomy":"product_cat","embeddable":true,"href":"https:\/\/paybuy.com.tr\/index.php?rest_route=%2Fwp%2Fv2%2Fproduct_cat&post=187710"},{"taxonomy":"product_tag","embeddable":true,"href":"https:\/\/paybuy.com.tr\/index.php?rest_route=%2Fwp%2Fv2%2Fproduct_tag&post=187710"}],"curies":[{"name":"wp","href":"https:\/\/api.w.org\/{rel}","templated":true}]}}