{"id":187479,"date":"2026-02-15T05:45:50","date_gmt":"2026-02-15T02:45:50","guid":{"rendered":"https:\/\/paybuy.com.tr\/?product=pareo-premium-kalite-klora-dayanikli-yaz-koleksiyonu-su-sporlari-icin"},"modified":"2026-02-18T23:08:46","modified_gmt":"2026-02-18T20:08:46","slug":"pareo-premium-kalite-klora-dayanikli-yaz-koleksiyonu-su-sporlari-icin","status":"publish","type":"product","link":"https:\/\/paybuy.com.tr\/?product=pareo-premium-kalite-klora-dayanikli-yaz-koleksiyonu-su-sporlari-icin","title":{"rendered":"Pareo Premium Kalite Klora Dayan\u0131kl\u0131 Yaz Koleksiyonu Su Sporlar\u0131 \u0130\u00e7in"},"content":{"rendered":"<p>Pareo Premium Kalite Klora Dayan\u0131kl\u0131 UV Korumal\u0131 Yaz Koleksiyonu Su Sporlar\u0131 \u0130\u00e7in&#8211;\u00f6zel detaylar\u0131 ile dikkat \u00e7eken bu Pareo, fonksiyonelli\u011fi ve esteti\u011fi bulu\u015fturuyor. \u00d6zel markas\u0131n\u0131n g\u00fcvencesiyle sunulan bu Pareo, 97% Polyester ve 3% Elastan kullan\u0131larak \u00fcretilmi\u015ftir. Ba\u015fl\u0131ca \u00f6zellikleri aras\u0131nda \u00f6zel detaylar\u0131 yer al\u0131r. Modelin \u00d6l\u00e7\u00fcleri: Boy: 177cm G\u00f6\u011f\u00fcs: 83cm Bel: 63cm Kal\u00e7a: 92cm. &#8212; Mankenin \u00fczerindeki \u00fcr\u00fcn S-36 bedendir.. &#8212; Materyal Bile\u015feni: 97% Polyester,3% Elastan. &#8212; Kuma\u015f Tipi: \u00d6rme. &#8212; Kemer dahil yan boy \u00f6l\u00e7\u00fcs\u00fc: 96,0 cm. &#8212; \u00dcr\u00fcn\u00fcn\u00fcz\u00fc daha uzun s\u00fcreli kullanabilmeniz ve \u00fcr\u00fcn\u00fcn\u00fcze uygun bak\u0131m yapabilmeniz i\u00e7in l\u00fctfen a\u015fa\u011f\u0131da belirtilen y\u0131kama talimat\u0131na uyunuz.. &#8212; St\u00fcdyo \u00e7ekimlerinde renkler \u0131\u015f\u0131k farkl\u0131l\u0131\u011f\u0131ndan dolay\u0131 de\u011fi\u015fiklik g\u00f6sterebilir.. &#8212;-Desen:D\u00fcz &#8212; Renk:Bordo &#8212; Materyal Bile\u015feni:97% Polyester, 3% Elastan &#8212; Y\u0131kama Talimat\u0131:T35 &#8212; Kuma\u015f Tipi:\u00d6rme &#8212; Boy:Maxi &#8212; Siluet:Basic &#8212; Persona:Fashion Forward &#8212; Dokuma Tipi:Sandy &#8212; Men\u015fei:TR &#8212; Sezon:Yaz &#8211;. \u00dcr\u00fcn\u00fcn \u00f6zel tasar\u0131m\u0131 sayesinde v\u00fccudunuza m\u00fckemmel uyum sa\u011flar ve kendinizi \u00f6zel hissetmenizi sa\u011flar. Y\u00fcksek performansl\u0131 malzemeleri ile profesyonel sporcular\u0131n da tercihi olan bu \u00fcr\u00fcn, kalitesiyle \u00f6ne \u00e7\u0131kar.<\/p>\n","protected":false},"excerpt":{"rendered":"<p>Pareo Premium Kalite Klora Dayan\u0131kl\u0131 UV Korumal\u0131 Yaz Koleksiyonu Su Sporlar\u0131 \u0130\u00e7in&#8211;\u00f6zel detaylar\u0131 ile dikkat \u00e7eken bu Pareo, fonksiyonelli\u011fi ve esteti\u011fi bulu\u015fturuyor. \u00d6zel markas\u0131n\u0131n g\u00fcvencesiyle sunulan bu Pareo, 97% Polyester ve 3% Elastan kullan\u0131larak \u00fcretilmi\u015ftir. Ba\u015fl\u0131ca \u00f6zellikleri aras\u0131nda \u00f6zel detaylar\u0131 yer al\u0131r. Modelin \u00d6l\u00e7\u00fcleri: Boy: 177cm G\u00f6\u011f\u00fcs: 83cm Bel: 63cm Kal\u00e7a: 92cm. &#8212; Mankenin \u00fczerindeki [&#8230;]\n","protected":false},"featured_media":187489,"comment_status":"open","ping_status":"closed","template":"","meta":[],"product_brand":[322],"product_cat":[1119],"product_tag":[],"class_list":{"0":"post-187479","1":"product","2":"type-product","3":"status-publish","4":"has-post-thumbnail","6":"product_brand-paybuy","7":"product_cat-pareo","9":"first","10":"instock","11":"taxable","12":"shipping-taxable","13":"purchasable","14":"product-type-variable"},"_links":{"self":[{"href":"https:\/\/paybuy.com.tr\/index.php?rest_route=\/wp\/v2\/product\/187479","targetHints":{"allow":["GET"]}}],"collection":[{"href":"https:\/\/paybuy.com.tr\/index.php?rest_route=\/wp\/v2\/product"}],"about":[{"href":"https:\/\/paybuy.com.tr\/index.php?rest_route=\/wp\/v2\/types\/product"}],"replies":[{"embeddable":true,"href":"https:\/\/paybuy.com.tr\/index.php?rest_route=%2Fwp%2Fv2%2Fcomments&post=187479"}],"wp:featuredmedia":[{"embeddable":true,"href":"https:\/\/paybuy.com.tr\/index.php?rest_route=\/wp\/v2\/media\/187489"}],"wp:attachment":[{"href":"https:\/\/paybuy.com.tr\/index.php?rest_route=%2Fwp%2Fv2%2Fmedia&parent=187479"}],"wp:term":[{"taxonomy":"product_brand","embeddable":true,"href":"https:\/\/paybuy.com.tr\/index.php?rest_route=%2Fwp%2Fv2%2Fproduct_brand&post=187479"},{"taxonomy":"product_cat","embeddable":true,"href":"https:\/\/paybuy.com.tr\/index.php?rest_route=%2Fwp%2Fv2%2Fproduct_cat&post=187479"},{"taxonomy":"product_tag","embeddable":true,"href":"https:\/\/paybuy.com.tr\/index.php?rest_route=%2Fwp%2Fv2%2Fproduct_tag&post=187479"}],"curies":[{"name":"wp","href":"https:\/\/api.w.org\/{rel}","templated":true}]}}