{"id":185024,"date":"2026-02-15T04:57:28","date_gmt":"2026-02-15T01:57:28","guid":{"rendered":"https:\/\/paybuy.com.tr\/?product=straplez-mayo-hizli-kuruyan-yaz-koleksiyonu-esnek-kumas-banyo-kiyafeti"},"modified":"2026-02-18T22:43:19","modified_gmt":"2026-02-18T19:43:19","slug":"straplez-mayo-hizli-kuruyan-yaz-koleksiyonu-esnek-kumas-banyo-kiyafeti","status":"publish","type":"product","link":"https:\/\/paybuy.com.tr\/?product=straplez-mayo-hizli-kuruyan-yaz-koleksiyonu-esnek-kumas-banyo-kiyafeti","title":{"rendered":"Straplez Mayo H\u0131zl\u0131 Kuruyan Yaz Koleksiyonu Esnek Kuma\u015f Banyo K\u0131yafeti"},"content":{"rendered":"<p>Straplez Mayo H\u0131zl\u0131 Kuruyan Yaz Koleksiyonu Esnek Kuma\u015f Banyo K\u0131yafeti UV Korumal\u0131&#8211;Bu \u00f6zel tasar\u0131m mayo, \u015f\u0131kl\u0131\u011f\u0131 ve konforu bir araya getiriyor. \u00d6zel markas\u0131n\u0131n g\u00fcvencesiyle sunulan bu mayo, 80% Poliamid ve 20% Elastan kullan\u0131larak \u00fcretilmi\u015ftir. Ba\u015fl\u0131ca \u00f6zellikleri aras\u0131nda straplez kesim ile bronz izlerini minimize eden tasar\u0131m yer al\u0131r. Modelin \u00d6l\u00e7\u00fcleri: Boy: 168cm G\u00f6\u011f\u00fcs: 81cm Bel: 59cm Kal\u00e7a: 88cm. &#8212; Mankenin \u00fczerindeki \u00fcr\u00fcn S-36 bedendir.. &#8212; Materyal Bile\u015feni: 80% Poliamid,20% Elastan. &#8212; Kuma\u015f Tipi: \u00d6rme. &#8212; \u00dcr\u00fcn\u00fcn\u00fcz\u00fc daha uzun s\u00fcreli kullanabilmeniz ve \u00fcr\u00fcn\u00fcn\u00fcze uygun bak\u0131m yapabilmeniz i\u00e7in l\u00fctfen a\u015fa\u011f\u0131da belirtilen y\u0131kama talimat\u0131na uyunuz.. &#8212; Her kullan\u0131mdan sonra sabunlu \u0131l\u0131k suda elde y\u0131kay\u0131n\u0131z. A\u011fart\u0131c\u0131 ve deterjan kullanmay\u0131n\u0131z.Mayoyu \u0131slak, kapal\u0131, naylon torbada bekletmeyiniz.Tersinden sererek g\u00f6lgede kurutunuz.Florasan renkler g\u00fcne\u015fte solar, klorlu su ve g\u00fcne\u015f ya\u011f\u0131 mayonuzu bozar.. &#8212; \u00dcr\u00fcn atma kapl\u0131d\u0131r, \u00e7\u0131kar\u0131labilir.. &#8212; Arkas\u0131 normal kesimlidir.. &#8212; St\u00fcdyo \u00e7ekimlerinde renkler \u0131\u015f\u0131k farkl\u0131l\u0131\u011f\u0131ndan dolay\u0131 de\u011fi\u015fiklik g\u00f6sterebilir.. &#8212;-Materyal:Poliamid Kar\u0131\u015f\u0131ml\u0131 &#8212; Kal\u0131p:Regular &#8212; Desen:D\u00fcz &#8212; Kap:Atma Kap &#8212; Renk:K\u0131rm\u0131z\u0131 &#8212; \u00dcr\u00fcn Detay\u0131:Drapeli &#8212; \u00dcr\u00fcn Tipi:D\u00fcz &#8212; Kuma\u015f Tipi:\u00d6rme &#8212; Ek \u00d6zellik:Toparlay\u0131c\u0131 &#8212; Kol Boyu:Kolsuz &#8212; Siluet:Basic &#8212; Persona:Feminine &#8212; Dokuma Tipi:Dalg\u0131\u00e7\/Scuba &#8212; S\u00fcrd\u00fcr\u00fclebilirlik Detay\u0131:Hay\u0131r &#8212; Materyal Bile\u015feni:80% Poliamid, 20% Elastan &#8212; Alt Siluet:Brief &#8212; Ortam:Beachwear &#8212; Y\u0131kama Talimat\u0131:T34 &#8212; \u00dcst Siluet:Straplez &#8212; Arka A\u00e7\u0131kl\u0131k:Normal &#8212; Men\u015fei:TR &#8212; Sezon:Yaz &#8211;.<\/p>\n","protected":false},"excerpt":{"rendered":"<p>Straplez Mayo H\u0131zl\u0131 Kuruyan Yaz Koleksiyonu Esnek Kuma\u015f Banyo K\u0131yafeti UV Korumal\u0131&#8211;Bu \u00f6zel tasar\u0131m mayo, \u015f\u0131kl\u0131\u011f\u0131 ve konforu bir araya getiriyor. \u00d6zel markas\u0131n\u0131n g\u00fcvencesiyle sunulan bu mayo, 80% Poliamid ve 20% Elastan kullan\u0131larak \u00fcretilmi\u015ftir. Ba\u015fl\u0131ca \u00f6zellikleri aras\u0131nda straplez kesim ile bronz izlerini minimize eden tasar\u0131m yer al\u0131r. Modelin \u00d6l\u00e7\u00fcleri: Boy: 168cm G\u00f6\u011f\u00fcs: 81cm Bel: 59cm [&#8230;]\n","protected":false},"featured_media":185037,"comment_status":"open","ping_status":"closed","template":"","meta":[],"product_brand":[322],"product_cat":[1115],"product_tag":[],"class_list":{"0":"post-185024","1":"product","2":"type-product","3":"status-publish","4":"has-post-thumbnail","6":"product_brand-paybuy","7":"product_cat-mayo","9":"first","10":"instock","11":"taxable","12":"shipping-taxable","13":"purchasable","14":"product-type-variable"},"_links":{"self":[{"href":"https:\/\/paybuy.com.tr\/index.php?rest_route=\/wp\/v2\/product\/185024","targetHints":{"allow":["GET"]}}],"collection":[{"href":"https:\/\/paybuy.com.tr\/index.php?rest_route=\/wp\/v2\/product"}],"about":[{"href":"https:\/\/paybuy.com.tr\/index.php?rest_route=\/wp\/v2\/types\/product"}],"replies":[{"embeddable":true,"href":"https:\/\/paybuy.com.tr\/index.php?rest_route=%2Fwp%2Fv2%2Fcomments&post=185024"}],"wp:featuredmedia":[{"embeddable":true,"href":"https:\/\/paybuy.com.tr\/index.php?rest_route=\/wp\/v2\/media\/185037"}],"wp:attachment":[{"href":"https:\/\/paybuy.com.tr\/index.php?rest_route=%2Fwp%2Fv2%2Fmedia&parent=185024"}],"wp:term":[{"taxonomy":"product_brand","embeddable":true,"href":"https:\/\/paybuy.com.tr\/index.php?rest_route=%2Fwp%2Fv2%2Fproduct_brand&post=185024"},{"taxonomy":"product_cat","embeddable":true,"href":"https:\/\/paybuy.com.tr\/index.php?rest_route=%2Fwp%2Fv2%2Fproduct_cat&post=185024"},{"taxonomy":"product_tag","embeddable":true,"href":"https:\/\/paybuy.com.tr\/index.php?rest_route=%2Fwp%2Fv2%2Fproduct_tag&post=185024"}],"curies":[{"name":"wp","href":"https:\/\/api.w.org\/{rel}","templated":true}]}}