{"id":184121,"date":"2026-02-15T04:40:06","date_gmt":"2026-02-15T01:40:06","guid":{"rendered":"https:\/\/paybuy.com.tr\/?product=konforlu-askili-rahat-kesim-buyuk-beden-mayo-premium-kalite-genis"},"modified":"2026-02-18T22:34:09","modified_gmt":"2026-02-18T19:34:09","slug":"konforlu-askili-rahat-kesim-buyuk-beden-mayo-premium-kalite-genis","status":"publish","type":"product","link":"https:\/\/paybuy.com.tr\/?product=konforlu-askili-rahat-kesim-buyuk-beden-mayo-premium-kalite-genis","title":{"rendered":"Konforlu Ask\u0131l\u0131 Rahat Kesim B\u00fcy\u00fck Beden Mayo Premium Kalite Geni\u015f"},"content":{"rendered":"<p>Konforlu Ask\u0131l\u0131 Rahat Kesim B\u00fcy\u00fck Beden Mayo Premium Kalite Geni\u015f&#8211;Plus size modas\u0131n\u0131n en trend par\u00e7alar\u0131ndan olan bu plus size mayo, 80% Poliamid ve 20% Elastan rahatl\u0131\u011f\u0131yla g\u00fcn boyu konfor sunar. \u00d6zel markas\u0131n\u0131n g\u00fcvencesiyle sunulan bu b\u00fcy\u00fck beden mayo, 80% Poliamid ve 20% Elastan kullan\u0131larak \u00fcretilmi\u015ftir. Ba\u015fl\u0131ca \u00f6zellikleri aras\u0131nda ask\u0131 detaylar\u0131 ile rahat kullan\u0131m ve destek yer al\u0131r. Modelin \u00d6l\u00e7\u00fcleri: Boy: 171cm G\u00f6\u011f\u00fcs: 107cm Bel: 88cm Kal\u00e7a: 116cm. &#8212; Mankenin \u00fczerindeki \u00fcr\u00fcn 2XL-44 bedendir.. &#8212; Materyal Bile\u015feni: 80% Poliamid,20% Elastan. &#8212; Kuma\u015f Tipi: \u00d6rme. &#8212; \u00dcr\u00fcn\u00fcn\u00fcz\u00fc daha uzun s\u00fcreli kullanabilmeniz ve \u00fcr\u00fcn\u00fcn\u00fcze uygun bak\u0131m yapabilmeniz i\u00e7in l\u00fctfen a\u015fa\u011f\u0131da belirtilen y\u0131kama talimat\u0131na uyunuz.. &#8212; St\u00fcdyo \u00e7ekimlerinde renkler \u0131\u015f\u0131k farkl\u0131l\u0131\u011f\u0131ndan dolay\u0131 de\u011fi\u015fiklik g\u00f6sterebilir.. &#8212;-Desen:D\u00fcz &#8212; Kap:Atma Kap &#8212; Renk:Siyah &#8212; Persona:Cool &amp; Comfort &#8212; Kol Boyu:Kolsuz &#8212; Kuma\u015f Tipi:\u00d6rme &#8212; Siluet:Derin V &#8212; Materyal Bile\u015feni:80% Poliamid,20% Elastan &#8212; Ortam:Beachwear &#8212; Y\u0131kama Talimat\u0131:T34 &#8212; \u00dcst Siluet:Derin V &#8212; Men\u015fei:TR &#8212; Sezon:Yaz &#8211;. Esnek yap\u0131s\u0131 sayesinde her harekette sizinle hareket eder ve k\u0131s\u0131tlama yapmaz.<\/p>\n","protected":false},"excerpt":{"rendered":"<p>Konforlu Ask\u0131l\u0131 Rahat Kesim B\u00fcy\u00fck Beden Mayo Premium Kalite Geni\u015f&#8211;Plus size modas\u0131n\u0131n en trend par\u00e7alar\u0131ndan olan bu plus size mayo, 80% Poliamid ve 20% Elastan rahatl\u0131\u011f\u0131yla g\u00fcn boyu konfor sunar. \u00d6zel markas\u0131n\u0131n g\u00fcvencesiyle sunulan bu b\u00fcy\u00fck beden mayo, 80% Poliamid ve 20% Elastan kullan\u0131larak \u00fcretilmi\u015ftir. Ba\u015fl\u0131ca \u00f6zellikleri aras\u0131nda ask\u0131 detaylar\u0131 ile rahat kullan\u0131m ve destek [&#8230;]\n","protected":false},"featured_media":184129,"comment_status":"open","ping_status":"closed","template":"","meta":[],"product_brand":[322],"product_cat":[1115],"product_tag":[],"class_list":{"0":"post-184121","1":"product","2":"type-product","3":"status-publish","4":"has-post-thumbnail","6":"product_brand-paybuy","7":"product_cat-mayo","9":"first","10":"instock","11":"taxable","12":"shipping-taxable","13":"purchasable","14":"product-type-variable"},"_links":{"self":[{"href":"https:\/\/paybuy.com.tr\/index.php?rest_route=\/wp\/v2\/product\/184121","targetHints":{"allow":["GET"]}}],"collection":[{"href":"https:\/\/paybuy.com.tr\/index.php?rest_route=\/wp\/v2\/product"}],"about":[{"href":"https:\/\/paybuy.com.tr\/index.php?rest_route=\/wp\/v2\/types\/product"}],"replies":[{"embeddable":true,"href":"https:\/\/paybuy.com.tr\/index.php?rest_route=%2Fwp%2Fv2%2Fcomments&post=184121"}],"wp:featuredmedia":[{"embeddable":true,"href":"https:\/\/paybuy.com.tr\/index.php?rest_route=\/wp\/v2\/media\/184129"}],"wp:attachment":[{"href":"https:\/\/paybuy.com.tr\/index.php?rest_route=%2Fwp%2Fv2%2Fmedia&parent=184121"}],"wp:term":[{"taxonomy":"product_brand","embeddable":true,"href":"https:\/\/paybuy.com.tr\/index.php?rest_route=%2Fwp%2Fv2%2Fproduct_brand&post=184121"},{"taxonomy":"product_cat","embeddable":true,"href":"https:\/\/paybuy.com.tr\/index.php?rest_route=%2Fwp%2Fv2%2Fproduct_cat&post=184121"},{"taxonomy":"product_tag","embeddable":true,"href":"https:\/\/paybuy.com.tr\/index.php?rest_route=%2Fwp%2Fv2%2Fproduct_tag&post=184121"}],"curies":[{"name":"wp","href":"https:\/\/api.w.org\/{rel}","templated":true}]}}