{"id":183916,"date":"2026-02-15T04:35:55","date_gmt":"2026-02-15T01:35:55","guid":{"rendered":"https:\/\/paybuy.com.tr\/?product=konforlu-rahat-kesim-buyuk-beden-mayo-tam-destek-ergonomik"},"modified":"2026-02-18T22:32:01","modified_gmt":"2026-02-18T19:32:01","slug":"konforlu-rahat-kesim-buyuk-beden-mayo-tam-destek-ergonomik","status":"publish","type":"product","link":"https:\/\/paybuy.com.tr\/?product=konforlu-rahat-kesim-buyuk-beden-mayo-tam-destek-ergonomik","title":{"rendered":"Konforlu Rahat Kesim B\u00fcy\u00fck Beden Mayo Tam Destek Ergonomik"},"content":{"rendered":"<p>Konforlu Rahat Kesim B\u00fcy\u00fck Beden Mayo Tam Destek Ergonomik&#8211;Plus size modas\u0131n\u0131n en trend par\u00e7alar\u0131ndan olan bu plus size mayo, 90% Polyester ve 10% Elastan rahatl\u0131\u011f\u0131yla g\u00fcn boyu konfor sunar. \u00d6zel markas\u0131n\u0131n g\u00fcvencesiyle sunulan bu b\u00fcy\u00fck beden mayo, 90% Polyester ve 10% Elastan kullan\u0131larak \u00fcretilmi\u015ftir. Ba\u015fl\u0131ca \u00f6zellikleri aras\u0131nda \u00f6zel detaylar\u0131 yer al\u0131r. Modelin \u00d6l\u00e7\u00fcleri: Boy: 172cm G\u00f6\u011f\u00fcs: 101cm Bel: 84cm Kal\u00e7a: 121cm Mankenin \u00fczerindeki \u00fcr\u00fcn 2XL-44 bedendir.. &#8212; Materyal Bile\u015feni: 90% Polyester,10% Elastan. &#8212; Kuma\u015f Tipi: \u00d6rme. &#8212; \u00dcr\u00fcn\u00fcn\u00fcz\u00fc daha uzun s\u00fcreli kullanabilmeniz ve \u00fcr\u00fcn\u00fcn\u00fcze uygun bak\u0131m yapabilmeniz i\u00e7in l\u00fctfen a\u015fa\u011f\u0131da belirtilen y\u0131kama talimat\u0131na uyunuz.. &#8212; St\u00fcdyo \u00e7ekimlerinde renkler \u0131\u015f\u0131k farkl\u0131l\u0131\u011f\u0131ndan dolay\u0131 de\u011fi\u015fiklik g\u00f6sterebilir.. &#8212;-Materyal:Polyester Kar\u0131\u015f\u0131ml\u0131 &#8212; Desen:Dokulu &#8212; Kap:Atma Kap &#8212; Renk:Siyah &#8212; Persona:Cool &amp; Comfort &#8212; Kol Boyu:Kolsuz &#8212; Kuma\u015f Tipi:\u00d6rme &#8212; Siluet:Basic &#8212; S\u00fcrd\u00fcr\u00fclebilirlik Detay\u0131:Hay\u0131r &#8212; Materyal Bile\u015feni:90% Polyester,10% Elastan &#8212; Ortam:Beachwear &#8212; Y\u0131kama Talimat\u0131:T34 &#8212; \u00dcst Siluet:Yuvarlak &#8212; Men\u015fei:TR &#8212; Sezon:Yaz &#8211;.<\/p>\n","protected":false},"excerpt":{"rendered":"<p>Konforlu Rahat Kesim B\u00fcy\u00fck Beden Mayo Tam Destek Ergonomik&#8211;Plus size modas\u0131n\u0131n en trend par\u00e7alar\u0131ndan olan bu plus size mayo, 90% Polyester ve 10% Elastan rahatl\u0131\u011f\u0131yla g\u00fcn boyu konfor sunar. \u00d6zel markas\u0131n\u0131n g\u00fcvencesiyle sunulan bu b\u00fcy\u00fck beden mayo, 90% Polyester ve 10% Elastan kullan\u0131larak \u00fcretilmi\u015ftir. Ba\u015fl\u0131ca \u00f6zellikleri aras\u0131nda \u00f6zel detaylar\u0131 yer al\u0131r. Modelin \u00d6l\u00e7\u00fcleri: Boy: 172cm [&#8230;]\n","protected":false},"featured_media":183922,"comment_status":"open","ping_status":"closed","template":"","meta":[],"product_brand":[322],"product_cat":[1115],"product_tag":[],"class_list":{"0":"post-183916","1":"product","2":"type-product","3":"status-publish","4":"has-post-thumbnail","6":"product_brand-paybuy","7":"product_cat-mayo","9":"first","10":"instock","11":"taxable","12":"shipping-taxable","13":"purchasable","14":"product-type-variable"},"_links":{"self":[{"href":"https:\/\/paybuy.com.tr\/index.php?rest_route=\/wp\/v2\/product\/183916","targetHints":{"allow":["GET"]}}],"collection":[{"href":"https:\/\/paybuy.com.tr\/index.php?rest_route=\/wp\/v2\/product"}],"about":[{"href":"https:\/\/paybuy.com.tr\/index.php?rest_route=\/wp\/v2\/types\/product"}],"replies":[{"embeddable":true,"href":"https:\/\/paybuy.com.tr\/index.php?rest_route=%2Fwp%2Fv2%2Fcomments&post=183916"}],"wp:featuredmedia":[{"embeddable":true,"href":"https:\/\/paybuy.com.tr\/index.php?rest_route=\/wp\/v2\/media\/183922"}],"wp:attachment":[{"href":"https:\/\/paybuy.com.tr\/index.php?rest_route=%2Fwp%2Fv2%2Fmedia&parent=183916"}],"wp:term":[{"taxonomy":"product_brand","embeddable":true,"href":"https:\/\/paybuy.com.tr\/index.php?rest_route=%2Fwp%2Fv2%2Fproduct_brand&post=183916"},{"taxonomy":"product_cat","embeddable":true,"href":"https:\/\/paybuy.com.tr\/index.php?rest_route=%2Fwp%2Fv2%2Fproduct_cat&post=183916"},{"taxonomy":"product_tag","embeddable":true,"href":"https:\/\/paybuy.com.tr\/index.php?rest_route=%2Fwp%2Fv2%2Fproduct_tag&post=183916"}],"curies":[{"name":"wp","href":"https:\/\/api.w.org\/{rel}","templated":true}]}}