{"id":183122,"date":"2026-02-15T04:20:47","date_gmt":"2026-02-15T01:20:47","guid":{"rendered":"https:\/\/paybuy.com.tr\/?product=desenli-ucgen-bikini-takimi-premium-kalite-klora-dayanikli-yaz-koleksiyonu"},"modified":"2026-02-18T22:24:08","modified_gmt":"2026-02-18T19:24:08","slug":"desenli-ucgen-bikini-takimi-premium-kalite-klora-dayanikli-yaz-koleksiyonu","status":"publish","type":"product","link":"https:\/\/paybuy.com.tr\/?product=desenli-ucgen-bikini-takimi-premium-kalite-klora-dayanikli-yaz-koleksiyonu","title":{"rendered":"Desenli \u00dc\u00e7gen Bikini Tak\u0131m\u0131 Premium Kalite Klora Dayan\u0131kl\u0131 Yaz Koleksiyonu"},"content":{"rendered":"<p>Desenli \u00dc\u00e7gen Bikini Tak\u0131m\u0131 UV Korumal\u0131 Premium Kalite Klora Dayan\u0131kl\u0131 Yaz Koleksiyonu&#8211;Bu \u00f6zel tasar\u0131m Bikini Tak\u0131m\u0131, \u015f\u0131kl\u0131\u011f\u0131 ve konforu bir araya getiriyor. \u00d6zel markas\u0131n\u0131n g\u00fcvencesiyle sunulan bu Bikini Tak\u0131m\u0131, 80% Poliimid ve 20% Elastan kullan\u0131larak \u00fcretilmi\u015ftir. Ba\u015fl\u0131ca \u00f6zellikleri aras\u0131nda Desenli ve \u00fc\u00e7gen kesim ile minimalist ve zarif tasar\u0131m yer al\u0131r. Modelin \u00d6l\u00e7\u00fcleri: Boy: 180cm G\u00f6\u011f\u00fcs 83cm Bel: 59cm Kal\u00e7a: 89cm. &#8212; Mankenin \u00fczerindeki \u00fcr\u00fcn S-36 bedendir.. &#8212; Materyal Bile\u015feni: 80% Poliimid,20% Elastan. &#8212; Kuma\u015f Tipi: \u00d6rme. &#8212; \u00dcr\u00fcn\u00fcn\u00fcz\u00fc daha uzun s\u00fcreli kullanabilmeniz ve \u00fcr\u00fcn\u00fcn\u00fcze uygun bak\u0131m yapabilmeniz i\u00e7in l\u00fctfen a\u015fa\u011f\u0131da belirtilen y\u0131kama talimat\u0131na uyunuz.. &#8212; Her kullan\u0131mdan sonra sabunlu \u0131l\u0131k suda elde y\u0131kay\u0131n\u0131z. A\u011fart\u0131c\u0131 ve deterjan kullanmay\u0131n\u0131z.Mayoyu \u0131slak, kapal\u0131, naylon torbada bekletmeyiniz.Tersinden sererek g\u00f6lgede kurutunuz.Florasan renkler g\u00fcne\u015fte solar, klorlu su ve g\u00fcne\u015f ya\u011f\u0131 mayonuzu bozar.. &#8212; \u00dcr\u00fcn atma kapl\u0131d\u0131r, \u00e7\u0131kar\u0131labilir.. &#8212; Arkas\u0131 normal kesimlidir.. &#8212; St\u00fcdyo \u00e7ekimlerinde renkler \u0131\u015f\u0131k farkl\u0131l\u0131\u011f\u0131ndan dolay\u0131 de\u011fi\u015fiklik g\u00f6sterebilir.. &#8212;-Desen:D\u00fcz &#8212; Kap:Atma Kap &#8212; Renk:\u00c7ok Renkli &#8212; \u00dcr\u00fcn Detay\u0131:Biyeli &#8212; Kuma\u015f Tipi:\u00d6rme &#8212; \u00dcst Siluet:\u00dc\u00e7gen &#8212; Kol Boyu:Kolsuz &#8212; Persona:Fashion Forward &#8212; Bel:Y\u00fcksek Bel &#8212; Alt Siluet:Slip &#8212; Materyal Bile\u015feni:80% Poliimid, 20% Elastan &#8212; Y\u0131kama Talimat\u0131:T34 &#8212; Ortam:Beachwear &#8212; Arka A\u00e7\u0131kl\u0131k:Normal &#8212; Men\u015fei:TR &#8212; Sezon:Yaz &#8211;.<\/p>\n","protected":false},"excerpt":{"rendered":"<p>Desenli \u00dc\u00e7gen Bikini Tak\u0131m\u0131 UV Korumal\u0131 Premium Kalite Klora Dayan\u0131kl\u0131 Yaz Koleksiyonu&#8211;Bu \u00f6zel tasar\u0131m Bikini Tak\u0131m\u0131, \u015f\u0131kl\u0131\u011f\u0131 ve konforu bir araya getiriyor. \u00d6zel markas\u0131n\u0131n g\u00fcvencesiyle sunulan bu Bikini Tak\u0131m\u0131, 80% Poliimid ve 20% Elastan kullan\u0131larak \u00fcretilmi\u015ftir. Ba\u015fl\u0131ca \u00f6zellikleri aras\u0131nda Desenli ve \u00fc\u00e7gen kesim ile minimalist ve zarif tasar\u0131m yer al\u0131r. Modelin \u00d6l\u00e7\u00fcleri: Boy: 180cm G\u00f6\u011f\u00fcs [&#8230;]\n","protected":false},"featured_media":183133,"comment_status":"open","ping_status":"closed","template":"","meta":[],"product_brand":[322],"product_cat":[1114],"product_tag":[],"class_list":{"0":"post-183122","1":"product","2":"type-product","3":"status-publish","4":"has-post-thumbnail","6":"product_brand-paybuy","7":"product_cat-bikini-takimi","9":"first","10":"instock","11":"taxable","12":"shipping-taxable","13":"purchasable","14":"product-type-variable"},"_links":{"self":[{"href":"https:\/\/paybuy.com.tr\/index.php?rest_route=\/wp\/v2\/product\/183122","targetHints":{"allow":["GET"]}}],"collection":[{"href":"https:\/\/paybuy.com.tr\/index.php?rest_route=\/wp\/v2\/product"}],"about":[{"href":"https:\/\/paybuy.com.tr\/index.php?rest_route=\/wp\/v2\/types\/product"}],"replies":[{"embeddable":true,"href":"https:\/\/paybuy.com.tr\/index.php?rest_route=%2Fwp%2Fv2%2Fcomments&post=183122"}],"wp:featuredmedia":[{"embeddable":true,"href":"https:\/\/paybuy.com.tr\/index.php?rest_route=\/wp\/v2\/media\/183133"}],"wp:attachment":[{"href":"https:\/\/paybuy.com.tr\/index.php?rest_route=%2Fwp%2Fv2%2Fmedia&parent=183122"}],"wp:term":[{"taxonomy":"product_brand","embeddable":true,"href":"https:\/\/paybuy.com.tr\/index.php?rest_route=%2Fwp%2Fv2%2Fproduct_brand&post=183122"},{"taxonomy":"product_cat","embeddable":true,"href":"https:\/\/paybuy.com.tr\/index.php?rest_route=%2Fwp%2Fv2%2Fproduct_cat&post=183122"},{"taxonomy":"product_tag","embeddable":true,"href":"https:\/\/paybuy.com.tr\/index.php?rest_route=%2Fwp%2Fv2%2Fproduct_tag&post=183122"}],"curies":[{"name":"wp","href":"https:\/\/api.w.org\/{rel}","templated":true}]}}