{"id":182207,"date":"2026-02-15T04:03:09","date_gmt":"2026-02-15T01:03:09","guid":{"rendered":"https:\/\/paybuy.com.tr\/?product=baglamali-simli-bikini-takimi-ozel-tasarim-klora-dayanikli-hizli-kuruyan"},"modified":"2026-02-18T22:14:17","modified_gmt":"2026-02-18T19:14:17","slug":"baglamali-simli-bikini-takimi-ozel-tasarim-klora-dayanikli-hizli-kuruyan","status":"publish","type":"product","link":"https:\/\/paybuy.com.tr\/?product=baglamali-simli-bikini-takimi-ozel-tasarim-klora-dayanikli-hizli-kuruyan","title":{"rendered":"Ba\u011flamal\u0131 Simli Bikini Tak\u0131m\u0131 \u00d6zel Tasar\u0131m Klora Dayan\u0131kl\u0131 H\u0131zl\u0131 Kuruyan"},"content":{"rendered":"<p>Ba\u011flamal\u0131 Simli Bikini Tak\u0131m\u0131 \u00d6zel Tasar\u0131m Klora Dayan\u0131kl\u0131 UV Korumal\u0131 H\u0131zl\u0131 Kuruyan&#8211;ayarlanabilir ba\u011flama detaylar\u0131 ile ki\u015fiselle\u015ftirilmi\u015f kullan\u0131m ve Simli ile dikkat \u00e7eken bu Bikini Tak\u0131m\u0131, fonksiyonelli\u011fi ve esteti\u011fi bulu\u015fturuyor. \u00d6zel markas\u0131n\u0131n g\u00fcvencesiyle sunulan bu Bikini Tak\u0131m\u0131, 57% Polyester ve 24% Viskoz ve 15% Metal ve 4% Elastan kullan\u0131larak \u00fcretilmi\u015ftir. Ba\u015fl\u0131ca \u00f6zellikleri aras\u0131nda ayarlanabilir ba\u011flama detaylar\u0131 ile ki\u015fiselle\u015ftirilmi\u015f kullan\u0131m ve Simli yer al\u0131r. Modelin \u00d6l\u00e7\u00fcleri: Boy: 179cm G\u00f6\u011f\u00fcs: 85cm Bel: 60cm Kal\u00e7a: 90cm. &#8212; Mankenin \u00fczerindeki \u00fcr\u00fcn S-36 bedendir.. &#8212; Materyal Bile\u015feni: 57% Polyester,24% Viskoz,15% Metal,4% Elastan. &#8212; Kuma\u015f Tipi: \u00d6rme. &#8212; \u00dcr\u00fcn\u00fcn\u00fcz\u00fc daha uzun s\u00fcreli kullanabilmeniz ve \u00fcr\u00fcn\u00fcn\u00fcze uygun bak\u0131m yapabilmeniz i\u00e7in l\u00fctfen a\u015fa\u011f\u0131da belirtilen y\u0131kama talimat\u0131na uyunuz.. &#8212; Her kullan\u0131mdan sonra sabunlu \u0131l\u0131k suda elde y\u0131kay\u0131n\u0131z. A\u011fart\u0131c\u0131 ve deterjan kullanmay\u0131n\u0131z.Mayoyu \u0131slak, kapal\u0131, naylon torbada bekletmeyiniz.Tersinden sererek g\u00f6lgede kurutunuz.Florasan renkler g\u00fcne\u015fte solar, klorlu su ve g\u00fcne\u015f ya\u011f\u0131 mayonuzu bozar.. &#8212; \u00dcr\u00fcn atma kapl\u0131d\u0131r, \u00e7\u0131kar\u0131labilir.. &#8212; Arkas\u0131 normal kesimlidir.. &#8212; St\u00fcdyo \u00e7ekimlerinde renkler \u0131\u015f\u0131k farkl\u0131l\u0131\u011f\u0131ndan dolay\u0131 de\u011fi\u015fiklik g\u00f6sterebilir.. &#8212;-Desen:D\u00fcz &#8212; Kap:Atma Kap &#8212; Renk:Lacivert &#8212; \u00dcr\u00fcn Detay\u0131:Ba\u011flamal\u0131 &#8212; Kuma\u015f Tipi:\u00d6rme &#8212; \u00dcst Siluet:Balconette &#8212; Dokuma Tipi:Parlak &#8212; Kol Boyu:Kolsuz &#8212; Persona:Fashion Forward &#8212; Bel:Y\u00fcksek Bel &#8212; Alt Siluet:Brief &#8212; Materyal Bile\u015feni:57% Polyester, 24% Viskoz, 15% Metal, 4% Elastan &#8212; Y\u0131kama Talimat\u0131:T34 &#8212; Ortam:Beachwear &#8212; Arka A\u00e7\u0131kl\u0131k:Normal &#8212; Men\u015fei:TR &#8212; Sezon:Yaz &#8211;.<\/p>\n","protected":false},"excerpt":{"rendered":"<p>Ba\u011flamal\u0131 Simli Bikini Tak\u0131m\u0131 \u00d6zel Tasar\u0131m Klora Dayan\u0131kl\u0131 UV Korumal\u0131 H\u0131zl\u0131 Kuruyan&#8211;ayarlanabilir ba\u011flama detaylar\u0131 ile ki\u015fiselle\u015ftirilmi\u015f kullan\u0131m ve Simli ile dikkat \u00e7eken bu Bikini Tak\u0131m\u0131, fonksiyonelli\u011fi ve esteti\u011fi bulu\u015fturuyor. \u00d6zel markas\u0131n\u0131n g\u00fcvencesiyle sunulan bu Bikini Tak\u0131m\u0131, 57% Polyester ve 24% Viskoz ve 15% Metal ve 4% Elastan kullan\u0131larak \u00fcretilmi\u015ftir. Ba\u015fl\u0131ca \u00f6zellikleri aras\u0131nda ayarlanabilir ba\u011flama detaylar\u0131 [&#8230;]\n","protected":false},"featured_media":182223,"comment_status":"open","ping_status":"closed","template":"","meta":[],"product_brand":[322],"product_cat":[1114],"product_tag":[],"class_list":{"0":"post-182207","1":"product","2":"type-product","3":"status-publish","4":"has-post-thumbnail","6":"product_brand-paybuy","7":"product_cat-bikini-takimi","9":"first","10":"instock","11":"taxable","12":"shipping-taxable","13":"purchasable","14":"product-type-variable"},"_links":{"self":[{"href":"https:\/\/paybuy.com.tr\/index.php?rest_route=\/wp\/v2\/product\/182207","targetHints":{"allow":["GET"]}}],"collection":[{"href":"https:\/\/paybuy.com.tr\/index.php?rest_route=\/wp\/v2\/product"}],"about":[{"href":"https:\/\/paybuy.com.tr\/index.php?rest_route=\/wp\/v2\/types\/product"}],"replies":[{"embeddable":true,"href":"https:\/\/paybuy.com.tr\/index.php?rest_route=%2Fwp%2Fv2%2Fcomments&post=182207"}],"wp:featuredmedia":[{"embeddable":true,"href":"https:\/\/paybuy.com.tr\/index.php?rest_route=\/wp\/v2\/media\/182223"}],"wp:attachment":[{"href":"https:\/\/paybuy.com.tr\/index.php?rest_route=%2Fwp%2Fv2%2Fmedia&parent=182207"}],"wp:term":[{"taxonomy":"product_brand","embeddable":true,"href":"https:\/\/paybuy.com.tr\/index.php?rest_route=%2Fwp%2Fv2%2Fproduct_brand&post=182207"},{"taxonomy":"product_cat","embeddable":true,"href":"https:\/\/paybuy.com.tr\/index.php?rest_route=%2Fwp%2Fv2%2Fproduct_cat&post=182207"},{"taxonomy":"product_tag","embeddable":true,"href":"https:\/\/paybuy.com.tr\/index.php?rest_route=%2Fwp%2Fv2%2Fproduct_tag&post=182207"}],"curies":[{"name":"wp","href":"https:\/\/api.w.org\/{rel}","templated":true}]}}