{"id":179769,"date":"2026-02-15T03:03:54","date_gmt":"2026-02-15T00:03:54","guid":{"rendered":"https:\/\/paybuy.com.tr\/?product=kadin-elegant-ayakkabi-cift-platform-tasli-ozel-tasarim-abiye-ayakkabi"},"modified":"2026-02-18T21:44:25","modified_gmt":"2026-02-18T18:44:25","slug":"kadin-elegant-ayakkabi-cift-platform-tasli-ozel-tasarim-abiye-ayakkabi","status":"publish","type":"product","link":"https:\/\/paybuy.com.tr\/?product=kadin-elegant-ayakkabi-cift-platform-tasli-ozel-tasarim-abiye-ayakkabi","title":{"rendered":"Kad\u0131n Elegant Ayakkab\u0131 \u00c7ift Platform Ta\u015fl\u0131 \u00d6zel Tasar\u0131m Abiye Ayakkab\u0131"},"content":{"rendered":"<p>Ayaklar\u0131n\u0131zda stilin ve konforun m\u00fckemmel uyumu.Kad\u0131n \u00c7ift Platform Ta\u015fl\u0131 Tasar\u0131m Ayakkab\u0131, Topuk Boyu: 15 cm y\u00fcksekli\u011fiyle zarafetin simgesi oluyor. G\u00fcnl\u00fck kombinlerden \u00f6zel etkinliklere kadar geni\u015f kullan\u0131m alan\u0131na sahip olan bu ayakkab\u0131, g\u00fcn boyu konfor sa\u011flayacak \u015fekilde tasarland\u0131. Zamans\u0131z tasar\u0131m\u0131yla her kad\u0131n\u0131n dolab\u0131nda yer bulacak.<\/p>\n<p>\u00d6zellikler:<br \/>\n&#8211; Topuk Y\u00fcksekli\u011fi: Topuk Boyu: 15 cm<br \/>\n&#8211; Nefes alabilir i\u00e7 y\u00fczey tasar\u0131m\u0131<br \/>\n&#8211; Dayan\u0131kl\u0131 d\u0131\u015f materyal ve zarif detaylar<br \/>\n&#8211; Uzun s\u00fcreli rahatl\u0131k i\u00e7in destekli taban<\/p>\n<p>Kombin \u00d6nerisi:<br \/>\n\u015e\u0131k bir blazer ceket ve skinny jean ile tamamlayabilir veya uzun elbiselerle feminen bir stil olu\u015fturabilirsiniz. <br \/>Ayakkab\u0131 Beden Tablosu: <br \/> 33 numara: Ayak uzunlu\u011fu 21 cm\u00a0<br \/> 34 numara: Ayak uzunlu\u011fu 21.5 cm\u00a0<br \/> 35 numara: Ayak uzunlu\u011fu 22 cm\u00a0<br \/> 36 numara: Ayak uzunlu\u011fu 22.5 cm\u00a0<br \/> 37 numara: Ayak uzunlu\u011fu 23 cm\u00a0<br \/> 38 numara: Ayak uzunlu\u011fu 23.5 cm\u00a0<br \/> 39 numara: Ayak uzunlu\u011fu 24.5 cm\u00a0<br \/> 40 numara: Ayak uzunlu\u011fu 25 cm\u00a0<br \/> 41 numara: Ayak uzunlu\u011fu 26 cm\u00a0<br \/> 42 numara: Ayak uzunlu\u011fu 27 cm\u00a0<br \/> 43 numara: Ayak uzunlu\u011fu 27.5 cm<\/p>\n","protected":false},"excerpt":{"rendered":"<p>Ayaklar\u0131n\u0131zda stilin ve konforun m\u00fckemmel uyumu.Kad\u0131n \u00c7ift Platform Ta\u015fl\u0131 Tasar\u0131m Ayakkab\u0131, Topuk Boyu: 15 cm y\u00fcksekli\u011fiyle zarafetin simgesi oluyor. G\u00fcnl\u00fck kombinlerden \u00f6zel etkinliklere kadar geni\u015f kullan\u0131m alan\u0131na sahip olan bu ayakkab\u0131, g\u00fcn boyu konfor sa\u011flayacak \u015fekilde tasarland\u0131. Zamans\u0131z tasar\u0131m\u0131yla her kad\u0131n\u0131n dolab\u0131nda yer bulacak. \u00d6zellikler: &#8211; Topuk Y\u00fcksekli\u011fi: Topuk Boyu: 15 cm &#8211; Nefes alabilir [&#8230;]\n","protected":false},"featured_media":179776,"comment_status":"open","ping_status":"closed","template":"","meta":[],"product_brand":[322],"product_cat":[1025],"product_tag":[],"class_list":{"0":"post-179769","1":"product","2":"type-product","3":"status-publish","4":"has-post-thumbnail","6":"product_brand-paybuy","7":"product_cat-abiye-ayakkabi","9":"first","10":"instock","11":"taxable","12":"shipping-taxable","13":"purchasable","14":"product-type-variable"},"_links":{"self":[{"href":"https:\/\/paybuy.com.tr\/index.php?rest_route=\/wp\/v2\/product\/179769","targetHints":{"allow":["GET"]}}],"collection":[{"href":"https:\/\/paybuy.com.tr\/index.php?rest_route=\/wp\/v2\/product"}],"about":[{"href":"https:\/\/paybuy.com.tr\/index.php?rest_route=\/wp\/v2\/types\/product"}],"replies":[{"embeddable":true,"href":"https:\/\/paybuy.com.tr\/index.php?rest_route=%2Fwp%2Fv2%2Fcomments&post=179769"}],"wp:featuredmedia":[{"embeddable":true,"href":"https:\/\/paybuy.com.tr\/index.php?rest_route=\/wp\/v2\/media\/179776"}],"wp:attachment":[{"href":"https:\/\/paybuy.com.tr\/index.php?rest_route=%2Fwp%2Fv2%2Fmedia&parent=179769"}],"wp:term":[{"taxonomy":"product_brand","embeddable":true,"href":"https:\/\/paybuy.com.tr\/index.php?rest_route=%2Fwp%2Fv2%2Fproduct_brand&post=179769"},{"taxonomy":"product_cat","embeddable":true,"href":"https:\/\/paybuy.com.tr\/index.php?rest_route=%2Fwp%2Fv2%2Fproduct_cat&post=179769"},{"taxonomy":"product_tag","embeddable":true,"href":"https:\/\/paybuy.com.tr\/index.php?rest_route=%2Fwp%2Fv2%2Fproduct_tag&post=179769"}],"curies":[{"name":"wp","href":"https:\/\/api.w.org\/{rel}","templated":true}]}}