{"id":143246,"date":"2026-02-14T00:06:17","date_gmt":"2026-02-13T21:06:17","guid":{"rendered":"https:\/\/paybuy.com.tr\/?product=kadin-pamuklu-regular-kalip-kisa-kollu-pijama-takimi-trend-tasarim"},"modified":"2026-02-18T14:46:39","modified_gmt":"2026-02-18T11:46:39","slug":"kadin-pamuklu-regular-kalip-kisa-kollu-pijama-takimi-trend-tasarim","status":"publish","type":"product","link":"https:\/\/paybuy.com.tr\/?product=kadin-pamuklu-regular-kalip-kisa-kollu-pijama-takimi-trend-tasarim","title":{"rendered":"Kad\u0131n Pamuklu Regular Kal\u0131p K\u0131sa Kollu Pijama Tak\u0131m\u0131 Trend Tasar\u0131m"},"content":{"rendered":"<p>Yaz aylar\u0131n\u0131n s\u0131cak gecelerinde kendinizi serin ve rahat hissetmenizi sa\u011flayacak, \u015f\u0131k ve kullan\u0131\u015fl\u0131 bir pijama tak\u0131m\u0131 ar\u0131yorsan\u0131z do\u011fru yerdesiniz! %100 pamuk poplin kuma\u015ftan \u00fcretilen bu pijama tak\u0131m\u0131, yumu\u015fak dokusuyla cildinize nazik\u00e7e dokunur.; Regular kal\u0131b\u0131yla v\u00fccudunuza tam oturur ve g\u00fcn boyu rahat hareket etmenizi sa\u011flar.; K\u0131sa kollu \u00fcst k\u0131sm\u0131 ve \u015fort alt k\u0131sm\u0131yla ideal bir yazl\u0131k pijama tak\u0131m\u0131d\u0131r.; Brodeli detay\u0131yla sade tasar\u0131m\u0131n \u015f\u0131kl\u0131\u011f\u0131n\u0131 yakalayan bu pijama tak\u0131m\u0131, evde dinlenirken, uyurken veya misafir a\u011f\u0131rlamada rahatl\u0131kla kullanabilirsiniz.; Makinede y\u0131kanabilir \u00f6zelli\u011fiyle de kolay temizlik sa\u011flar.; Bu pijama tak\u0131m\u0131yla kendinizi \u00f6zel hissedeceksiniz.; Rahatl\u0131\u011f\u0131 ve \u015f\u0131kl\u0131\u011f\u0131 bir arada sunan bu tak\u0131m, yaz aylar\u0131n\u0131n vazge\u00e7ilmez par\u00e7as\u0131 olacak.; Yumu\u015fak ve nefes alan %100 pamuk poplin kuma\u015f, g\u00fcn boyu konfor sunar.; Regular kal\u0131p, her v\u00fccut tipine uyum sa\u011flar.; K\u0131sa kollar ve \u015fort, yaz s\u0131ca\u011f\u0131nda serin kalman\u0131za yard\u0131mc\u0131 olur.; Brodeli detay\u0131, tak\u0131m\u0131n \u015f\u0131kl\u0131\u011f\u0131n\u0131 tamamlar.; Evinizde veya tatilde rahatl\u0131kla kullanabilirsiniz.; Pijama tak\u0131m\u0131, S-M-L beden se\u00e7enekleriyle sunulmaktad\u0131r.; Boyu regular olup, 1.60-1.75 cm boyundaki kad\u0131nlar i\u00e7in uygundur.; Hem g\u00fcnl\u00fck giyim hem de uyumak i\u00e7in m\u00fckemmeldir.; Birbirleriyle m\u00fckemmel uyum sa\u011flayan g\u00f6mlek ve \u015fort, \u015f\u0131k ve rahat bir g\u00f6r\u00fcn\u00fcm sunar.; G\u00fcnl\u00fck kullan\u0131m ve kolay bak\u0131m i\u00e7in idealdir.; &#8211; Materyal: %100 Pamuk- Yaka Tipi: G\u00f6mlek Yaka- \u00dcr\u00fcn Detay\u0131: Brodeli- Alt-\u00dcst Tak\u0131m: G\u00f6mlek-\u015eort- Kal\u0131p: Regular- Dokuma Tipi: Poplin- Ortam: Lounge\/Home- Y\u0131kama Talimat\u0131: T52- Paket \u0130\u00e7eri\u011fi: 2li- Sezon: Yaz<\/p>\n","protected":false},"excerpt":{"rendered":"<p>Yaz aylar\u0131n\u0131n s\u0131cak gecelerinde kendinizi serin ve rahat hissetmenizi sa\u011flayacak, \u015f\u0131k ve kullan\u0131\u015fl\u0131 bir pijama tak\u0131m\u0131 ar\u0131yorsan\u0131z do\u011fru yerdesiniz! %100 pamuk poplin kuma\u015ftan \u00fcretilen bu pijama tak\u0131m\u0131, yumu\u015fak dokusuyla cildinize nazik\u00e7e dokunur.; Regular kal\u0131b\u0131yla v\u00fccudunuza tam oturur ve g\u00fcn boyu rahat hareket etmenizi sa\u011flar.; K\u0131sa kollu \u00fcst k\u0131sm\u0131 ve \u015fort alt k\u0131sm\u0131yla ideal bir yazl\u0131k [&#8230;]\n","protected":false},"featured_media":76075,"comment_status":"open","ping_status":"closed","template":"","meta":[],"product_brand":[322],"product_cat":[1067],"product_tag":[],"class_list":{"0":"post-143246","1":"product","2":"type-product","3":"status-publish","4":"has-post-thumbnail","6":"product_brand-paybuy","7":"product_cat-pijama-takimi","9":"first","10":"instock","11":"taxable","12":"shipping-taxable","13":"purchasable","14":"product-type-variable"},"_links":{"self":[{"href":"https:\/\/paybuy.com.tr\/index.php?rest_route=\/wp\/v2\/product\/143246","targetHints":{"allow":["GET"]}}],"collection":[{"href":"https:\/\/paybuy.com.tr\/index.php?rest_route=\/wp\/v2\/product"}],"about":[{"href":"https:\/\/paybuy.com.tr\/index.php?rest_route=\/wp\/v2\/types\/product"}],"replies":[{"embeddable":true,"href":"https:\/\/paybuy.com.tr\/index.php?rest_route=%2Fwp%2Fv2%2Fcomments&post=143246"}],"wp:featuredmedia":[{"embeddable":true,"href":"https:\/\/paybuy.com.tr\/index.php?rest_route=\/wp\/v2\/media\/76075"}],"wp:attachment":[{"href":"https:\/\/paybuy.com.tr\/index.php?rest_route=%2Fwp%2Fv2%2Fmedia&parent=143246"}],"wp:term":[{"taxonomy":"product_brand","embeddable":true,"href":"https:\/\/paybuy.com.tr\/index.php?rest_route=%2Fwp%2Fv2%2Fproduct_brand&post=143246"},{"taxonomy":"product_cat","embeddable":true,"href":"https:\/\/paybuy.com.tr\/index.php?rest_route=%2Fwp%2Fv2%2Fproduct_cat&post=143246"},{"taxonomy":"product_tag","embeddable":true,"href":"https:\/\/paybuy.com.tr\/index.php?rest_route=%2Fwp%2Fv2%2Fproduct_tag&post=143246"}],"curies":[{"name":"wp","href":"https:\/\/api.w.org\/{rel}","templated":true}]}}