{"id":137564,"date":"2026-02-13T19:57:18","date_gmt":"2026-02-13T16:57:18","guid":{"rendered":"https:\/\/paybuy.com.tr\/?product=kadin-moda-sik-klasik-kisa-dugun-nisan-gece-abiye-ayakkabi"},"modified":"2026-02-25T16:50:39","modified_gmt":"2026-02-25T13:50:39","slug":"kadin-moda-sik-klasik-kisa-dugun-nisan-gece-abiye-ayakkabi","status":"publish","type":"product","link":"https:\/\/paybuy.com.tr\/?product=kadin-moda-sik-klasik-kisa-dugun-nisan-gece-abiye-ayakkabi","title":{"rendered":"Kad\u0131n Moda \u015e\u0131k Klasik K\u0131sa D\u00fc\u011f\u00fcn Ni\u015fan Gece Abiye Ayakkab\u0131"},"content":{"rendered":"<p>KADIN KLAS\u0130K KISA TOPUKLU AB\u0130YE AYAKKABI modeli, \u015f\u0131kl\u0131\u011f\u0131 ve konforu bir araya getirerek \u00f6zel g\u00fcnler, davetler ve gece organizasyonlar\u0131 i\u00e7in ideal bir tercihtir.; Modern tasar\u0131m\u0131 ve kaliteli yap\u0131s\u0131 sayesinde stilinize zarafet katar.; Topuklu yap\u0131s\u0131yla duru\u015funuzu g\u00fczelle\u015ftirirken, rahat kal\u0131b\u0131 ile g\u00fcn boyu konfor sunar.; Materyal:S\u00fcet Topuk Tipi:Kal\u0131n Topuklu Topuk Boyu:Orta Topuklu (5-9 cm) Renk:Siyah \u0130\u00e7 Taban Materyali:Suni Deri Astar Materyali:Suni Deri Saya Materyali:S\u00fcet S\u00fcrd\u00fcr\u00fclebilirlik Detay\u0131:Hay\u0131r Ortam:Business Y\u0131kama Talimat\u0131:Type 4 Desen:D\u00fcz Koleksiyon:Young Ayakkab\u0131 Beden Tablosu: 33 numara: Ayak uzunlu\u011fu 21 cm 34 numara: Ayak uzunlu\u011fu 21.5 cm 35 numara: Ayak uzunlu\u011fu 22 cm 36 numara: Ayak uzunlu\u011fu 22.5 cm 37 numara: Ayak uzunlu\u011fu 23 cm 38 numara: Ayak uzunlu\u011fu 23.5 cm 39 numara: Ayak uzunlu\u011fu 24.5 cm 40 numara: Ayak uzunlu\u011fu 25 cm 41 numara: Ayak uzunlu\u011fu 26 cm 42 numara: Ayak uzunlu\u011fu 27 cm 43 numara: Ayak uzunlu\u011fu 27.5 cm<\/p>\n","protected":false},"excerpt":{"rendered":"<p>KADIN KLAS\u0130K KISA TOPUKLU AB\u0130YE AYAKKABI modeli, \u015f\u0131kl\u0131\u011f\u0131 ve konforu bir araya getirerek \u00f6zel g\u00fcnler, davetler ve gece organizasyonlar\u0131 i\u00e7in ideal bir tercihtir.; Modern tasar\u0131m\u0131 ve kaliteli yap\u0131s\u0131 sayesinde stilinize zarafet katar.; Topuklu yap\u0131s\u0131yla duru\u015funuzu g\u00fczelle\u015ftirirken, rahat kal\u0131b\u0131 ile g\u00fcn boyu konfor sunar.; Materyal:S\u00fcet Topuk Tipi:Kal\u0131n Topuklu Topuk Boyu:Orta Topuklu (5-9 cm) Renk:Siyah \u0130\u00e7 Taban [&#8230;]\n","protected":false},"featured_media":137613,"comment_status":"open","ping_status":"closed","template":"","meta":[],"product_brand":[322],"product_cat":[1025],"product_tag":[],"class_list":{"0":"post-137564","1":"product","2":"type-product","3":"status-publish","4":"has-post-thumbnail","6":"product_brand-paybuy","7":"product_cat-abiye-ayakkabi","9":"first","10":"instock","11":"taxable","12":"shipping-taxable","13":"purchasable","14":"product-type-variable"},"_links":{"self":[{"href":"https:\/\/paybuy.com.tr\/index.php?rest_route=\/wp\/v2\/product\/137564","targetHints":{"allow":["GET"]}}],"collection":[{"href":"https:\/\/paybuy.com.tr\/index.php?rest_route=\/wp\/v2\/product"}],"about":[{"href":"https:\/\/paybuy.com.tr\/index.php?rest_route=\/wp\/v2\/types\/product"}],"replies":[{"embeddable":true,"href":"https:\/\/paybuy.com.tr\/index.php?rest_route=%2Fwp%2Fv2%2Fcomments&post=137564"}],"wp:featuredmedia":[{"embeddable":true,"href":"https:\/\/paybuy.com.tr\/index.php?rest_route=\/wp\/v2\/media\/137613"}],"wp:attachment":[{"href":"https:\/\/paybuy.com.tr\/index.php?rest_route=%2Fwp%2Fv2%2Fmedia&parent=137564"}],"wp:term":[{"taxonomy":"product_brand","embeddable":true,"href":"https:\/\/paybuy.com.tr\/index.php?rest_route=%2Fwp%2Fv2%2Fproduct_brand&post=137564"},{"taxonomy":"product_cat","embeddable":true,"href":"https:\/\/paybuy.com.tr\/index.php?rest_route=%2Fwp%2Fv2%2Fproduct_cat&post=137564"},{"taxonomy":"product_tag","embeddable":true,"href":"https:\/\/paybuy.com.tr\/index.php?rest_route=%2Fwp%2Fv2%2Fproduct_tag&post=137564"}],"curies":[{"name":"wp","href":"https:\/\/api.w.org\/{rel}","templated":true}]}}