{"id":131091,"date":"2026-02-13T17:41:46","date_gmt":"2026-02-13T14:41:46","guid":{"rendered":"https:\/\/paybuy.com.tr\/?product=kadin-platform-detayli-ince-topuklu-arkasi-acik-sik-ayakkabi"},"modified":"2026-02-18T13:06:07","modified_gmt":"2026-02-18T10:06:07","slug":"kadin-platform-detayli-ince-topuklu-arkasi-acik-sik-ayakkabi","status":"publish","type":"product","link":"https:\/\/paybuy.com.tr\/?product=kadin-platform-detayli-ince-topuklu-arkasi-acik-sik-ayakkabi","title":{"rendered":"Kad\u0131n Platform Detayl\u0131 \u0130nce Topuklu Arkas\u0131 A\u00e7\u0131k \u015e\u0131k Ayakkab\u0131"},"content":{"rendered":"<p>Modern \u00e7izgilerle tasarlanan bu platformlu ayakkab\u0131, 12 cm topu\u011fu ve 2,5 cm platformu sayesinde \u015f\u0131kl\u0131\u011f\u0131 ve rahatl\u0131\u011f\u0131 bir araya getiriyor.; A\u00e7\u0131k topuk detay\u0131 ile \u00f6zg\u00fcr ad\u0131mlar atarken, iddial\u0131 g\u00f6r\u00fcn\u00fcm\u00fcn\u00fcz\u00fc her kombinde \u00f6ne \u00e7\u0131karabilirsiniz.; Kombin \u00f6nerisi: Skinny jean ve basic ti\u015f\u00f6rt kombinine \u015f\u0131kl\u0131k katabilirsiniz.; \u00f6zel g\u00fcnlerde u\u00e7u\u015fan maxi elbiselerle zarif bir duru\u015f yakalayabilirsiniz.; \u00fcr\u00fcn \u00f6zellikleri: Topuk Boyu: 12 cm Platform Boyu: 2,5 cm A\u00e7\u0131k topuk, bilekten lastik detay Rahat kal\u0131p ve kaymaz taban Parlak ve modern y\u00fczey dokusu Ayakkab\u0131 Beden Tablosu: 33 numara: Ayak uzunlu\u011fu 21 cm 34 numara: Ayak uzunlu\u011fu 21.5 cm 35 numara: Ayak uzunlu\u011fu 22 cm 36 numara: Ayak uzunlu\u011fu 22.5 cm 37 numara: Ayak uzunlu\u011fu 23 cm 38 numara: Ayak uzunlu\u011fu 23.5 cm 39 numara: Ayak uzunlu\u011fu 24.5 cm 40 numara: Ayak uzunlu\u011fu 25 cm 41 numara: Ayak uzunlu\u011fu 26 cm 42 numara: Ayak uzunlu\u011fu 27 cm 43 numara: Ayak uzunlu\u011fu 27.5 cm<\/p>\n","protected":false},"excerpt":{"rendered":"<p>Modern \u00e7izgilerle tasarlanan bu platformlu ayakkab\u0131, 12 cm topu\u011fu ve 2,5 cm platformu sayesinde \u015f\u0131kl\u0131\u011f\u0131 ve rahatl\u0131\u011f\u0131 bir araya getiriyor.; A\u00e7\u0131k topuk detay\u0131 ile \u00f6zg\u00fcr ad\u0131mlar atarken, iddial\u0131 g\u00f6r\u00fcn\u00fcm\u00fcn\u00fcz\u00fc her kombinde \u00f6ne \u00e7\u0131karabilirsiniz.; Kombin \u00f6nerisi: Skinny jean ve basic ti\u015f\u00f6rt kombinine \u015f\u0131kl\u0131k katabilirsiniz.; \u00f6zel g\u00fcnlerde u\u00e7u\u015fan maxi elbiselerle zarif bir duru\u015f yakalayabilirsiniz.; \u00fcr\u00fcn \u00f6zellikleri: Topuk [&#8230;]\n","protected":false},"featured_media":131137,"comment_status":"open","ping_status":"closed","template":"","meta":[],"product_brand":[322],"product_cat":[1025],"product_tag":[],"class_list":{"0":"post-131091","1":"product","2":"type-product","3":"status-publish","4":"has-post-thumbnail","6":"product_brand-paybuy","7":"product_cat-abiye-ayakkabi","9":"first","10":"instock","11":"sale","12":"taxable","13":"shipping-taxable","14":"purchasable","15":"product-type-variable"},"_links":{"self":[{"href":"https:\/\/paybuy.com.tr\/index.php?rest_route=\/wp\/v2\/product\/131091","targetHints":{"allow":["GET"]}}],"collection":[{"href":"https:\/\/paybuy.com.tr\/index.php?rest_route=\/wp\/v2\/product"}],"about":[{"href":"https:\/\/paybuy.com.tr\/index.php?rest_route=\/wp\/v2\/types\/product"}],"replies":[{"embeddable":true,"href":"https:\/\/paybuy.com.tr\/index.php?rest_route=%2Fwp%2Fv2%2Fcomments&post=131091"}],"wp:featuredmedia":[{"embeddable":true,"href":"https:\/\/paybuy.com.tr\/index.php?rest_route=\/wp\/v2\/media\/131137"}],"wp:attachment":[{"href":"https:\/\/paybuy.com.tr\/index.php?rest_route=%2Fwp%2Fv2%2Fmedia&parent=131091"}],"wp:term":[{"taxonomy":"product_brand","embeddable":true,"href":"https:\/\/paybuy.com.tr\/index.php?rest_route=%2Fwp%2Fv2%2Fproduct_brand&post=131091"},{"taxonomy":"product_cat","embeddable":true,"href":"https:\/\/paybuy.com.tr\/index.php?rest_route=%2Fwp%2Fv2%2Fproduct_cat&post=131091"},{"taxonomy":"product_tag","embeddable":true,"href":"https:\/\/paybuy.com.tr\/index.php?rest_route=%2Fwp%2Fv2%2Fproduct_tag&post=131091"}],"curies":[{"name":"wp","href":"https:\/\/api.w.org\/{rel}","templated":true}]}}