{"id":126172,"date":"2026-02-13T16:29:01","date_gmt":"2026-02-13T13:29:01","guid":{"rendered":"https:\/\/paybuy.com.tr\/?product=kadin-capraz-tokali-topuklu-ayakkabi-sivri-burun-sik-stiletto"},"modified":"2026-02-25T16:48:46","modified_gmt":"2026-02-25T13:48:46","slug":"kadin-capraz-tokali-topuklu-ayakkabi-sivri-burun-sik-stiletto","status":"publish","type":"product","link":"https:\/\/paybuy.com.tr\/?product=kadin-capraz-tokali-topuklu-ayakkabi-sivri-burun-sik-stiletto","title":{"rendered":"Kad\u0131n \u00c7apraz Tokal\u0131 Topuklu Ayakkab\u0131 Sivri Burun \u015e\u0131k Stiletto"},"content":{"rendered":"<div id=\"rich-content-wrapper\">\n<p><strong>A\u00e7\u0131klama<\/strong><br \/> Minimal dokunu\u015flarla \u00f6ne \u00e7\u0131kan bu topuklu ayakkab\u0131 zarif \u00e7apraz bant detay\u0131 ve tokal\u0131 bilek tasar\u0131m\u0131yla hem \u015f\u0131kl\u0131\u011f\u0131 hem dengeyi bir arada sunar Sivri burun formu ayak siluetini daha uzun g\u00f6sterirken ince topuk detaylar\u0131 feminenli\u011fi vurgular Hem ofis stilinde zarif bir tamamlay\u0131c\u0131 hem de \u00f6zel davetlerde iddial\u0131 bir par\u00e7a olarak \u00f6ne \u00e7\u0131kar<\/p>\n<p><strong>\u00fcr\u00fcn \u00f6zellikleri<\/strong><\/p>\n<ul>\n<li>\n<p>\u0130nce topuk yap\u0131s\u0131 ile zarif ve \u015f\u0131k duru\u015f<\/p>\n<\/li>\n<li>\n<p>Sivri burun tasar\u0131m\u0131 ile feminen siluet<\/p>\n<\/li>\n<li>\n<p>\u00e7apraz bilek bantlar\u0131 ile modern detaylar<\/p>\n<\/li>\n<li>\n<p>Tokal\u0131 kapan\u0131\u015f sistemi ile g\u00fcvenli kullan\u0131m<\/p>\n<\/li>\n<li>\n<p>Hem i\u015f hayat\u0131 hem \u00f6zel davet kombinlerine uygun yap\u0131<\/p>\n<\/li>\n<\/ul>\n<p><strong>Kombin \u00f6nerileri<\/strong><br \/> Kalem etek ve g\u00f6mlekle ofis stilini y\u00fckselt<br \/> Saten midi elbise ile minimal ama etkileyici bir ak\u015fam kombini olu\u015ftur<br \/> Y\u00fcksek bel pantolon ve dar body ile \u015fehirli ve net bir duru\u015f yakala<\/p>\n<p> Topuk Boyu: 10 cm<\/p>\n<p> Taban: Petli (Yumu\u015fak) \u0130\u00e7 Taban<br \/>\n <br \/> Materyal: Suni Deri<br \/>\n <br \/> \u0130\u00e7 Astar: i\u00e7 Astar<br \/>\n <br \/> \u00fcretim: %100 Yerli \u00fcretim <\/p>\n<p>Ayakkab\u0131 Beden Tablosu:<br \/>\n <br \/> 33 numara: Ayak uzunlu\u011fu 21 cm<br \/>\n <br \/> 34 numara: Ayak uzunlu\u011fu 21.5 cm<br \/>\n <br \/> 35 numara: Ayak uzunlu\u011fu 22 cm<br \/>\n <br \/> 36 numara: Ayak uzunlu\u011fu 22.5 cm<br \/>\n <br \/> 37 numara: Ayak uzunlu\u011fu 23 cm<br \/>\n <br \/> 38 numara: Ayak uzunlu\u011fu 23.5 cm<br \/>\n <br \/> 39 numara: Ayak uzunlu\u011fu 24.5 cm<br \/>\n <br \/> 40 numara: Ayak uzunlu\u011fu 25 cm<br \/>\n <br \/> 41 numara: Ayak uzunlu\u011fu 26 cm<br \/>\n <br \/> 42 numara: Ayak uzunlu\u011fu 27 cm<br \/>\n <br \/> 43 numara: Ayak uzunlu\u011fu 27.5 cm\n<\/div>\n","protected":false},"excerpt":{"rendered":"<p>A\u00e7\u0131klama Minimal dokunu\u015flarla \u00f6ne \u00e7\u0131kan bu topuklu ayakkab\u0131 zarif \u00e7apraz bant detay\u0131 ve tokal\u0131 bilek tasar\u0131m\u0131yla hem \u015f\u0131kl\u0131\u011f\u0131 hem dengeyi bir arada sunar Sivri burun formu ayak siluetini daha uzun g\u00f6sterirken ince topuk detaylar\u0131 feminenli\u011fi vurgular Hem ofis stilinde zarif bir tamamlay\u0131c\u0131 hem de \u00f6zel davetlerde iddial\u0131 bir par\u00e7a olarak \u00f6ne \u00e7\u0131kar \u00fcr\u00fcn \u00f6zellikleri \u0130nce [&#8230;]\n","protected":false},"featured_media":126215,"comment_status":"open","ping_status":"closed","template":"","meta":[],"product_brand":[322],"product_cat":[1025],"product_tag":[],"class_list":{"0":"post-126172","1":"product","2":"type-product","3":"status-publish","4":"has-post-thumbnail","6":"product_brand-paybuy","7":"product_cat-abiye-ayakkabi","9":"first","10":"instock","11":"taxable","12":"shipping-taxable","13":"purchasable","14":"product-type-variable"},"_links":{"self":[{"href":"https:\/\/paybuy.com.tr\/index.php?rest_route=\/wp\/v2\/product\/126172","targetHints":{"allow":["GET"]}}],"collection":[{"href":"https:\/\/paybuy.com.tr\/index.php?rest_route=\/wp\/v2\/product"}],"about":[{"href":"https:\/\/paybuy.com.tr\/index.php?rest_route=\/wp\/v2\/types\/product"}],"replies":[{"embeddable":true,"href":"https:\/\/paybuy.com.tr\/index.php?rest_route=%2Fwp%2Fv2%2Fcomments&post=126172"}],"wp:featuredmedia":[{"embeddable":true,"href":"https:\/\/paybuy.com.tr\/index.php?rest_route=\/wp\/v2\/media\/126215"}],"wp:attachment":[{"href":"https:\/\/paybuy.com.tr\/index.php?rest_route=%2Fwp%2Fv2%2Fmedia&parent=126172"}],"wp:term":[{"taxonomy":"product_brand","embeddable":true,"href":"https:\/\/paybuy.com.tr\/index.php?rest_route=%2Fwp%2Fv2%2Fproduct_brand&post=126172"},{"taxonomy":"product_cat","embeddable":true,"href":"https:\/\/paybuy.com.tr\/index.php?rest_route=%2Fwp%2Fv2%2Fproduct_cat&post=126172"},{"taxonomy":"product_tag","embeddable":true,"href":"https:\/\/paybuy.com.tr\/index.php?rest_route=%2Fwp%2Fv2%2Fproduct_tag&post=126172"}],"curies":[{"name":"wp","href":"https:\/\/api.w.org\/{rel}","templated":true}]}}