{"id":124999,"date":"2026-02-13T16:13:56","date_gmt":"2026-02-13T13:13:56","guid":{"rendered":"https:\/\/paybuy.com.tr\/?product=siyah-deri-bilekten-tokali-klasik-topuklu-stiletto-ayakkabi"},"modified":"2026-02-18T12:28:08","modified_gmt":"2026-02-18T09:28:08","slug":"siyah-deri-bilekten-tokali-klasik-topuklu-stiletto-ayakkabi","status":"publish","type":"product","link":"https:\/\/paybuy.com.tr\/?product=siyah-deri-bilekten-tokali-klasik-topuklu-stiletto-ayakkabi","title":{"rendered":"Siyah Deri Bilekten Tokal\u0131 Klasik Topuklu Stiletto Ayakkab\u0131"},"content":{"rendered":"<p>Bride modeli, sade gelinliklere zarif bir tamamlay\u0131c\u0131d\u0131r.; \u015eeffaf bant tasar\u0131m\u0131 ve ta\u015f detaylar\u0131 ile ayakta neredeyse yok hissi yarat\u0131r.; Zarif g\u00f6r\u00fcn\u00fcm\u00fcn\u00fcz\u00fc tamamlayan bu stiletto, ayn\u0131 zamanda \u015fa\u015f\u0131rt\u0131c\u0131 derecede rahat.; \u00f6zellikler: \u015eeffaf bantl\u0131 zarif \u00fcst yap\u0131 Ta\u015f i\u015flemeleriyle g\u00f6z al\u0131c\u0131 \u0131\u015f\u0131lt\u0131 Nude tonlar\u0131nda topuk yap\u0131s\u0131 Aya\u011f\u0131 saran hafif yap\u0131 Taban deste\u011fi ile konforlu y\u00fcr\u00fcy\u00fc\u015f Kombin \u00f6nerisi: Sade A kesim gelinlik, \u015feffaf duvak ve inci detayl\u0131 k\u00fcpelerle \u015f\u0131k bir b\u00fct\u00fcnl\u00fck yakalay\u0131n.; Topuk Boyu: 10 cm Taban: Petli (Yumu\u015fak) \u0130\u00e7 Taban Materyal: Suni Deri \u0130\u00e7 Astar: Anti Bakteriyel i\u00e7 Astar \u00fcretim: %100 Yerli \u00fcretim Ayakkab\u0131 Beden Tablosu: 33 numara: Ayak uzunlu\u011fu 21 cm 34 numara: Ayak uzunlu\u011fu 21.5 cm 35 numara: Ayak uzunlu\u011fu 22 cm 36 numara: Ayak uzunlu\u011fu 22.5 cm 37 numara: Ayak uzunlu\u011fu 23 cm 38 numara: Ayak uzunlu\u011fu 23.5 cm 39 numara: Ayak uzunlu\u011fu 24.5 cm 40 numara: Ayak uzunlu\u011fu 25 cm 41 numara: Ayak uzunlu\u011fu 26 cm 42 numara: Ayak uzunlu\u011fu 27 cm 43 numara: Ayak uzunlu\u011fu 27.5 cm<\/p>\n","protected":false},"excerpt":{"rendered":"<p>Bride modeli, sade gelinliklere zarif bir tamamlay\u0131c\u0131d\u0131r.; \u015eeffaf bant tasar\u0131m\u0131 ve ta\u015f detaylar\u0131 ile ayakta neredeyse yok hissi yarat\u0131r.; Zarif g\u00f6r\u00fcn\u00fcm\u00fcn\u00fcz\u00fc tamamlayan bu stiletto, ayn\u0131 zamanda \u015fa\u015f\u0131rt\u0131c\u0131 derecede rahat.; \u00f6zellikler: \u015eeffaf bantl\u0131 zarif \u00fcst yap\u0131 Ta\u015f i\u015flemeleriyle g\u00f6z al\u0131c\u0131 \u0131\u015f\u0131lt\u0131 Nude tonlar\u0131nda topuk yap\u0131s\u0131 Aya\u011f\u0131 saran hafif yap\u0131 Taban deste\u011fi ile konforlu y\u00fcr\u00fcy\u00fc\u015f Kombin \u00f6nerisi: [&#8230;]\n","protected":false},"featured_media":125018,"comment_status":"open","ping_status":"closed","template":"","meta":[],"product_brand":[322],"product_cat":[1025],"product_tag":[],"class_list":{"0":"post-124999","1":"product","2":"type-product","3":"status-publish","4":"has-post-thumbnail","6":"product_brand-paybuy","7":"product_cat-abiye-ayakkabi","9":"first","10":"instock","11":"sale","12":"taxable","13":"shipping-taxable","14":"purchasable","15":"product-type-variable"},"_links":{"self":[{"href":"https:\/\/paybuy.com.tr\/index.php?rest_route=\/wp\/v2\/product\/124999","targetHints":{"allow":["GET"]}}],"collection":[{"href":"https:\/\/paybuy.com.tr\/index.php?rest_route=\/wp\/v2\/product"}],"about":[{"href":"https:\/\/paybuy.com.tr\/index.php?rest_route=\/wp\/v2\/types\/product"}],"replies":[{"embeddable":true,"href":"https:\/\/paybuy.com.tr\/index.php?rest_route=%2Fwp%2Fv2%2Fcomments&post=124999"}],"wp:featuredmedia":[{"embeddable":true,"href":"https:\/\/paybuy.com.tr\/index.php?rest_route=\/wp\/v2\/media\/125018"}],"wp:attachment":[{"href":"https:\/\/paybuy.com.tr\/index.php?rest_route=%2Fwp%2Fv2%2Fmedia&parent=124999"}],"wp:term":[{"taxonomy":"product_brand","embeddable":true,"href":"https:\/\/paybuy.com.tr\/index.php?rest_route=%2Fwp%2Fv2%2Fproduct_brand&post=124999"},{"taxonomy":"product_cat","embeddable":true,"href":"https:\/\/paybuy.com.tr\/index.php?rest_route=%2Fwp%2Fv2%2Fproduct_cat&post=124999"},{"taxonomy":"product_tag","embeddable":true,"href":"https:\/\/paybuy.com.tr\/index.php?rest_route=%2Fwp%2Fv2%2Fproduct_tag&post=124999"}],"curies":[{"name":"wp","href":"https:\/\/api.w.org\/{rel}","templated":true}]}}