{"id":123887,"date":"2026-02-13T15:59:34","date_gmt":"2026-02-13T12:59:34","guid":{"rendered":"https:\/\/paybuy.com.tr\/?product=kadin-bilekten-tokali-platform-ince-topuklu-ayakkabi-sik-tasarim"},"modified":"2026-02-25T16:49:45","modified_gmt":"2026-02-25T13:49:45","slug":"kadin-bilekten-tokali-platform-ince-topuklu-ayakkabi-sik-tasarim","status":"publish","type":"product","link":"https:\/\/paybuy.com.tr\/?product=kadin-bilekten-tokali-platform-ince-topuklu-ayakkabi-sik-tasarim","title":{"rendered":"Kad\u0131n Bilekten Tokal\u0131 Platform \u0130nce Topuklu Ayakkab\u0131 \u015e\u0131k Tasar\u0131m"},"content":{"rendered":"<p>\u0130nce topuk ve zarif bilek bant detay\u0131yla tasarlanan bu \u015f\u0131k ayakkab\u0131, stilinizi modern dokunu\u015flarla tamamlar.; Y\u00fcksek platformu sayesinde hem \u015f\u0131kl\u0131k hem de ekstra rahatl\u0131k sunar; \u00f6zel g\u00fcnlerden davetlere kadar her ortamda \u00f6zg\u00fcvenli bir duru\u015f sergilersiniz.; Kombin \u00f6nerisi: Midi boy etekler ve \u015f\u0131k bluzlar ile tamamlayarak feminen bir g\u00f6r\u00fcn\u00fcm yakalayabilirsiniz.; Dar pa\u00e7a pantolon ve blazer ceket kombini ile sofistike bir hava olu\u015fturabilirsiniz.; \u00fcr\u00fcn \u00f6zellikleri: Topuk Boyu: 12 cm Platform Boyu: 2,5 cm Bilekten ayarlanabilir tokal\u0131 bant \u0130nce topuk tasar\u0131m\u0131 Yumu\u015fak i\u00e7 taban deste\u011fi Ayakkab\u0131 Beden Tablosu: 33 numara: Ayak uzunlu\u011fu 21 cm 34 numara: Ayak uzunlu\u011fu 21.5 cm 35 numara: Ayak uzunlu\u011fu 22 cm 36 numara: Ayak uzunlu\u011fu 22.5 cm 37 numara: Ayak uzunlu\u011fu 23 cm 38 numara: Ayak uzunlu\u011fu 23.5 cm 39 numara: Ayak uzunlu\u011fu 24.5 cm 40 numara: Ayak uzunlu\u011fu 25 cm 41 numara: Ayak uzunlu\u011fu 26 cm 42 numara: Ayak uzunlu\u011fu 27 cm 43 numara: Ayak uzunlu\u011fu 27.5 cm<\/p>\n","protected":false},"excerpt":{"rendered":"<p>\u0130nce topuk ve zarif bilek bant detay\u0131yla tasarlanan bu \u015f\u0131k ayakkab\u0131, stilinizi modern dokunu\u015flarla tamamlar.; Y\u00fcksek platformu sayesinde hem \u015f\u0131kl\u0131k hem de ekstra rahatl\u0131k sunar; \u00f6zel g\u00fcnlerden davetlere kadar her ortamda \u00f6zg\u00fcvenli bir duru\u015f sergilersiniz.; Kombin \u00f6nerisi: Midi boy etekler ve \u015f\u0131k bluzlar ile tamamlayarak feminen bir g\u00f6r\u00fcn\u00fcm yakalayabilirsiniz.; Dar pa\u00e7a pantolon ve blazer ceket [&#8230;]\n","protected":false},"featured_media":123933,"comment_status":"open","ping_status":"closed","template":"","meta":[],"product_brand":[322],"product_cat":[1025],"product_tag":[],"class_list":{"0":"post-123887","1":"product","2":"type-product","3":"status-publish","4":"has-post-thumbnail","6":"product_brand-paybuy","7":"product_cat-abiye-ayakkabi","9":"first","10":"instock","11":"sale","12":"taxable","13":"shipping-taxable","14":"purchasable","15":"product-type-variable"},"_links":{"self":[{"href":"https:\/\/paybuy.com.tr\/index.php?rest_route=\/wp\/v2\/product\/123887","targetHints":{"allow":["GET"]}}],"collection":[{"href":"https:\/\/paybuy.com.tr\/index.php?rest_route=\/wp\/v2\/product"}],"about":[{"href":"https:\/\/paybuy.com.tr\/index.php?rest_route=\/wp\/v2\/types\/product"}],"replies":[{"embeddable":true,"href":"https:\/\/paybuy.com.tr\/index.php?rest_route=%2Fwp%2Fv2%2Fcomments&post=123887"}],"wp:featuredmedia":[{"embeddable":true,"href":"https:\/\/paybuy.com.tr\/index.php?rest_route=\/wp\/v2\/media\/123933"}],"wp:attachment":[{"href":"https:\/\/paybuy.com.tr\/index.php?rest_route=%2Fwp%2Fv2%2Fmedia&parent=123887"}],"wp:term":[{"taxonomy":"product_brand","embeddable":true,"href":"https:\/\/paybuy.com.tr\/index.php?rest_route=%2Fwp%2Fv2%2Fproduct_brand&post=123887"},{"taxonomy":"product_cat","embeddable":true,"href":"https:\/\/paybuy.com.tr\/index.php?rest_route=%2Fwp%2Fv2%2Fproduct_cat&post=123887"},{"taxonomy":"product_tag","embeddable":true,"href":"https:\/\/paybuy.com.tr\/index.php?rest_route=%2Fwp%2Fv2%2Fproduct_tag&post=123887"}],"curies":[{"name":"wp","href":"https:\/\/api.w.org\/{rel}","templated":true}]}}