{"id":123468,"date":"2026-02-13T15:54:04","date_gmt":"2026-02-13T12:54:04","guid":{"rendered":"https:\/\/paybuy.com.tr\/?product=kadin-elegant-ayakkabi-nude-platform-ayakkabi-ozel-tasarim-abiye-ayakkabi"},"modified":"2026-02-18T12:17:34","modified_gmt":"2026-02-18T09:17:34","slug":"kadin-elegant-ayakkabi-nude-platform-ayakkabi-ozel-tasarim-abiye-ayakkabi","status":"publish","type":"product","link":"https:\/\/paybuy.com.tr\/?product=kadin-elegant-ayakkabi-nude-platform-ayakkabi-ozel-tasarim-abiye-ayakkabi","title":{"rendered":"Kad\u0131n Elegant Ayakkab\u0131 Nude Platform Ayakkab\u0131 \u00d6zel Tasar\u0131m Abiye Ayakkab\u0131"},"content":{"rendered":"<p>Nude Platform Kad\u0131n Ayakkab\u0131, stil sahibi kad\u0131nlar\u0131n dolab\u0131nda mutlaka bulunmas\u0131 gereken, zarif detaylarla tasarlanm\u0131\u015f bir modeldir.; Topuk Boyu: 15 cm sayesinde hem g\u00fcnl\u00fck kullan\u0131ma hem de \u00f6zel davetlere uygun rahat bir deneyim sunar.; Modern \u00e7izgileri ve kaliteli yap\u0131s\u0131yla hem \u015f\u0131kl\u0131\u011f\u0131 hem de konforu bir arada ya\u015faman\u0131z\u0131 sa\u011flar.; \u00d6zellikler: &#8211; Topuk Y\u00fcksekli\u011fi: Topuk Boyu: 15 cm &#8211; Ergonomik tasar\u0131m ile ekstra rahatl\u0131k &#8211; Kaliteli ve dayan\u0131kl\u0131 malzeme kullan\u0131m\u0131 &#8211; \u0130nce i\u015f\u00e7ilikle tamamlanm\u0131\u015f \u015f\u0131k g\u00f6r\u00fcn\u00fcm Kombin \u00d6nerisi: Kalem etekler, kuma\u015f pantolonlar ve midi boy elbiselerle kombinleyerek zarafetinizi \u00f6n plana \u00e7\u0131karabilirsiniz.; Ayakkab\u0131 Beden Tablosu: 33 numara: Ayak uzunlu\u011fu 21 cm 34 numara: Ayak uzunlu\u011fu 21.5 cm 35 numara: Ayak uzunlu\u011fu 22 cm 36 numara: Ayak uzunlu\u011fu 22.5 cm 37 numara: Ayak uzunlu\u011fu 23 cm 38 numara: Ayak uzunlu\u011fu 23.5 cm 39 numara: Ayak uzunlu\u011fu 24.5 cm 40 numara: Ayak uzunlu\u011fu 25 cm 41 numara: Ayak uzunlu\u011fu 26 cm 42 numara: Ayak uzunlu\u011fu 27 cm 43 numara: Ayak uzunlu\u011fu 27.5 cm<\/p>\n","protected":false},"excerpt":{"rendered":"<p>Nude Platform Kad\u0131n Ayakkab\u0131, stil sahibi kad\u0131nlar\u0131n dolab\u0131nda mutlaka bulunmas\u0131 gereken, zarif detaylarla tasarlanm\u0131\u015f bir modeldir.; Topuk Boyu: 15 cm sayesinde hem g\u00fcnl\u00fck kullan\u0131ma hem de \u00f6zel davetlere uygun rahat bir deneyim sunar.; Modern \u00e7izgileri ve kaliteli yap\u0131s\u0131yla hem \u015f\u0131kl\u0131\u011f\u0131 hem de konforu bir arada ya\u015faman\u0131z\u0131 sa\u011flar.; \u00d6zellikler: &#8211; Topuk Y\u00fcksekli\u011fi: Topuk Boyu: 15 cm [&#8230;]\n","protected":false},"featured_media":123481,"comment_status":"open","ping_status":"closed","template":"","meta":[],"product_brand":[322],"product_cat":[1025],"product_tag":[],"class_list":{"0":"post-123468","1":"product","2":"type-product","3":"status-publish","4":"has-post-thumbnail","6":"product_brand-paybuy","7":"product_cat-abiye-ayakkabi","9":"first","10":"instock","11":"sale","12":"taxable","13":"shipping-taxable","14":"purchasable","15":"product-type-variable"},"_links":{"self":[{"href":"https:\/\/paybuy.com.tr\/index.php?rest_route=\/wp\/v2\/product\/123468","targetHints":{"allow":["GET"]}}],"collection":[{"href":"https:\/\/paybuy.com.tr\/index.php?rest_route=\/wp\/v2\/product"}],"about":[{"href":"https:\/\/paybuy.com.tr\/index.php?rest_route=\/wp\/v2\/types\/product"}],"replies":[{"embeddable":true,"href":"https:\/\/paybuy.com.tr\/index.php?rest_route=%2Fwp%2Fv2%2Fcomments&post=123468"}],"wp:featuredmedia":[{"embeddable":true,"href":"https:\/\/paybuy.com.tr\/index.php?rest_route=\/wp\/v2\/media\/123481"}],"wp:attachment":[{"href":"https:\/\/paybuy.com.tr\/index.php?rest_route=%2Fwp%2Fv2%2Fmedia&parent=123468"}],"wp:term":[{"taxonomy":"product_brand","embeddable":true,"href":"https:\/\/paybuy.com.tr\/index.php?rest_route=%2Fwp%2Fv2%2Fproduct_brand&post=123468"},{"taxonomy":"product_cat","embeddable":true,"href":"https:\/\/paybuy.com.tr\/index.php?rest_route=%2Fwp%2Fv2%2Fproduct_cat&post=123468"},{"taxonomy":"product_tag","embeddable":true,"href":"https:\/\/paybuy.com.tr\/index.php?rest_route=%2Fwp%2Fv2%2Fproduct_tag&post=123468"}],"curies":[{"name":"wp","href":"https:\/\/api.w.org\/{rel}","templated":true}]}}