{"id":122937,"date":"2026-02-13T15:47:01","date_gmt":"2026-02-13T12:47:01","guid":{"rendered":"https:\/\/paybuy.com.tr\/?product=kadin-altin-bileklikli-can-topuklu-ayakkabi-sivri-burun-abiye-ayakkabi"},"modified":"2026-02-25T16:48:47","modified_gmt":"2026-02-25T13:48:47","slug":"kadin-altin-bileklikli-can-topuklu-ayakkabi-sivri-burun-abiye-ayakkabi","status":"publish","type":"product","link":"https:\/\/paybuy.com.tr\/?product=kadin-altin-bileklikli-can-topuklu-ayakkabi-sivri-burun-abiye-ayakkabi","title":{"rendered":"Kad\u0131n Alt\u0131n Bileklikli \u00c7an Topuklu Ayakkab\u0131 Sivri Burun Abiye Ayakkab\u0131"},"content":{"rendered":"<p>A\u00e7\u0131klama Minimal \u015f\u0131kl\u0131\u011f\u0131 y\u00fcksek moda detay\u0131yla bulu\u015fturan bu ayakkab\u0131, alt\u0131n bilek sar\u0131m\u0131 ve \u00e7an formundaki \u00f6zg\u00fcn topu\u011fuyla stilin en g\u00fc\u00e7l\u00fc halini yans\u0131t\u0131r Parlak y\u00fczeyi ve sivri burun formu ad\u0131mlar\u0131na zarafet katarken her bak\u0131\u015f bu e\u015fsiz detaylarda toplan\u0131r Gece kombinlerinde farkl\u0131l\u0131k ve g\u00fc\u00e7 arayan kad\u0131nlar\u0131n favorisi olacak \u00fcr\u00fcn \u00f6zellikleri Alt\u0131n bileklik formunda bilek detay\u0131 ile \u015f\u0131kl\u0131k vurgusu \u00e7an formunda \u00f6zel topuk tasar\u0131m\u0131 ile sanatsal duru\u015f Sivri burun yap\u0131s\u0131 ile feminen siluet Parlak d\u0131\u015f y\u00fczey ile g\u00f6z al\u0131c\u0131 stil Gece davetleri ve \u00f6zel kombinler i\u00e7in ideal Kombin \u00f6nerileri Y\u0131rtma\u00e7l\u0131 kadife elbise ile asil ve \u00e7arp\u0131c\u0131 bir gece stili yarat Minimal saten midi elbise ile ayakkab\u0131n\u0131n iddias\u0131n\u0131 \u00f6n plana \u00e7\u0131kar Blazer elbise ve zarif tak\u0131larla g\u00fc\u00e7l\u00fc ve dengeli bir g\u00f6r\u00fcn\u00fcm elde et Topuk Boyu : 10 cm Materyal : Parlak Rugan Kal\u0131p : Tam Kal\u0131p Sivri Burun Detay : Gold Biye Tasar\u0131m Topuk Kullan\u0131m : Davet &#8211; \u015e\u0131k \/ Gece Kategori : Y\u00fcksek Topuklu Ayakkab\u0131 Beden Tablosu: 33 numara: Ayak uzunlu\u011fu 21 cm 34 numara: Ayak uzunlu\u011fu 21.5 cm 35 numara: Ayak uzunlu\u011fu 22 cm 36 numara: Ayak uzunlu\u011fu 22.5 cm 37 numara: Ayak uzunlu\u011fu 23 cm 38 numara: Ayak uzunlu\u011fu 23.5 cm 39 numara: Ayak uzunlu\u011fu 24.5 cm 40 numara: Ayak uzunlu\u011fu 25 cm 41 numara: Ayak uzunlu\u011fu 26 cm 42 numara: Ayak uzunlu\u011fu 27 cm 43 numara: Ayak uzunlu\u011fu 27.5 cm<\/p>\n","protected":false},"excerpt":{"rendered":"<p>A\u00e7\u0131klama Minimal \u015f\u0131kl\u0131\u011f\u0131 y\u00fcksek moda detay\u0131yla bulu\u015fturan bu ayakkab\u0131, alt\u0131n bilek sar\u0131m\u0131 ve \u00e7an formundaki \u00f6zg\u00fcn topu\u011fuyla stilin en g\u00fc\u00e7l\u00fc halini yans\u0131t\u0131r Parlak y\u00fczeyi ve sivri burun formu ad\u0131mlar\u0131na zarafet katarken her bak\u0131\u015f bu e\u015fsiz detaylarda toplan\u0131r Gece kombinlerinde farkl\u0131l\u0131k ve g\u00fc\u00e7 arayan kad\u0131nlar\u0131n favorisi olacak \u00fcr\u00fcn \u00f6zellikleri Alt\u0131n bileklik formunda bilek detay\u0131 ile \u015f\u0131kl\u0131k [&#8230;]\n","protected":false},"featured_media":122956,"comment_status":"open","ping_status":"closed","template":"","meta":[],"product_brand":[322],"product_cat":[1025],"product_tag":[],"class_list":{"0":"post-122937","1":"product","2":"type-product","3":"status-publish","4":"has-post-thumbnail","6":"product_brand-paybuy","7":"product_cat-abiye-ayakkabi","9":"first","10":"instock","11":"sale","12":"taxable","13":"shipping-taxable","14":"purchasable","15":"product-type-variable"},"_links":{"self":[{"href":"https:\/\/paybuy.com.tr\/index.php?rest_route=\/wp\/v2\/product\/122937","targetHints":{"allow":["GET"]}}],"collection":[{"href":"https:\/\/paybuy.com.tr\/index.php?rest_route=\/wp\/v2\/product"}],"about":[{"href":"https:\/\/paybuy.com.tr\/index.php?rest_route=\/wp\/v2\/types\/product"}],"replies":[{"embeddable":true,"href":"https:\/\/paybuy.com.tr\/index.php?rest_route=%2Fwp%2Fv2%2Fcomments&post=122937"}],"wp:featuredmedia":[{"embeddable":true,"href":"https:\/\/paybuy.com.tr\/index.php?rest_route=\/wp\/v2\/media\/122956"}],"wp:attachment":[{"href":"https:\/\/paybuy.com.tr\/index.php?rest_route=%2Fwp%2Fv2%2Fmedia&parent=122937"}],"wp:term":[{"taxonomy":"product_brand","embeddable":true,"href":"https:\/\/paybuy.com.tr\/index.php?rest_route=%2Fwp%2Fv2%2Fproduct_brand&post=122937"},{"taxonomy":"product_cat","embeddable":true,"href":"https:\/\/paybuy.com.tr\/index.php?rest_route=%2Fwp%2Fv2%2Fproduct_cat&post=122937"},{"taxonomy":"product_tag","embeddable":true,"href":"https:\/\/paybuy.com.tr\/index.php?rest_route=%2Fwp%2Fv2%2Fproduct_tag&post=122937"}],"curies":[{"name":"wp","href":"https:\/\/api.w.org\/{rel}","templated":true}]}}