{"id":116327,"date":"2026-02-13T14:01:34","date_gmt":"2026-02-13T11:01:34","guid":{"rendered":"https:\/\/paybuy.com.tr\/?product=fitted-triko-ince-bluz-kare-yaka-kolsuz-gunluk-profesyonel-gorunum"},"modified":"2026-02-18T11:00:05","modified_gmt":"2026-02-18T08:00:05","slug":"fitted-triko-ince-bluz-kare-yaka-kolsuz-gunluk-profesyonel-gorunum","status":"publish","type":"product","link":"https:\/\/paybuy.com.tr\/?product=fitted-triko-ince-bluz-kare-yaka-kolsuz-gunluk-profesyonel-gorunum","title":{"rendered":"Fitted Triko \u0130nce Bluz Kare Yaka Kolsuz G\u00fcnl\u00fck Profesyonel G\u00f6r\u00fcn\u00fcm"},"content":{"rendered":"<p>Bu \u015f\u0131k ve rahat gri bluz, g\u00fcnl\u00fck stilinizi tamamlaman\u0131z i\u00e7in m\u00fckemmel bir se\u00e7enek.; Hafif ve nefes alabilir triko kuma\u015f yap\u0131s\u0131yla yaz aylar\u0131nda serin kalman\u0131z\u0131 sa\u011flar.; \u00d6zel kurdele detaylar\u0131yla dikkat \u00e7ekici bir g\u00f6r\u00fcn\u00fcm sunan bluz, fitted kal\u0131b\u0131yla v\u00fccut hatlar\u0131n\u0131z\u0131 zarif\u00e7e ortaya koyar.; Kare yakas\u0131 ve kolsuz tasar\u0131m\u0131yla modern ve \u015f\u0131k bir tarz yakalaman\u0131za yard\u0131mc\u0131 olur.; Yumu\u015fak triko kuma\u015f yap\u0131s\u0131 g\u00fcn boyu konfor sunarken, \u00f6zel tasar\u0131m detaylar\u0131yla stilinizi bir ad\u0131m \u00f6ne ta\u015f\u0131r.; \u0130nce yap\u0131s\u0131yla farkl\u0131 kombinler yaratman\u0131za olanak tan\u0131r, \u00fcst\u00fcne ceket, h\u0131rka veya blazer giyerek farkl\u0131 mevsimlerde de kullanabilirsiniz.; Bak\u0131m\u0131 kolay olan bu bluz, makinede y\u0131kanabilir \u00f6zelli\u011fi sayesinde pratiklik sa\u011flar.; Gri rengi bir\u00e7ok k\u0131yafetle uyum sa\u011flayarak, gardrobunuzun vazge\u00e7ilmez par\u00e7alar\u0131ndan biri olmaya aday.; Kot pantolonlar, \u015fortlar veya eteklerle kombinleyerek farkl\u0131 tarzlar olu\u015fturabilirsiniz.; Regular boyu ile rahat bir kullan\u0131m sunan bluz, her v\u00fccut tipine uyum sa\u011flar.; |Desen: D\u00fcz|Yaka Tipi: Kare Yaka|Kol Tipi: Kal\u0131n Ask\u0131l\u0131|Kal\u0131p: Fitted|Kuma\u015f Tipi: Triko|Renk: Gri|Kal\u0131nl\u0131k: \u0130nce|Boy: Regular|Koleksiyon: Casual \/ G\u00fcnl\u00fck|Kol Boyu: Kolsuz|Ortam: Casual\/G\u00fcnl\u00fck|Siluet: Basic|Dokuma Tipi: Tek Plaka|Persona: Cool &amp; Comfort|Materyal Bile\u015feni: 50% Viskoz, 28% Polyester, 22% Poliamid|Y\u0131kama Talimat\u0131: T41|Sezon: Yaz|Men\u015fei: TR Bu \u00fcr\u00fcn, y\u00fcksek kalite standartlar\u0131na uygun olarak \u00fcretilmi\u015ftir.; G\u00fcnl\u00fck kullan\u0131mda konfor ve \u015f\u0131kl\u0131\u011f\u0131 bir arada sunar.; Uzun \u00f6m\u00fcrl\u00fc malzemesi sayesinde y\u0131llarca kullanabilirsiniz.; Modern tasar\u0131m\u0131 ile her ortamda dikkat \u00e7eker.; \u00d6zenle se\u00e7ilmi\u015f kuma\u015f\u0131 ve i\u015f\u00e7ili\u011fi ile fark yarat\u0131r.; Rahat kesimi ve ergonomik tasar\u0131m\u0131 ile g\u00fcn boyu konforu garanti eder.<\/p>\n","protected":false},"excerpt":{"rendered":"<p>Bu \u015f\u0131k ve rahat gri bluz, g\u00fcnl\u00fck stilinizi tamamlaman\u0131z i\u00e7in m\u00fckemmel bir se\u00e7enek.; Hafif ve nefes alabilir triko kuma\u015f yap\u0131s\u0131yla yaz aylar\u0131nda serin kalman\u0131z\u0131 sa\u011flar.; \u00d6zel kurdele detaylar\u0131yla dikkat \u00e7ekici bir g\u00f6r\u00fcn\u00fcm sunan bluz, fitted kal\u0131b\u0131yla v\u00fccut hatlar\u0131n\u0131z\u0131 zarif\u00e7e ortaya koyar.; Kare yakas\u0131 ve kolsuz tasar\u0131m\u0131yla modern ve \u015f\u0131k bir tarz yakalaman\u0131za yard\u0131mc\u0131 olur.; Yumu\u015fak [&#8230;]\n","protected":false},"featured_media":116332,"comment_status":"open","ping_status":"closed","template":"","meta":[],"product_brand":[322],"product_cat":[1057],"product_tag":[],"class_list":{"0":"post-116327","1":"product","2":"type-product","3":"status-publish","4":"has-post-thumbnail","6":"product_brand-paybuy","7":"product_cat-bluz","9":"first","10":"instock","11":"taxable","12":"shipping-taxable","13":"purchasable","14":"product-type-variable"},"_links":{"self":[{"href":"https:\/\/paybuy.com.tr\/index.php?rest_route=\/wp\/v2\/product\/116327","targetHints":{"allow":["GET"]}}],"collection":[{"href":"https:\/\/paybuy.com.tr\/index.php?rest_route=\/wp\/v2\/product"}],"about":[{"href":"https:\/\/paybuy.com.tr\/index.php?rest_route=\/wp\/v2\/types\/product"}],"replies":[{"embeddable":true,"href":"https:\/\/paybuy.com.tr\/index.php?rest_route=%2Fwp%2Fv2%2Fcomments&post=116327"}],"wp:featuredmedia":[{"embeddable":true,"href":"https:\/\/paybuy.com.tr\/index.php?rest_route=\/wp\/v2\/media\/116332"}],"wp:attachment":[{"href":"https:\/\/paybuy.com.tr\/index.php?rest_route=%2Fwp%2Fv2%2Fmedia&parent=116327"}],"wp:term":[{"taxonomy":"product_brand","embeddable":true,"href":"https:\/\/paybuy.com.tr\/index.php?rest_route=%2Fwp%2Fv2%2Fproduct_brand&post=116327"},{"taxonomy":"product_cat","embeddable":true,"href":"https:\/\/paybuy.com.tr\/index.php?rest_route=%2Fwp%2Fv2%2Fproduct_cat&post=116327"},{"taxonomy":"product_tag","embeddable":true,"href":"https:\/\/paybuy.com.tr\/index.php?rest_route=%2Fwp%2Fv2%2Fproduct_tag&post=116327"}],"curies":[{"name":"wp","href":"https:\/\/api.w.org\/{rel}","templated":true}]}}