{"id":102813,"date":"2026-02-12T16:29:56","date_gmt":"2026-02-12T13:29:56","guid":{"rendered":"https:\/\/paybuy.com.tr\/?product=yazlik-bisiklet-yaka-fitted-viskon-bluz-sik-gorunum-mukemmel-uyum"},"modified":"2026-02-18T08:53:49","modified_gmt":"2026-02-18T05:53:49","slug":"yazlik-bisiklet-yaka-fitted-viskon-bluz-sik-gorunum-mukemmel-uyum","status":"publish","type":"product","link":"https:\/\/paybuy.com.tr\/?product=yazlik-bisiklet-yaka-fitted-viskon-bluz-sik-gorunum-mukemmel-uyum","title":{"rendered":"Yazl\u0131k Bisiklet Yaka Fitted Viskon Bluz \u015e\u0131k G\u00f6r\u00fcn\u00fcm M\u00fckemmel Uyum"},"content":{"rendered":"<p>S\u0131cak yaz g\u00fcnlerinde serin ve \u015f\u0131k g\u00f6r\u00fcnmenizi sa\u011flayacak, beyaz renkli bisiklet yaka bluz\u00fcm\u00fczle tan\u0131\u015f\u0131n! Hafif ve nefes alan viskon ribana kuma\u015ftan \u00fcretilen bu bluz, v\u00fccuda m\u00fckemmel oturan kal\u0131b\u0131yla g\u00fcn boyu konfor sunuyor.; Eskitme efektli tasar\u0131m\u0131yla benzersiz bir stile sahip olan bluz, hem g\u00fcnl\u00fck hem de \u00f6zel davetler i\u00e7in ideal bir tercih.; Rahat kesim ve \u015f\u0131k g\u00f6r\u00fcn\u00fcm\u00fcyle dikkat \u00e7eken bu bluz, gardrobunuzun vazge\u00e7ilmezi olacak.; Astars\u0131z yap\u0131s\u0131yla yaz s\u0131ca\u011f\u0131nda terletmezken, kolay bak\u0131m\u0131yla da pratik bir kullan\u0131m imkan\u0131 sunuyor.; Yaz aylar\u0131na \u00f6zel tasar\u0131m\u0131yla, stilinizi tamamlayacak m\u00fckemmel bir par\u00e7a.; Viskoz ribana kuma\u015f\u0131n\u0131n yumu\u015fak dokusu, g\u00fcn boyu konforlu bir kullan\u0131m sa\u011flar.; Fitted kal\u0131b\u0131 sayesinde v\u00fccudunuzu sarar ve kusursuz bir sil\u00fcet olu\u015fturur.; Ay kol detay\u0131 ise \u015f\u0131kl\u0131\u011f\u0131yla \u00f6n plana \u00e7\u0131k\u0131yor.; Eskitme\/soluk efektli tasar\u0131m\u0131, bluza modern ve dikkat \u00e7ekici bir hava kat\u0131yor.; Kemersiz ve cepsiz tasar\u0131m\u0131yla minimalist bir tarz\u0131 benimseyenler i\u00e7in ideal bir se\u00e7im.; Bu \u015f\u0131k bluz, kot pantolonlar\u0131n\u0131zla, \u015fortlar\u0131n\u0131zla veya eteklerinizle m\u00fckemmel bir uyum yakalayacak.; Bluz \u00f6l\u00e7\u00fcleri; standart beden aral\u0131\u011f\u0131nda olup, farkl\u0131 v\u00fccut tiplerine uyum sa\u011flar.; Hem g\u00fcnl\u00fck kombinlerinizde hem de \u00f6zel davetlerde rahatl\u0131kla kullanabilirsiniz.; Makinede y\u0131kama talimat\u0131na uygun olarak temizlenebilir, kolay bak\u0131m\u0131yla da zamandan tasarruf etmenizi sa\u011flar.; Bu yaz\u0131n en haval\u0131 kombinlerinizi bu \u015f\u0131k bluzle tamamlay\u0131n!|Yaka Tipi: Bisiklet Yaka|Kal\u0131p: Fitted|Renk: Beyaz|\u00dcr\u00fcn Detay\u0131: Eskitme\/Soluk Efektli|Astar Durumu: Astars\u0131z|Koleksiyon: Casual \/ G\u00fcnl\u00fck|Ortam: Casual\/G\u00fcnl\u00fck|Dokuma Tipi: Viskon Ribana|Kemer\/Ku\u015fak Durumu: Kemersiz|Materyal Bile\u015feni: 98% Viskoz, 2% Elastan|Sezon: Yaz<\/p>\n","protected":false},"excerpt":{"rendered":"<p>S\u0131cak yaz g\u00fcnlerinde serin ve \u015f\u0131k g\u00f6r\u00fcnmenizi sa\u011flayacak, beyaz renkli bisiklet yaka bluz\u00fcm\u00fczle tan\u0131\u015f\u0131n! Hafif ve nefes alan viskon ribana kuma\u015ftan \u00fcretilen bu bluz, v\u00fccuda m\u00fckemmel oturan kal\u0131b\u0131yla g\u00fcn boyu konfor sunuyor.; Eskitme efektli tasar\u0131m\u0131yla benzersiz bir stile sahip olan bluz, hem g\u00fcnl\u00fck hem de \u00f6zel davetler i\u00e7in ideal bir tercih.; Rahat kesim ve \u015f\u0131k [&#8230;]\n","protected":false},"featured_media":102819,"comment_status":"open","ping_status":"closed","template":"","meta":[],"product_brand":[322],"product_cat":[1057],"product_tag":[],"class_list":{"0":"post-102813","1":"product","2":"type-product","3":"status-publish","4":"has-post-thumbnail","6":"product_brand-paybuy","7":"product_cat-bluz","9":"first","10":"instock","11":"sale","12":"taxable","13":"shipping-taxable","14":"purchasable","15":"product-type-variable"},"_links":{"self":[{"href":"https:\/\/paybuy.com.tr\/index.php?rest_route=\/wp\/v2\/product\/102813","targetHints":{"allow":["GET"]}}],"collection":[{"href":"https:\/\/paybuy.com.tr\/index.php?rest_route=\/wp\/v2\/product"}],"about":[{"href":"https:\/\/paybuy.com.tr\/index.php?rest_route=\/wp\/v2\/types\/product"}],"replies":[{"embeddable":true,"href":"https:\/\/paybuy.com.tr\/index.php?rest_route=%2Fwp%2Fv2%2Fcomments&post=102813"}],"wp:featuredmedia":[{"embeddable":true,"href":"https:\/\/paybuy.com.tr\/index.php?rest_route=\/wp\/v2\/media\/102819"}],"wp:attachment":[{"href":"https:\/\/paybuy.com.tr\/index.php?rest_route=%2Fwp%2Fv2%2Fmedia&parent=102813"}],"wp:term":[{"taxonomy":"product_brand","embeddable":true,"href":"https:\/\/paybuy.com.tr\/index.php?rest_route=%2Fwp%2Fv2%2Fproduct_brand&post=102813"},{"taxonomy":"product_cat","embeddable":true,"href":"https:\/\/paybuy.com.tr\/index.php?rest_route=%2Fwp%2Fv2%2Fproduct_cat&post=102813"},{"taxonomy":"product_tag","embeddable":true,"href":"https:\/\/paybuy.com.tr\/index.php?rest_route=%2Fwp%2Fv2%2Fproduct_tag&post=102813"}],"curies":[{"name":"wp","href":"https:\/\/api.w.org\/{rel}","templated":true}]}}