{"id":79359,"date":"2026-01-26T16:15:56","date_gmt":"2026-01-26T13:15:56","guid":{"rendered":"https:\/\/paybuy.com.tr\/?page_id=79359"},"modified":"2026-01-26T16:42:07","modified_gmt":"2026-01-26T13:42:07","slug":"kargo-teslimat","status":"publish","type":"page","link":"https:\/\/paybuy.com.tr\/?page_id=79359","title":{"rendered":"Kargo &#038; Teslimat"},"content":{"rendered":"<div class=\"row\"  id=\"row-1208230087\">\n\n\t<div id=\"col-297628090\" class=\"col medium-8 small-12 large-8\"  >\n\t\t\t\t<div class=\"col-inner\"  >\n\t\t\t\n\t\t\t\n<p>Siz de\u011ferli m\u00fc\u015fterilerimize en iyi al\u0131\u015fveri\u015f deneyimini sunmay\u0131 taahh\u00fct ediyoruz. Sipari\u015f verdi\u011finizde, kargo ve teslimat s\u00fcre\u00e7lerinin sorunsuz ve h\u0131zl\u0131 olmas\u0131n\u0131 sa\u011flamak i\u00e7in \u00e7al\u0131\u015f\u0131yoruz. \u0130\u015fte kargo ve teslimat hakk\u0131nda bilmeniz gerekenler:<\/p>\n<p>1. Kargo Se\u00e7enekleri<br \/>\nSipari\u015finizi verirken, farkl\u0131 kargo se\u00e7eneklerinden size en uygun olan\u0131n\u0131 se\u00e7ebilirsiniz. Farkl\u0131 kargo se\u00e7enekleri h\u0131z, maliyet ve teslimat zaman\u0131 a\u00e7\u0131s\u0131ndan de\u011fi\u015fiklik g\u00f6sterebilir. Kargo se\u00e7enekleri ve \u00fccretleri hakk\u0131nda daha fazla bilgi almak i\u00e7in &#8220;Kargo Se\u00e7enekleri&#8221; sayfam\u0131z\u0131 ziyaret edebilirsiniz.<\/p>\n<p>2. Teslimat S\u00fcresi<br \/>\n\u00dcr\u00fcnlerinizin teslimat s\u00fcresi, sipari\u015f verilen \u00fcr\u00fcnlerin t\u00fcr\u00fcne ve se\u00e7ti\u011finiz kargo se\u00e7ene\u011fine ba\u011fl\u0131 olarak de\u011fi\u015febilir. Sipari\u015finizin ne zaman teslim edilece\u011fi hakk\u0131nda daha fazla bilgi almak i\u00e7in, al\u0131\u015fveri\u015f sepetinizdeki \u00fcr\u00fcnlerin tahmini teslimat tarihini g\u00f6rebilirsiniz.<\/p>\n<p>3. Sipari\u015f \u0130zleme<br \/>\nSipari\u015finizin durumunu her zaman kontrol edebilirsiniz. Sipari\u015finiz kargoya verildi\u011finde, size bir takip numaras\u0131 ve kargo \u015firketi bilgisi sa\u011flanacakt\u0131r. Bu bilgileri kullanarak sipari\u015finizin nerede oldu\u011funu kolayca izleyebilirsiniz.<\/p>\n<p>4. Teslimat Adresi<br \/>\nL\u00fctfen sipari\u015f verirken do\u011fru teslimat adresi ve ileti\u015fim bilgilerini sa\u011flad\u0131\u011f\u0131n\u0131zdan emin olun. Yanl\u0131\u015f teslimat adresi verilmesi durumunda sorumluluk kabul edemeyiz.<\/p>\n<p>5. Teslimat \u00dccretleri<br \/>\nKargo \u00fccretleri, sipari\u015finizin de\u011ferine ve se\u00e7ti\u011finiz kargo se\u00e7ene\u011fine ba\u011fl\u0131 olarak de\u011fi\u015febilir. Belirli bir sipari\u015fin kargo \u00fccretini \u00f6\u011frenmek i\u00e7in, al\u0131\u015fveri\u015f sepetinize eklenen \u00fcr\u00fcnlerinize g\u00f6re hesaplanacakt\u0131r.<\/p>\n<p>6. Sorular\u0131n\u0131z ve \u0130leti\u015fim<br \/>\nKargo ve teslimat s\u00fcreci hakk\u0131nda herhangi bir sorunuz veya endi\u015feniz varsa, m\u00fc\u015fteri hizmetleri ekibimiz her zaman size yard\u0131mc\u0131 olmaktan mutluluk duyar. Bize [M\u00fc\u015fteri Destek Hatt\u0131 \/ E-posta] \u00fczerinden ula\u015fabilirsiniz.<br \/>\n&#8220;XXX&#8221; olarak, al\u0131\u015fveri\u015f deneyiminizi daha iyi ve sorunsuz hale getirmek i\u00e7in elimizden geleni yap\u0131yoruz. Kargo ve teslimat s\u00fcre\u00e7lerini daha iyi anlaman\u0131za yard\u0131mc\u0131 olmak i\u00e7in bu bilgileri sa\u011flad\u0131k. Daha fazla soru veya endi\u015feniz oldu\u011funda, l\u00fctfen bizimle ileti\u015fime ge\u00e7in, size yard\u0131mc\u0131 olmaktan mutluluk duyar\u0131z.<\/p>\n\t\t<\/div>\n\t\t\t\t\t<\/div>\n\n\t\n\n\t<div id=\"col-526520510\" class=\"col medium-4 small-12 large-4\"  >\n\t\t<div class=\"is-sticky-column\"><div class=\"is-sticky-column__inner\">\t\t<div class=\"col-inner box-shadow-1\"  >\n\t\t\t\n\t\t\t\n\t<div class=\"ux-menu stack stack-col justify-start ux-menu--divider-solid\">\n\t\t\n\t<div class=\"ux-menu-link flex menu-item\">\n\t\t<a class=\"ux-menu-link__link flex\" href=\"https:\/\/paybuy.com.tr\/hakkimizda-\" >\n\t\t\t\t\t\t<span class=\"ux-menu-link__text\">\n\t\t\t\tHakk\u0131m\u0131zda\t\t\t<\/span>\n\t\t<\/a>\n\t<\/div>\n\t\n\t<div class=\"ux-menu-link flex menu-item\">\n\t\t<a class=\"ux-menu-link__link flex\" href=\"https:\/\/paybuy.com.tr\/sikca-sorulan-sorular\/\" >\n\t\t\t\t\t\t<span class=\"ux-menu-link__text\">\n\t\t\t\tS\u0131k\u00e7a Sorulan Sorular\t\t\t<\/span>\n\t\t<\/a>\n\t<\/div>\n\t\n\t<div class=\"ux-menu-link flex menu-item\">\n\t\t<a class=\"ux-menu-link__link flex\" href=\"https:\/\/paybuy.com.tr\/kargo-teslimat\/\" >\n\t\t\t\t\t\t<span class=\"ux-menu-link__text\">\n\t\t\t\tKargo &amp; Teslimat\t\t\t<\/span>\n\t\t<\/a>\n\t<\/div>\n\t\n\t<div class=\"ux-menu-link flex menu-item\">\n\t\t<a class=\"ux-menu-link__link flex\" href=\"https:\/\/paybuy.com.tr\/mesafeli-satis-sozlesmesi\/\" >\n\t\t\t\t\t\t<span class=\"ux-menu-link__text\">\n\t\t\t\tMesafeli Sat\u0131\u015f S\u00f6zle\u015fmesi\t\t\t<\/span>\n\t\t<\/a>\n\t<\/div>\n\t\n\t<div class=\"ux-menu-link flex menu-item\">\n\t\t<a class=\"ux-menu-link__link flex\" href=\"https:\/\/paybuy.com.tr\/gizlilik-politikasi\/\" >\n\t\t\t\t\t\t<span class=\"ux-menu-link__text\">\n\t\t\t\tGizlilik Politikas\u0131\t\t\t<\/span>\n\t\t<\/a>\n\t<\/div>\n\t\n\t<div class=\"ux-menu-link flex menu-item\">\n\t\t<a class=\"ux-menu-link__link flex\" href=\"https:\/\/paybuy.com.tr\/kullanim-kosullari\/\" >\n\t\t\t\t\t\t<span class=\"ux-menu-link__text\">\n\t\t\t\tKullan\u0131m Ko\u015fullar\u0131\t\t\t<\/span>\n\t\t<\/a>\n\t<\/div>\n\t\n\t<div class=\"ux-menu-link flex menu-item\">\n\t\t<a class=\"ux-menu-link__link flex\" href=\"https:\/\/paybuy.com.tr\/iptal-iade-degisim\/\" >\n\t\t\t\t\t\t<span class=\"ux-menu-link__text\">\n\t\t\t\t\u0130ptal &amp; \u0130ade &amp; De\u011fi\u015fim\t\t\t<\/span>\n\t\t<\/a>\n\t<\/div>\n\t\n\t<div class=\"ux-menu-link flex menu-item\">\n\t\t<a class=\"ux-menu-link__link flex\" href=\"https:\/\/paybuy.com.tr\/blog\" >\n\t\t\t\t\t\t<span class=\"ux-menu-link__text\">\n\t\t\t\tBlog\t\t\t<\/span>\n\t\t<\/a>\n\t<\/div>\n\t\n\t<div class=\"ux-menu-link flex menu-item\">\n\t\t<a class=\"ux-menu-link__link flex\" href=\"https:\/\/paybuy.com.tr\/?page_id=79311\" >\n\t\t\t\t\t\t<span class=\"ux-menu-link__text\">\n\t\t\t\t\u0130leti\u015fim\t\t\t<\/span>\n\t\t<\/a>\n\t<\/div>\n\t\n\t<\/div>\n\t\n\t\t<\/div>\n\t\t<\/div><\/div>\t\t\n<style>\n#col-526520510 > .is-sticky-column > .is-sticky-column__inner > .col-inner {\n  padding: 10px 10px 10px 10px;\n}\n<\/style>\n\t<\/div>\n\n\t\n<\/div>\n","protected":false},"excerpt":{"rendered":"","protected":false},"author":4,"featured_media":0,"parent":0,"menu_order":0,"comment_status":"closed","ping_status":"closed","template":"","meta":{"footnotes":""},"class_list":["post-79359","page","type-page","status-publish","hentry"],"_links":{"self":[{"href":"https:\/\/paybuy.com.tr\/index.php?rest_route=\/wp\/v2\/pages\/79359","targetHints":{"allow":["GET"]}}],"collection":[{"href":"https:\/\/paybuy.com.tr\/index.php?rest_route=\/wp\/v2\/pages"}],"about":[{"href":"https:\/\/paybuy.com.tr\/index.php?rest_route=\/wp\/v2\/types\/page"}],"author":[{"embeddable":true,"href":"https:\/\/paybuy.com.tr\/index.php?rest_route=\/wp\/v2\/users\/4"}],"replies":[{"embeddable":true,"href":"https:\/\/paybuy.com.tr\/index.php?rest_route=%2Fwp%2Fv2%2Fcomments&post=79359"}],"version-history":[{"count":2,"href":"https:\/\/paybuy.com.tr\/index.php?rest_route=\/wp\/v2\/pages\/79359\/revisions"}],"predecessor-version":[{"id":79380,"href":"https:\/\/paybuy.com.tr\/index.php?rest_route=\/wp\/v2\/pages\/79359\/revisions\/79380"}],"wp:attachment":[{"href":"https:\/\/paybuy.com.tr\/index.php?rest_route=%2Fwp%2Fv2%2Fmedia&parent=79359"}],"curies":[{"name":"wp","href":"https:\/\/api.w.org\/{rel}","templated":true}]}}