{"id":79357,"date":"2026-01-26T16:15:37","date_gmt":"2026-01-26T13:15:37","guid":{"rendered":"https:\/\/paybuy.com.tr\/?page_id=79357"},"modified":"2026-01-26T16:40:41","modified_gmt":"2026-01-26T13:40:41","slug":"sikca-sorulan-sorular","status":"publish","type":"page","link":"https:\/\/paybuy.com.tr\/?page_id=79357","title":{"rendered":"S\u0131kca Sorulan Sorular"},"content":{"rendered":"<div class=\"row\"  id=\"row-1467594160\">\n\n\t<div id=\"col-2058433296\" class=\"col medium-8 small-12 large-8\"  >\n\t\t\t\t<div class=\"col-inner\"  >\n\t\t\t\n\t\t\t\n<h3 class=\"accordion_title\">S\u0131k\u00e7a Sorulan Sorular<\/h3><div class=\"accordion\">\n\t<div id=\"accordion-638915573\" class=\"accordion-item\">\n\t\t<a id=\"accordion-638915573-label\" class=\"accordion-title plain\" href=\"#accordion-item-nasil-s\u0130par\u0130\u015e-olu\u015eturab\u0130l\u0130r\u0130m?\" aria-expanded=\"false\" aria-controls=\"accordion-638915573-content\">\n\t\t\t<button class=\"toggle\" aria-label=\"A\u00e7\/Kapat\"><i class=\"icon-angle-down\" aria-hidden=\"true\"><\/i><\/button>\n\t\t\t<span>NASIL S\u0130PAR\u0130\u015e OLU\u015eTURAB\u0130L\u0130R\u0130M?<\/span>\n\t\t<\/a>\n\t\t<div id=\"accordion-638915573-content\" class=\"accordion-inner\" aria-labelledby=\"accordion-638915573-label\">\n\t\t\t\n<p>Be\u011fendi\u011finiz \u00fcr\u00fcnleri sepetinize ekledikten sonra ekran\u0131n sa\u011f \u00fcst k\u00f6\u015fesinde yer alan \u201cSepetim\u201d alan\u0131ndan \u201cKasaya Git\u201d se\u00e7ene\u011fi ile sepetinize ula\u015fabilirsiniz. Sipari\u015f \u00f6zetinizdeki t\u00fcm bilgilerin do\u011frulu\u011funu kontrol ettikten sonra \u00d6n Bilgilendirme Formunu ve Mesafeli Sat\u0131\u015f S\u00f6zle\u015fmesini okuyup onaylayarak \u201cSipari\u015fi Tamamla\u201d butonunu kullan\u0131p sipari\u015finizi tamamlayabilirsiniz.<\/p>\n\t\t<\/div>\n\t<\/div>\n\t\n\t<div id=\"accordion-2219002490\" class=\"accordion-item\">\n\t\t<a id=\"accordion-2219002490-label\" class=\"accordion-title plain\" href=\"#accordion-item-neden-\u00dcye-olmaliyim\" aria-expanded=\"false\" aria-controls=\"accordion-2219002490-content\">\n\t\t\t<button class=\"toggle\" aria-label=\"A\u00e7\/Kapat\"><i class=\"icon-angle-down\" aria-hidden=\"true\"><\/i><\/button>\n\t\t\t<span>NEDEN \u00dcYE OLMALIYIM<\/span>\n\t\t<\/a>\n\t\t<div id=\"accordion-2219002490-content\" class=\"accordion-inner\" aria-labelledby=\"accordion-2219002490-label\">\n\t\t\t\n<p>\u00dcye oldu\u011funuzda yenilikler, f\u0131rsatlar ve kampanyalardan \u00f6ncelikli olarak haberdar olabilir, size \u00f6zel al\u0131\u015fveri\u015f olanaklar\u0131ndan faydalanabilir, sipari\u015flerinizi &#8220;Hesab\u0131m&#8221; sayfas\u0131ndan kolayca takip edebilirsiniz.<\/p>\n\t\t<\/div>\n\t<\/div>\n\t\n\t<div id=\"accordion-3020730478\" class=\"accordion-item\">\n\t\t<a id=\"accordion-3020730478-label\" class=\"accordion-title plain\" href=\"#accordion-item-\u00dcye-olmadan-ali\u015ever\u0130\u015e-yapab\u0130l\u0130r-m\u0130y\u0130m?\" aria-expanded=\"false\" aria-controls=\"accordion-3020730478-content\">\n\t\t\t<button class=\"toggle\" aria-label=\"A\u00e7\/Kapat\"><i class=\"icon-angle-down\" aria-hidden=\"true\"><\/i><\/button>\n\t\t\t<span>\u00dcYE OLMADAN ALI\u015eVER\u0130\u015e YAPAB\u0130L\u0130R M\u0130Y\u0130M?<\/span>\n\t\t<\/a>\n\t\t<div id=\"accordion-3020730478-content\" class=\"accordion-inner\" aria-labelledby=\"accordion-3020730478-label\">\n\t\t\t\n<p>\u00dcye olmadan da sitemiz \u00fczerinden al\u0131\u015fveri\u015f yapabilirsiniz. Be\u011fendi\u011finiz \u00fcr\u00fcnleri sepetine ekledikten sonra &#8220;Misafir Al\u0131\u015fveri\u015fi&#8221; alan\u0131n\u0131 i\u015faretleyip, e-posta adresini ekleyerek al\u0131\u015fveri\u015finizi tamamlayabilirsiniz.<\/p>\n\t\t<\/div>\n\t<\/div>\n\t\n\t<div id=\"accordion-957061631\" class=\"accordion-item\">\n\t\t<a id=\"accordion-957061631-label\" class=\"accordion-title plain\" href=\"#accordion-item-\u00dcyel\u0130k-b\u0130lg\u0130ler\u0130m\u0130-ve-\u0130let\u0130\u015e\u0130m-\u0130zler\u0130m\u0130-nasil-g\u00dcncelleyeb\u0130l\u0130r\u0130m-?\" aria-expanded=\"false\" aria-controls=\"accordion-957061631-content\">\n\t\t\t<button class=\"toggle\" aria-label=\"A\u00e7\/Kapat\"><i class=\"icon-angle-down\" aria-hidden=\"true\"><\/i><\/button>\n\t\t\t<span>\u00dcYEL\u0130K B\u0130LG\u0130LER\u0130M\u0130 VE \u0130LET\u0130\u015e\u0130M \u0130ZLER\u0130M\u0130 NASIL G\u00dcNCELLEYEB\u0130L\u0130R\u0130M ?<\/span>\n\t\t<\/a>\n\t\t<div id=\"accordion-957061631-content\" class=\"accordion-inner\" aria-labelledby=\"accordion-957061631-label\">\n\t\t\t\n<p>\u00dcyelik bilgileriniz giri\u015f yapt\u0131ktan sonra sa\u011f \u00fcst k\u0131s\u0131mda bulunan isim alan\u0131na t\u0131kland\u0131\u011f\u0131nda &#8220;Hesab\u0131m&#8221; alan\u0131 a\u00e7\u0131lacakt\u0131r. Bu sayfada yer alan ad\/soyad\/cep telefonu numaras\u0131 gibi alanlarda diledi\u011finiz g\u00fcncellemeleri yapabilirsiniz.<\/p>\n\t\t<\/div>\n\t<\/div>\n\t\n\t<div id=\"accordion-2462690304\" class=\"accordion-item\">\n\t\t<a id=\"accordion-2462690304-label\" class=\"accordion-title plain\" href=\"#accordion-item-\u015e\u0130frem\u0130-unuttum,-ne-yapmaliyim\" aria-expanded=\"false\" aria-controls=\"accordion-2462690304-content\">\n\t\t\t<button class=\"toggle\" aria-label=\"A\u00e7\/Kapat\"><i class=\"icon-angle-down\" aria-hidden=\"true\"><\/i><\/button>\n\t\t\t<span>\u015e\u0130FREM\u0130 UNUTTUM, NE YAPMALIYIM<\/span>\n\t\t<\/a>\n\t\t<div id=\"accordion-2462690304-content\" class=\"accordion-inner\" aria-labelledby=\"accordion-2462690304-label\">\n\t\t\t\n<p>Sitemize \u00fcye olurken kulland\u0131\u011f\u0131n\u0131z \u015fifreyi unuttuysan\u0131z &#8220;\u00dcye Giri\u015fi&#8221; b\u00f6l\u00fcm\u00fcnden &#8220;\u015eifremi Unuttum&#8221; alan\u0131na t\u0131klad\u0131\u011f\u0131n\u0131zda \u00fcyelik e-posta adresinizi girebilece\u011finiz alan a\u00e7\u0131l\u0131r, e-posta adresini girip &#8220;G\u00f6nder&#8221; butonuna t\u0131klad\u0131\u011f\u0131n\u0131zda \u015fifre linki e-posta adresinize g\u00f6nderilir. Gelen linke t\u0131klad\u0131\u011f\u0131n\u0131zda a\u00e7\u0131lan sayfada yeni \u015fifreni belirleyerek hesab\u0131n\u0131za giri\u015f yapabilirsiniz.<\/p>\n\t\t<\/div>\n\t<\/div>\n\t\n<\/div>\n\t\t<\/div>\n\t\t\t\t\t<\/div>\n\n\t\n\n\t<div id=\"col-1243473710\" class=\"col medium-4 small-12 large-4\"  >\n\t\t<div class=\"is-sticky-column\"><div class=\"is-sticky-column__inner\">\t\t<div class=\"col-inner box-shadow-1\"  >\n\t\t\t\n\t\t\t\n\t<div class=\"ux-menu stack stack-col justify-start ux-menu--divider-solid\">\n\t\t\n\t<div class=\"ux-menu-link flex menu-item\">\n\t\t<a class=\"ux-menu-link__link flex\" href=\"https:\/\/paybuy.com.tr\/hakkimizda-\" >\n\t\t\t\t\t\t<span class=\"ux-menu-link__text\">\n\t\t\t\tHakk\u0131m\u0131zda\t\t\t<\/span>\n\t\t<\/a>\n\t<\/div>\n\t\n\t<div class=\"ux-menu-link flex menu-item\">\n\t\t<a class=\"ux-menu-link__link flex\" href=\"https:\/\/paybuy.com.tr\/sikca-sorulan-sorular\/\" >\n\t\t\t\t\t\t<span class=\"ux-menu-link__text\">\n\t\t\t\tS\u0131k\u00e7a Sorulan Sorular\t\t\t<\/span>\n\t\t<\/a>\n\t<\/div>\n\t\n\t<div class=\"ux-menu-link flex menu-item\">\n\t\t<a class=\"ux-menu-link__link flex\" href=\"https:\/\/paybuy.com.tr\/kargo-teslimat\/\" >\n\t\t\t\t\t\t<span class=\"ux-menu-link__text\">\n\t\t\t\tKargo &amp; Teslimat\t\t\t<\/span>\n\t\t<\/a>\n\t<\/div>\n\t\n\t<div class=\"ux-menu-link flex menu-item\">\n\t\t<a class=\"ux-menu-link__link flex\" href=\"https:\/\/paybuy.com.tr\/mesafeli-satis-sozlesmesi\/\" >\n\t\t\t\t\t\t<span class=\"ux-menu-link__text\">\n\t\t\t\tMesafeli Sat\u0131\u015f S\u00f6zle\u015fmesi\t\t\t<\/span>\n\t\t<\/a>\n\t<\/div>\n\t\n\t<div class=\"ux-menu-link flex menu-item\">\n\t\t<a class=\"ux-menu-link__link flex\" href=\"https:\/\/paybuy.com.tr\/gizlilik-politikasi\/\" >\n\t\t\t\t\t\t<span class=\"ux-menu-link__text\">\n\t\t\t\tGizlilik Politikas\u0131\t\t\t<\/span>\n\t\t<\/a>\n\t<\/div>\n\t\n\t<div class=\"ux-menu-link flex menu-item\">\n\t\t<a class=\"ux-menu-link__link flex\" href=\"https:\/\/paybuy.com.tr\/kullanim-kosullari\/\" >\n\t\t\t\t\t\t<span class=\"ux-menu-link__text\">\n\t\t\t\tKullan\u0131m Ko\u015fullar\u0131\t\t\t<\/span>\n\t\t<\/a>\n\t<\/div>\n\t\n\t<div class=\"ux-menu-link flex menu-item\">\n\t\t<a class=\"ux-menu-link__link flex\" href=\"https:\/\/paybuy.com.tr\/iptal-iade-degisim\/\" >\n\t\t\t\t\t\t<span class=\"ux-menu-link__text\">\n\t\t\t\t\u0130ptal &amp; \u0130ade &amp; De\u011fi\u015fim\t\t\t<\/span>\n\t\t<\/a>\n\t<\/div>\n\t\n\t<div class=\"ux-menu-link flex menu-item\">\n\t\t<a class=\"ux-menu-link__link flex\" href=\"https:\/\/paybuy.com.tr\/blog\" >\n\t\t\t\t\t\t<span class=\"ux-menu-link__text\">\n\t\t\t\tBlog\t\t\t<\/span>\n\t\t<\/a>\n\t<\/div>\n\t\n\t<div class=\"ux-menu-link flex menu-item\">\n\t\t<a class=\"ux-menu-link__link flex\" href=\"https:\/\/paybuy.com.tr\/?page_id=79311\" >\n\t\t\t\t\t\t<span class=\"ux-menu-link__text\">\n\t\t\t\t\u0130leti\u015fim\t\t\t<\/span>\n\t\t<\/a>\n\t<\/div>\n\t\n\t<\/div>\n\t\n\t\t<\/div>\n\t\t<\/div><\/div>\t\t\n<style>\n#col-1243473710 > .is-sticky-column > .is-sticky-column__inner > .col-inner {\n  padding: 10px 10px 10px 10px;\n}\n<\/style>\n\t<\/div>\n\n\t\n<\/div>\n","protected":false},"excerpt":{"rendered":"","protected":false},"author":4,"featured_media":0,"parent":0,"menu_order":0,"comment_status":"closed","ping_status":"closed","template":"","meta":{"footnotes":""},"class_list":["post-79357","page","type-page","status-publish","hentry"],"_links":{"self":[{"href":"https:\/\/paybuy.com.tr\/index.php?rest_route=\/wp\/v2\/pages\/79357","targetHints":{"allow":["GET"]}}],"collection":[{"href":"https:\/\/paybuy.com.tr\/index.php?rest_route=\/wp\/v2\/pages"}],"about":[{"href":"https:\/\/paybuy.com.tr\/index.php?rest_route=\/wp\/v2\/types\/page"}],"author":[{"embeddable":true,"href":"https:\/\/paybuy.com.tr\/index.php?rest_route=\/wp\/v2\/users\/4"}],"replies":[{"embeddable":true,"href":"https:\/\/paybuy.com.tr\/index.php?rest_route=%2Fwp%2Fv2%2Fcomments&post=79357"}],"version-history":[{"count":2,"href":"https:\/\/paybuy.com.tr\/index.php?rest_route=\/wp\/v2\/pages\/79357\/revisions"}],"predecessor-version":[{"id":79378,"href":"https:\/\/paybuy.com.tr\/index.php?rest_route=\/wp\/v2\/pages\/79357\/revisions\/79378"}],"wp:attachment":[{"href":"https:\/\/paybuy.com.tr\/index.php?rest_route=%2Fwp%2Fv2%2Fmedia&parent=79357"}],"curies":[{"name":"wp","href":"https:\/\/api.w.org\/{rel}","templated":true}]}}